{"id":198216,"date":"2025-03-22T16:05:23","date_gmt":"2025-03-22T16:05:23","guid":{"rendered":"https:\/\/aromasentia.com\/product\/inner-cushion-30x50-cm-300gm\/"},"modified":"2025-06-22T03:09:40","modified_gmt":"2025-06-22T03:09:40","slug":"inderpude-30x50-cm-300gm","status":"publish","type":"product","link":"https:\/\/aromasentia.com\/da\/inderpude-30x50-cm-300gm\/","title":{"rendered":"Inderpude 30X50 cm 300gm"},"content":{"rendered":"<p><span style=\"color: rgb(75, 80, 88);\"><strong>Genbrugspuder uden betr\u00e6k<\/strong> er et b\u00e6redygtigt valg til komfort og en samvittighedsfuld livsstil. Disse puder er fyldt med <strong>100% PET-fibre udvundet af genbrugsplastikflasker<\/strong> og bidrager ikke kun til milj\u00f8beskyttelse, men giver ogs\u00e5 et luksuri\u00f8st og holdbart alternativ til traditionelle polyesterindl\u00e6g.<\/span><\/p>\n<p><span style=\"color: rgb(75, 80, 88);\">Den unikke sammens\u00e6tning af disse puder sikrer et f\u00f8rsteklasses udseende og f\u00f8lelse, der kan sammenlignes med polyesterindl\u00e6g af h\u00f8j kvalitet, samtidig med at de overg\u00e5r i holdbarhed.<strong>&nbsp;V\u00e6lg en gr\u00f8nnere l\u00f8sning uden at g\u00e5 p\u00e5 kompromis med komforten \u2013 vores genbrugspuder uden betr\u00e6k er et bevis p\u00e5 b\u00e5de luksus og b\u00e6redygtighed.<\/strong><\/span><\/p>\n","protected":false},"excerpt":{"rendered":"<p>Genbrugspuder uden betr\u00e6k er et b\u00e6redygtigt valg til komfort og en samvittighedsfuld livsstil. Disse puder er fyldt med 100% PET-fibre udvundet af genbrugsplastikflasker og bidrager ikke kun til milj\u00f8beskyttelse, men giver ogs\u00e5 et luksuri\u00f8st og holdbart alternativ til traditionelle polyesterindl\u00e6g. Den unikke sammens\u00e6tning af disse puder sikrer et f\u00f8rsteklasses udseende og f\u00f8lelse, der kan sammenlignes [&hellip;]<\/p>\n","protected":false},"featured_media":369136,"comment_status":"closed","ping_status":"open","template":"","meta":{"_angie_page":false},"product_brand":[],"product_cat":[5591,6355,6350],"product_tag":[],"class_list":{"0":"post-198216","1":"product","2":"type-product","3":"status-publish","4":"has-post-thumbnail","6":"product_cat-hjem-og-have","7":"product_cat-pudebetraek","8":"product_cat-tekstiler","9":"pa_collection-inners-for-cushions-da","10":"pa_made-in-kina","12":"first","13":"instock","14":"purchasable","15":"product-type-simple"},"supplier_id":null,"supplier_sku":"Inner-06DS","barcode":null,"atum_controlled":true,"out_stock_date":null,"out_stock_threshold":null,"inheritable":false,"inbound_stock":null,"stock_on_hold":0,"sold_today":0,"sales_last_days":0,"reserved_stock":null,"customer_returns":null,"warehouse_damage":null,"lost_in_post":null,"other_logs":null,"out_stock_days":0,"lost_sales":0,"has_location":null,"update_date":"2026-05-08T05:10:51","atum_locations":[],"atum_stock_status":"instock","restock_status":false,"low_stock_amount":"","sales_update_date":"2025-09-05T00:28:58","calc_backorders":null,"_links":{"self":[{"href":"https:\/\/aromasentia.com\/da\/wp-json\/wp\/v2\/product\/198216","targetHints":{"allow":["GET"]}}],"collection":[{"href":"https:\/\/aromasentia.com\/da\/wp-json\/wp\/v2\/product"}],"about":[{"href":"https:\/\/aromasentia.com\/da\/wp-json\/wp\/v2\/types\/product"}],"replies":[{"embeddable":true,"href":"https:\/\/aromasentia.com\/da\/wp-json\/wp\/v2\/comments?post=198216"}],"version-history":[{"count":0,"href":"https:\/\/aromasentia.com\/da\/wp-json\/wp\/v2\/product\/198216\/revisions"}],"wp:featuredmedia":[{"embeddable":true,"href":"https:\/\/aromasentia.com\/da\/wp-json\/wp\/v2\/media\/369136"}],"wp:attachment":[{"href":"https:\/\/aromasentia.com\/da\/wp-json\/wp\/v2\/media?parent=198216"}],"wp:term":[{"taxonomy":"product_brand","embeddable":true,"href":"https:\/\/aromasentia.com\/da\/wp-json\/wp\/v2\/product_brand?post=198216"},{"taxonomy":"product_cat","embeddable":true,"href":"https:\/\/aromasentia.com\/da\/wp-json\/wp\/v2\/product_cat?post=198216"},{"taxonomy":"product_tag","embeddable":true,"href":"https:\/\/aromasentia.com\/da\/wp-json\/wp\/v2\/product_tag?post=198216"}],"curies":[{"name":"wp","href":"https:\/\/api.w.org\/{rel}","templated":true}]}}