{"id":198214,"date":"2025-03-22T16:05:23","date_gmt":"2025-03-22T16:05:23","guid":{"rendered":"https:\/\/aromasentia.com\/product\/inner-cushion-75x50-cm-650gm\/"},"modified":"2025-06-22T03:09:40","modified_gmt":"2025-06-22T03:09:40","slug":"inderpude-75x50-cm-650gm","status":"publish","type":"product","link":"https:\/\/aromasentia.com\/da\/inderpude-75x50-cm-650gm\/","title":{"rendered":"Inderpude 75X50 cm 650gm"},"content":{"rendered":"<p>Tilf\u00f8j behagelig st\u00f8tte til dine rektangul\u00e6re puder med denne inderpude p\u00e5 75&#215;50 cm, der vejer 650 g. Denne velfyldte inderpude er designet til at passe perfekt til 75&#215;50 cm pudebetr\u00e6k og giver 650 gram st\u00f8ttende fyld for optimal komfort og form. Den sikrer, at dine dekorative l\u00e6ndepuder eller bolsterpuder ser fyldige og indbydende ud, og forbedrer b\u00e5de \u00e6stetikken og hyggen i dine siddearrangementer eller sengestyling med sin elastiske og bl\u00f8de st\u00f8tte.<\/p>\n","protected":false},"excerpt":{"rendered":"<p>Tilf\u00f8j behagelig st\u00f8tte til dine rektangul\u00e6re puder med denne inderpude p\u00e5 75&#215;50 cm, der vejer 650 g. Denne velfyldte inderpude er designet til at passe perfekt til 75&#215;50 cm pudebetr\u00e6k og giver 650 gram st\u00f8ttende fyld for optimal komfort og form. Den sikrer, at dine dekorative l\u00e6ndepuder eller bolsterpuder ser fyldige og indbydende ud, og [&hellip;]<\/p>\n","protected":false},"featured_media":369110,"comment_status":"closed","ping_status":"open","template":"","meta":[],"product_brand":[],"product_cat":[5591,6355,6350],"product_tag":[],"class_list":{"0":"post-198214","1":"product","2":"type-product","3":"status-publish","4":"has-post-thumbnail","6":"product_cat-hjem-og-have","7":"product_cat-pudebetraek","8":"product_cat-tekstiler","9":"pa_collection-inners-for-cushions-da","10":"pa_made-in-kina","12":"first","13":"instock","14":"purchasable","15":"product-type-simple"},"supplier_id":null,"supplier_sku":"Inner-05DS","barcode":null,"atum_controlled":true,"out_stock_date":null,"out_stock_threshold":null,"inheritable":false,"inbound_stock":null,"stock_on_hold":0,"sold_today":0,"sales_last_days":0,"reserved_stock":null,"customer_returns":null,"warehouse_damage":null,"lost_in_post":null,"other_logs":null,"out_stock_days":0,"lost_sales":0,"has_location":null,"update_date":"2026-01-30T01:25:37","atum_locations":[],"atum_stock_status":"instock","restock_status":false,"low_stock_amount":"","sales_update_date":"2026-01-30T01:25:37","calc_backorders":null,"_links":{"self":[{"href":"https:\/\/aromasentia.com\/da\/wp-json\/wp\/v2\/product\/198214","targetHints":{"allow":["GET"]}}],"collection":[{"href":"https:\/\/aromasentia.com\/da\/wp-json\/wp\/v2\/product"}],"about":[{"href":"https:\/\/aromasentia.com\/da\/wp-json\/wp\/v2\/types\/product"}],"replies":[{"embeddable":true,"href":"https:\/\/aromasentia.com\/da\/wp-json\/wp\/v2\/comments?post=198214"}],"version-history":[{"count":0,"href":"https:\/\/aromasentia.com\/da\/wp-json\/wp\/v2\/product\/198214\/revisions"}],"wp:featuredmedia":[{"embeddable":true,"href":"https:\/\/aromasentia.com\/da\/wp-json\/wp\/v2\/media\/369110"}],"wp:attachment":[{"href":"https:\/\/aromasentia.com\/da\/wp-json\/wp\/v2\/media?parent=198214"}],"wp:term":[{"taxonomy":"product_brand","embeddable":true,"href":"https:\/\/aromasentia.com\/da\/wp-json\/wp\/v2\/product_brand?post=198214"},{"taxonomy":"product_cat","embeddable":true,"href":"https:\/\/aromasentia.com\/da\/wp-json\/wp\/v2\/product_cat?post=198214"},{"taxonomy":"product_tag","embeddable":true,"href":"https:\/\/aromasentia.com\/da\/wp-json\/wp\/v2\/product_tag?post=198214"}],"curies":[{"name":"wp","href":"https:\/\/api.w.org\/{rel}","templated":true}]}}