{"id":198213,"date":"2025-03-22T16:05:23","date_gmt":"2025-03-22T16:05:23","guid":{"rendered":"https:\/\/aromasentia.com\/product\/inner-cushion-60x60-cm-700gm\/"},"modified":"2025-06-22T03:09:39","modified_gmt":"2025-06-22T03:09:39","slug":"inderpude-60x60-cm-700gm","status":"publish","type":"product","link":"https:\/\/aromasentia.com\/da\/inderpude-60x60-cm-700gm\/","title":{"rendered":"Inderpude 60X60 cm 700gm"},"content":{"rendered":"<p>S\u00f8rg for bl\u00f8d komfort til dine st\u00f8rre puder med denne inderpude 60&#215;60 cm, der vejer 700 g. Denne inderpude af h\u00f8j kvalitet har et gener\u00f8st fyld p\u00e5 700 g, som giver fremragende fylde og st\u00f8tte til dine 60&#215;60 cm dekorative pudebetr\u00e6k. Det er med til at skabe et fyldigt, luksuri\u00f8st udseende og fornemmelse og sikrer, at dine puder ikke kun er stilfulde, men ogs\u00e5 vidunderligt behagelige at slappe af i. Et perfekt indl\u00e6g til at opn\u00e5 den perfekte fylde og indbydende bl\u00f8dhed.<\/p>\n","protected":false},"excerpt":{"rendered":"<p>S\u00f8rg for bl\u00f8d komfort til dine st\u00f8rre puder med denne inderpude 60&#215;60 cm, der vejer 700 g. Denne inderpude af h\u00f8j kvalitet har et gener\u00f8st fyld p\u00e5 700 g, som giver fremragende fylde og st\u00f8tte til dine 60&#215;60 cm dekorative pudebetr\u00e6k. Det er med til at skabe et fyldigt, luksuri\u00f8st udseende og fornemmelse og sikrer, [&hellip;]<\/p>\n","protected":false},"featured_media":369101,"comment_status":"closed","ping_status":"open","template":"","meta":{"_angie_page":false},"product_brand":[],"product_cat":[5591,6355,6350],"product_tag":[],"class_list":{"0":"post-198213","1":"product","2":"type-product","3":"status-publish","4":"has-post-thumbnail","6":"product_cat-hjem-og-have","7":"product_cat-pudebetraek","8":"product_cat-tekstiler","9":"pa_collection-inners-for-cushions-da","10":"pa_made-in-kina","12":"first","13":"instock","14":"purchasable","15":"product-type-simple"},"supplier_id":null,"supplier_sku":"Inner-04DS","barcode":null,"atum_controlled":true,"out_stock_date":null,"out_stock_threshold":null,"inheritable":false,"inbound_stock":null,"stock_on_hold":0,"sold_today":0,"sales_last_days":0,"reserved_stock":null,"customer_returns":null,"warehouse_damage":null,"lost_in_post":null,"other_logs":null,"out_stock_days":0,"lost_sales":0,"has_location":null,"update_date":"2026-04-27T07:09:00","atum_locations":[],"atum_stock_status":"instock","restock_status":false,"low_stock_amount":"","sales_update_date":"2026-01-30T01:25:02","calc_backorders":null,"_links":{"self":[{"href":"https:\/\/aromasentia.com\/da\/wp-json\/wp\/v2\/product\/198213","targetHints":{"allow":["GET"]}}],"collection":[{"href":"https:\/\/aromasentia.com\/da\/wp-json\/wp\/v2\/product"}],"about":[{"href":"https:\/\/aromasentia.com\/da\/wp-json\/wp\/v2\/types\/product"}],"replies":[{"embeddable":true,"href":"https:\/\/aromasentia.com\/da\/wp-json\/wp\/v2\/comments?post=198213"}],"version-history":[{"count":0,"href":"https:\/\/aromasentia.com\/da\/wp-json\/wp\/v2\/product\/198213\/revisions"}],"wp:featuredmedia":[{"embeddable":true,"href":"https:\/\/aromasentia.com\/da\/wp-json\/wp\/v2\/media\/369101"}],"wp:attachment":[{"href":"https:\/\/aromasentia.com\/da\/wp-json\/wp\/v2\/media?parent=198213"}],"wp:term":[{"taxonomy":"product_brand","embeddable":true,"href":"https:\/\/aromasentia.com\/da\/wp-json\/wp\/v2\/product_brand?post=198213"},{"taxonomy":"product_cat","embeddable":true,"href":"https:\/\/aromasentia.com\/da\/wp-json\/wp\/v2\/product_cat?post=198213"},{"taxonomy":"product_tag","embeddable":true,"href":"https:\/\/aromasentia.com\/da\/wp-json\/wp\/v2\/product_tag?post=198213"}],"curies":[{"name":"wp","href":"https:\/\/api.w.org\/{rel}","templated":true}]}}