{"id":198211,"date":"2025-03-22T16:05:23","date_gmt":"2025-03-22T16:05:23","guid":{"rendered":"https:\/\/aromasentia.com\/product\/indian-chimes-elephant-lrg-mirror-4-bells-24x60cm\/"},"modified":"2025-06-22T03:09:39","modified_gmt":"2025-06-22T03:09:39","slug":"indisk-vindspil-elephant-stor-mirror-4-bells-24x60cm","status":"publish","type":"product","link":"https:\/\/aromasentia.com\/da\/indisk-vindspil-elephant-stor-mirror-4-bells-24x60cm\/","title":{"rendered":"Indisk Vindspil &#8211; Elephant Stor mirror 4 Bells &#8211; 24X60cm"},"content":{"rendered":"<p>Denne klokke har et smukt udformet elefantdesign, et \u00e6ret symbol p\u00e5 visdom, styrke og lykke. I hjertet af designet er et dekorativt stort spejl, der reflekterer lys og tilf\u00f8jer et dynamisk visuelt element. Fire h\u00e6ngende messingklokker, prydet med levende perler, giver en bl\u00f8d, melodisk lyd, perfekt til at skabe en beroligende og fredelig atmosf\u00e6re.<\/p>\n","protected":false},"excerpt":{"rendered":"<p>Denne klokke har et smukt udformet elefantdesign, et \u00e6ret symbol p\u00e5 visdom, styrke og lykke. I hjertet af designet er et dekorativt stort spejl, der reflekterer lys og tilf\u00f8jer et dynamisk visuelt element. Fire h\u00e6ngende messingklokker, prydet med levende perler, giver en bl\u00f8d, melodisk lyd, perfekt til at skabe en beroligende og fredelig atmosf\u00e6re.<\/p>\n","protected":false},"featured_media":369083,"comment_status":"closed","ping_status":"open","template":"","meta":[],"product_brand":[],"product_cat":[5591,6397],"product_tag":[],"class_list":{"0":"post-198211","1":"product","2":"type-product","3":"status-publish","4":"has-post-thumbnail","6":"product_cat-hjem-og-have","7":"product_cat-vindspil","8":"pa_collection-indian-chimes-da","9":"pa_made-in-indien","11":"first","12":"instock","13":"purchasable","14":"product-type-simple"},"supplier_id":null,"supplier_sku":"INDBC-22","barcode":null,"atum_controlled":true,"out_stock_date":null,"out_stock_threshold":null,"inheritable":false,"inbound_stock":null,"stock_on_hold":0,"sold_today":0,"sales_last_days":0,"reserved_stock":null,"customer_returns":null,"warehouse_damage":null,"lost_in_post":null,"other_logs":null,"out_stock_days":0,"lost_sales":0,"has_location":null,"update_date":"2026-02-05T22:39:51","atum_locations":[],"atum_stock_status":"instock","restock_status":false,"low_stock_amount":"","sales_update_date":"2026-01-30T01:24:38","calc_backorders":null,"_links":{"self":[{"href":"https:\/\/aromasentia.com\/da\/wp-json\/wp\/v2\/product\/198211","targetHints":{"allow":["GET"]}}],"collection":[{"href":"https:\/\/aromasentia.com\/da\/wp-json\/wp\/v2\/product"}],"about":[{"href":"https:\/\/aromasentia.com\/da\/wp-json\/wp\/v2\/types\/product"}],"replies":[{"embeddable":true,"href":"https:\/\/aromasentia.com\/da\/wp-json\/wp\/v2\/comments?post=198211"}],"version-history":[{"count":0,"href":"https:\/\/aromasentia.com\/da\/wp-json\/wp\/v2\/product\/198211\/revisions"}],"wp:featuredmedia":[{"embeddable":true,"href":"https:\/\/aromasentia.com\/da\/wp-json\/wp\/v2\/media\/369083"}],"wp:attachment":[{"href":"https:\/\/aromasentia.com\/da\/wp-json\/wp\/v2\/media?parent=198211"}],"wp:term":[{"taxonomy":"product_brand","embeddable":true,"href":"https:\/\/aromasentia.com\/da\/wp-json\/wp\/v2\/product_brand?post=198211"},{"taxonomy":"product_cat","embeddable":true,"href":"https:\/\/aromasentia.com\/da\/wp-json\/wp\/v2\/product_cat?post=198211"},{"taxonomy":"product_tag","embeddable":true,"href":"https:\/\/aromasentia.com\/da\/wp-json\/wp\/v2\/product_tag?post=198211"}],"curies":[{"name":"wp","href":"https:\/\/api.w.org\/{rel}","templated":true}]}}