{"id":198202,"date":"2025-03-22T16:05:23","date_gmt":"2025-03-22T16:05:23","guid":{"rendered":"https:\/\/aromasentia.com\/product\/indian-chimes-brass-tree-of-life-with-chakra-beads-3-bells-6-5x31cm\/"},"modified":"2025-06-22T03:09:35","modified_gmt":"2025-06-22T03:09:35","slug":"indisk-vindspil-livets-trae-i-messing-med-chakraperler-3-klokker-65x31-cm","status":"publish","type":"product","link":"https:\/\/aromasentia.com\/da\/indisk-vindspil-livets-trae-i-messing-med-chakraperler-3-klokker-65x31-cm\/","title":{"rendered":"Indisk Vindspil &#8211; Livets Tr\u00e6 I Messing med Chakraperler &#8211; 3 Klokker &#8211; 6,5X31 cm"},"content":{"rendered":"<p>Med et smukt detaljeret Livets Tr\u00e6-motiv suppleres dette m\u00f8bel af livlige chakraperler og tre beroligende messingklokker. Det er en alsidig indretningsgenstand, ideel til meditationsrum, haver eller ethvert hjemmemilj\u00f8, der s\u00f8ger et strejf af ro.<\/p>\n<p>Tilf\u00f8jelsen af chakraperler, der repr\u00e6senterer de syv energicentre, tilf\u00f8jer dybde til denne klokkes appel.<\/p>\n","protected":false},"excerpt":{"rendered":"<p>Med et smukt detaljeret Livets Tr\u00e6-motiv suppleres dette m\u00f8bel af livlige chakraperler og tre beroligende messingklokker. Det er en alsidig indretningsgenstand, ideel til meditationsrum, haver eller ethvert hjemmemilj\u00f8, der s\u00f8ger et strejf af ro. Tilf\u00f8jelsen af chakraperler, der repr\u00e6senterer de syv energicentre, tilf\u00f8jer dybde til denne klokkes appel.<\/p>\n","protected":false},"featured_media":369002,"comment_status":"closed","ping_status":"open","template":"","meta":[],"product_brand":[],"product_cat":[5591,6397],"product_tag":[],"class_list":{"0":"post-198202","1":"product","2":"type-product","3":"status-publish","4":"has-post-thumbnail","6":"product_cat-hjem-og-have","7":"product_cat-vindspil","8":"pa_collection-indian-chimes-da","9":"pa_made-in-indien","11":"first","12":"instock","13":"purchasable","14":"product-type-simple"},"supplier_id":null,"supplier_sku":"INDBC-12","barcode":null,"atum_controlled":true,"out_stock_date":null,"out_stock_threshold":null,"inheritable":false,"inbound_stock":null,"stock_on_hold":0,"sold_today":0,"sales_last_days":0,"reserved_stock":null,"customer_returns":null,"warehouse_damage":null,"lost_in_post":null,"other_logs":null,"out_stock_days":0,"lost_sales":0,"has_location":null,"update_date":"2026-02-11T07:25:57","atum_locations":[],"atum_stock_status":"instock","restock_status":false,"low_stock_amount":"","sales_update_date":"2026-01-30T01:24:50","calc_backorders":null,"_links":{"self":[{"href":"https:\/\/aromasentia.com\/da\/wp-json\/wp\/v2\/product\/198202","targetHints":{"allow":["GET"]}}],"collection":[{"href":"https:\/\/aromasentia.com\/da\/wp-json\/wp\/v2\/product"}],"about":[{"href":"https:\/\/aromasentia.com\/da\/wp-json\/wp\/v2\/types\/product"}],"replies":[{"embeddable":true,"href":"https:\/\/aromasentia.com\/da\/wp-json\/wp\/v2\/comments?post=198202"}],"version-history":[{"count":0,"href":"https:\/\/aromasentia.com\/da\/wp-json\/wp\/v2\/product\/198202\/revisions"}],"wp:featuredmedia":[{"embeddable":true,"href":"https:\/\/aromasentia.com\/da\/wp-json\/wp\/v2\/media\/369002"}],"wp:attachment":[{"href":"https:\/\/aromasentia.com\/da\/wp-json\/wp\/v2\/media?parent=198202"}],"wp:term":[{"taxonomy":"product_brand","embeddable":true,"href":"https:\/\/aromasentia.com\/da\/wp-json\/wp\/v2\/product_brand?post=198202"},{"taxonomy":"product_cat","embeddable":true,"href":"https:\/\/aromasentia.com\/da\/wp-json\/wp\/v2\/product_cat?post=198202"},{"taxonomy":"product_tag","embeddable":true,"href":"https:\/\/aromasentia.com\/da\/wp-json\/wp\/v2\/product_tag?post=198202"}],"curies":[{"name":"wp","href":"https:\/\/api.w.org\/{rel}","templated":true}]}}