{"id":198196,"date":"2025-03-22T16:05:23","date_gmt":"2025-03-22T16:05:23","guid":{"rendered":"https:\/\/aromasentia.com\/product\/indian-chimes-med-tree-of-life-chakra-beads-5-bells-10x36cm\/"},"modified":"2025-06-22T03:09:29","modified_gmt":"2025-06-22T03:09:29","slug":"indisk-vindspil-med-livets-trae-chakra-perler-5-klokker-10x36cm","status":"publish","type":"product","link":"https:\/\/aromasentia.com\/da\/indisk-vindspil-med-livets-trae-chakra-perler-5-klokker-10x36cm\/","title":{"rendered":"Indisk Vindspil &#8211; med Livets Tr\u00e6 &#8211; Chakra Perler 5 Klokker &#8211; 10X36cm"},"content":{"rendered":"<p>Denne klokke p\u00e5 36 cm er fremstillet i Indien og har et Livets Tr\u00e6-design indgraveret p\u00e5 en messingmedaljon. Klokken er udsmykket med chakraperler, der repr\u00e6senterer de syv energicentre, mens fem gyldne klokker dingler nedenunder og udsender blide, beroligende lyde med hver brise.<\/p>\n","protected":false},"excerpt":{"rendered":"<p>Denne klokke p\u00e5 36 cm er fremstillet i Indien og har et Livets Tr\u00e6-design indgraveret p\u00e5 en messingmedaljon. Klokken er udsmykket med chakraperler, der repr\u00e6senterer de syv energicentre, mens fem gyldne klokker dingler nedenunder og udsender blide, beroligende lyde med hver brise.<\/p>\n","protected":false},"featured_media":368916,"comment_status":"closed","ping_status":"open","template":"","meta":[],"product_brand":[],"product_cat":[5591,6397],"product_tag":[],"class_list":{"0":"post-198196","1":"product","2":"type-product","3":"status-publish","4":"has-post-thumbnail","6":"product_cat-hjem-og-have","7":"product_cat-vindspil","8":"pa_collection-indian-chimes-da","9":"pa_made-in-indien","11":"first","12":"instock","13":"purchasable","14":"product-type-simple"},"supplier_id":null,"supplier_sku":"INDBC-06","barcode":null,"atum_controlled":true,"out_stock_date":null,"out_stock_threshold":null,"inheritable":false,"inbound_stock":null,"stock_on_hold":0,"sold_today":0,"sales_last_days":0,"reserved_stock":null,"customer_returns":null,"warehouse_damage":null,"lost_in_post":null,"other_logs":null,"out_stock_days":0,"lost_sales":0,"has_location":null,"update_date":"2026-01-30T01:24:47","atum_locations":[],"atum_stock_status":"instock","restock_status":false,"low_stock_amount":"","sales_update_date":"2026-01-30T01:24:47","calc_backorders":null,"_links":{"self":[{"href":"https:\/\/aromasentia.com\/da\/wp-json\/wp\/v2\/product\/198196","targetHints":{"allow":["GET"]}}],"collection":[{"href":"https:\/\/aromasentia.com\/da\/wp-json\/wp\/v2\/product"}],"about":[{"href":"https:\/\/aromasentia.com\/da\/wp-json\/wp\/v2\/types\/product"}],"replies":[{"embeddable":true,"href":"https:\/\/aromasentia.com\/da\/wp-json\/wp\/v2\/comments?post=198196"}],"version-history":[{"count":0,"href":"https:\/\/aromasentia.com\/da\/wp-json\/wp\/v2\/product\/198196\/revisions"}],"wp:featuredmedia":[{"embeddable":true,"href":"https:\/\/aromasentia.com\/da\/wp-json\/wp\/v2\/media\/368916"}],"wp:attachment":[{"href":"https:\/\/aromasentia.com\/da\/wp-json\/wp\/v2\/media?parent=198196"}],"wp:term":[{"taxonomy":"product_brand","embeddable":true,"href":"https:\/\/aromasentia.com\/da\/wp-json\/wp\/v2\/product_brand?post=198196"},{"taxonomy":"product_cat","embeddable":true,"href":"https:\/\/aromasentia.com\/da\/wp-json\/wp\/v2\/product_cat?post=198196"},{"taxonomy":"product_tag","embeddable":true,"href":"https:\/\/aromasentia.com\/da\/wp-json\/wp\/v2\/product_tag?post=198196"}],"curies":[{"name":"wp","href":"https:\/\/api.w.org\/{rel}","templated":true}]}}