{"id":198195,"date":"2025-03-22T16:05:23","date_gmt":"2025-03-22T16:05:23","guid":{"rendered":"https:\/\/aromasentia.com\/product\/indian-chimes-brass-moon-phases-drop-with-bell-25cm\/"},"modified":"2025-06-22T03:09:29","modified_gmt":"2025-06-22T03:09:29","slug":"indisk-vindspil-messing-maanefasedraabe-med-klokke-25-cm","status":"publish","type":"product","link":"https:\/\/aromasentia.com\/da\/indisk-vindspil-messing-maanefasedraabe-med-klokke-25-cm\/","title":{"rendered":"Indisk Vindspil &#8211; Messing m\u00e5nefasedr\u00e5be med Klokke &#8211; 25 cm"},"content":{"rendered":"<p>En smukt udformet 25 cm klokke, der bringer m\u00e5nens mystik ind i ethvert rum. Denne elegante klokke er lavet af messing i Indien og har et kaskadedesign af m\u00e5nens faser, der symboliserer tidens gang og fornyelsescyklusser. En enkelt messingklokke i bunden bidrager til klokkens charme og producerer en blid, beroligende lyd med hver brise.<\/p>\n","protected":false},"excerpt":{"rendered":"<p>En smukt udformet 25 cm klokke, der bringer m\u00e5nens mystik ind i ethvert rum. Denne elegante klokke er lavet af messing i Indien og har et kaskadedesign af m\u00e5nens faser, der symboliserer tidens gang og fornyelsescyklusser. En enkelt messingklokke i bunden bidrager til klokkens charme og producerer en blid, beroligende lyd med hver brise.<\/p>\n","protected":false},"featured_media":368899,"comment_status":"closed","ping_status":"open","template":"","meta":{"_angie_page":false},"product_brand":[],"product_cat":[5591,6397],"product_tag":[],"class_list":{"0":"post-198195","1":"product","2":"type-product","3":"status-publish","4":"has-post-thumbnail","6":"product_cat-hjem-og-have","7":"product_cat-vindspil","8":"pa_collection-indian-chimes-da","9":"pa_made-in-indien","11":"first","12":"instock","13":"purchasable","14":"product-type-simple"},"supplier_id":null,"supplier_sku":"INDBC-05","barcode":null,"atum_controlled":true,"out_stock_date":null,"out_stock_threshold":null,"inheritable":false,"inbound_stock":null,"stock_on_hold":0,"sold_today":0,"sales_last_days":0,"reserved_stock":null,"customer_returns":null,"warehouse_damage":null,"lost_in_post":null,"other_logs":null,"out_stock_days":0,"lost_sales":0,"has_location":null,"update_date":"2026-04-27T07:08:53","atum_locations":[],"atum_stock_status":"instock","restock_status":false,"low_stock_amount":"","sales_update_date":"2025-09-05T00:28:51","calc_backorders":null,"_links":{"self":[{"href":"https:\/\/aromasentia.com\/da\/wp-json\/wp\/v2\/product\/198195","targetHints":{"allow":["GET"]}}],"collection":[{"href":"https:\/\/aromasentia.com\/da\/wp-json\/wp\/v2\/product"}],"about":[{"href":"https:\/\/aromasentia.com\/da\/wp-json\/wp\/v2\/types\/product"}],"replies":[{"embeddable":true,"href":"https:\/\/aromasentia.com\/da\/wp-json\/wp\/v2\/comments?post=198195"}],"version-history":[{"count":0,"href":"https:\/\/aromasentia.com\/da\/wp-json\/wp\/v2\/product\/198195\/revisions"}],"wp:featuredmedia":[{"embeddable":true,"href":"https:\/\/aromasentia.com\/da\/wp-json\/wp\/v2\/media\/368899"}],"wp:attachment":[{"href":"https:\/\/aromasentia.com\/da\/wp-json\/wp\/v2\/media?parent=198195"}],"wp:term":[{"taxonomy":"product_brand","embeddable":true,"href":"https:\/\/aromasentia.com\/da\/wp-json\/wp\/v2\/product_brand?post=198195"},{"taxonomy":"product_cat","embeddable":true,"href":"https:\/\/aromasentia.com\/da\/wp-json\/wp\/v2\/product_cat?post=198195"},{"taxonomy":"product_tag","embeddable":true,"href":"https:\/\/aromasentia.com\/da\/wp-json\/wp\/v2\/product_tag?post=198195"}],"curies":[{"name":"wp","href":"https:\/\/api.w.org\/{rel}","templated":true}]}}