{"id":198194,"date":"2025-03-22T16:05:23","date_gmt":"2025-03-22T16:05:23","guid":{"rendered":"https:\/\/aromasentia.com\/product\/indian-chimes-brass-moon-phases-chimes-43x40cm\/"},"modified":"2025-06-22T03:09:28","modified_gmt":"2025-06-22T03:09:28","slug":"indisk-vindspil-messing-maanefaser-chimes-43x40cm","status":"publish","type":"product","link":"https:\/\/aromasentia.com\/da\/indisk-vindspil-messing-maanefaser-chimes-43x40cm\/","title":{"rendered":"Indisk Vindspil &#8211; Messing m\u00e5nefaser Chimes &#8211; 43X40cm"},"content":{"rendered":"<p>Den er fremstillet i Indien og fremviser m\u00e5nens faser i smuk messing, hvilket g\u00f8r den til et i\u00f8jnefaldende m\u00f8bel til ethvert rum. Den m\u00e5ler 43&#215;40 cm og har indviklede designs af hver m\u00e5nefase, der symboliserer livets og fornyelsens cyklus. Tilf\u00f8jelsen af messingklokker forst\u00e6rker charmen og skaber bl\u00f8de, beroligende lyde, der flyder med vinden.<\/p>\n","protected":false},"excerpt":{"rendered":"<p>Den er fremstillet i Indien og fremviser m\u00e5nens faser i smuk messing, hvilket g\u00f8r den til et i\u00f8jnefaldende m\u00f8bel til ethvert rum. Den m\u00e5ler 43&#215;40 cm og har indviklede designs af hver m\u00e5nefase, der symboliserer livets og fornyelsens cyklus. Tilf\u00f8jelsen af messingklokker forst\u00e6rker charmen og skaber bl\u00f8de, beroligende lyde, der flyder med vinden.<\/p>\n","protected":false},"featured_media":368882,"comment_status":"closed","ping_status":"open","template":"","meta":{"_angie_page":false},"product_brand":[],"product_cat":[5591,6397],"product_tag":[],"class_list":{"0":"post-198194","1":"product","2":"type-product","3":"status-publish","4":"has-post-thumbnail","6":"product_cat-hjem-og-have","7":"product_cat-vindspil","8":"pa_collection-indian-chimes-da","9":"pa_made-in-indien","11":"first","12":"instock","13":"purchasable","14":"product-type-simple"},"supplier_id":null,"supplier_sku":"INDBC-04","barcode":null,"atum_controlled":true,"out_stock_date":null,"out_stock_threshold":null,"inheritable":false,"inbound_stock":null,"stock_on_hold":0,"sold_today":0,"sales_last_days":0,"reserved_stock":null,"customer_returns":null,"warehouse_damage":null,"lost_in_post":null,"other_logs":null,"out_stock_days":153,"lost_sales":0,"has_location":null,"update_date":"2026-04-27T07:08:53","atum_locations":[],"atum_stock_status":"instock","restock_status":false,"low_stock_amount":"","sales_update_date":"2026-02-06T00:01:11","calc_backorders":null,"_links":{"self":[{"href":"https:\/\/aromasentia.com\/da\/wp-json\/wp\/v2\/product\/198194","targetHints":{"allow":["GET"]}}],"collection":[{"href":"https:\/\/aromasentia.com\/da\/wp-json\/wp\/v2\/product"}],"about":[{"href":"https:\/\/aromasentia.com\/da\/wp-json\/wp\/v2\/types\/product"}],"replies":[{"embeddable":true,"href":"https:\/\/aromasentia.com\/da\/wp-json\/wp\/v2\/comments?post=198194"}],"version-history":[{"count":0,"href":"https:\/\/aromasentia.com\/da\/wp-json\/wp\/v2\/product\/198194\/revisions"}],"wp:featuredmedia":[{"embeddable":true,"href":"https:\/\/aromasentia.com\/da\/wp-json\/wp\/v2\/media\/368882"}],"wp:attachment":[{"href":"https:\/\/aromasentia.com\/da\/wp-json\/wp\/v2\/media?parent=198194"}],"wp:term":[{"taxonomy":"product_brand","embeddable":true,"href":"https:\/\/aromasentia.com\/da\/wp-json\/wp\/v2\/product_brand?post=198194"},{"taxonomy":"product_cat","embeddable":true,"href":"https:\/\/aromasentia.com\/da\/wp-json\/wp\/v2\/product_cat?post=198194"},{"taxonomy":"product_tag","embeddable":true,"href":"https:\/\/aromasentia.com\/da\/wp-json\/wp\/v2\/product_tag?post=198194"}],"curies":[{"name":"wp","href":"https:\/\/api.w.org\/{rel}","templated":true}]}}