{"id":198193,"date":"2025-03-22T16:05:23","date_gmt":"2025-03-22T16:05:23","guid":{"rendered":"https:\/\/aromasentia.com\/product\/indian-chimes-lrg-tree-of-life-bell-chimes-25cm\/"},"modified":"2025-06-22T03:09:28","modified_gmt":"2025-06-22T03:09:28","slug":"indisk-vindspil-stor-tree-of-life-bell-chimes-25cm","status":"publish","type":"product","link":"https:\/\/aromasentia.com\/da\/indisk-vindspil-stor-tree-of-life-bell-chimes-25cm\/","title":{"rendered":"Indisk Vindspil &#8211; Stor Tree Of Life Bell Chimes &#8211; 25cm"},"content":{"rendered":"<p>Denne 25 cm lange klokke er fremstillet i Indien af kvalitetsmessing og har et smukt detaljeret Livets Tr\u00e6-design, udsmykket med farverige perler. Hver gren af tr\u00e6et er en p\u00e5mindelse om v\u00e6kst, forbindelse og harmoni, mens klokkernes beroligende lyde bringer fred til ethvert rum.<\/p>\n","protected":false},"excerpt":{"rendered":"<p>Denne 25 cm lange klokke er fremstillet i Indien af kvalitetsmessing og har et smukt detaljeret Livets Tr\u00e6-design, udsmykket med farverige perler. Hver gren af tr\u00e6et er en p\u00e5mindelse om v\u00e6kst, forbindelse og harmoni, mens klokkernes beroligende lyde bringer fred til ethvert rum.<\/p>\n","protected":false},"featured_media":368857,"comment_status":"closed","ping_status":"open","template":"","meta":{"_angie_page":false},"product_brand":[],"product_cat":[5591,6397],"product_tag":[],"class_list":{"0":"post-198193","1":"product","2":"type-product","3":"status-publish","4":"has-post-thumbnail","6":"product_cat-hjem-og-have","7":"product_cat-vindspil","8":"pa_collection-indian-chimes-da","9":"pa_made-in-indien","11":"first","12":"instock","13":"purchasable","14":"product-type-simple"},"supplier_id":null,"supplier_sku":"INDBC-03","barcode":null,"atum_controlled":true,"out_stock_date":null,"out_stock_threshold":null,"inheritable":false,"inbound_stock":null,"stock_on_hold":0,"sold_today":0,"sales_last_days":0,"reserved_stock":null,"customer_returns":null,"warehouse_damage":null,"lost_in_post":null,"other_logs":null,"out_stock_days":0,"lost_sales":0,"has_location":null,"update_date":"2026-04-27T07:08:53","atum_locations":[],"atum_stock_status":"instock","restock_status":false,"low_stock_amount":"","sales_update_date":"2025-09-05T00:28:51","calc_backorders":null,"_links":{"self":[{"href":"https:\/\/aromasentia.com\/da\/wp-json\/wp\/v2\/product\/198193","targetHints":{"allow":["GET"]}}],"collection":[{"href":"https:\/\/aromasentia.com\/da\/wp-json\/wp\/v2\/product"}],"about":[{"href":"https:\/\/aromasentia.com\/da\/wp-json\/wp\/v2\/types\/product"}],"replies":[{"embeddable":true,"href":"https:\/\/aromasentia.com\/da\/wp-json\/wp\/v2\/comments?post=198193"}],"version-history":[{"count":0,"href":"https:\/\/aromasentia.com\/da\/wp-json\/wp\/v2\/product\/198193\/revisions"}],"wp:featuredmedia":[{"embeddable":true,"href":"https:\/\/aromasentia.com\/da\/wp-json\/wp\/v2\/media\/368857"}],"wp:attachment":[{"href":"https:\/\/aromasentia.com\/da\/wp-json\/wp\/v2\/media?parent=198193"}],"wp:term":[{"taxonomy":"product_brand","embeddable":true,"href":"https:\/\/aromasentia.com\/da\/wp-json\/wp\/v2\/product_brand?post=198193"},{"taxonomy":"product_cat","embeddable":true,"href":"https:\/\/aromasentia.com\/da\/wp-json\/wp\/v2\/product_cat?post=198193"},{"taxonomy":"product_tag","embeddable":true,"href":"https:\/\/aromasentia.com\/da\/wp-json\/wp\/v2\/product_tag?post=198193"}],"curies":[{"name":"wp","href":"https:\/\/api.w.org\/{rel}","templated":true}]}}