{"id":198192,"date":"2025-03-22T16:05:23","date_gmt":"2025-03-22T16:05:23","guid":{"rendered":"https:\/\/aromasentia.com\/product\/100-cotton-yoga-rug-60x200cm-7-chakras\/"},"modified":"2025-06-22T03:09:27","modified_gmt":"2025-06-22T03:09:27","slug":"yogataeppe-i-100-bomuld-60x200-cm-7-chakraer","status":"publish","type":"product","link":"https:\/\/aromasentia.com\/da\/yogataeppe-i-100-bomuld-60x200-cm-7-chakraer\/","title":{"rendered":"Yogat\u00e6ppe I 100 % Bomuld &#8211; 60X200 cm &#8211; 7 Chakraer"},"content":{"rendered":"<p><span style=\"color: rgb(75, 80, 88);\"><strong>Opdag vores yogat\u00e6ppe i 100% bomuld med chakra-design<\/strong><\/span><\/p>\n<p><span style=\"color: rgb(75, 80, 88);\">Velkommen til en uds\u00f8gt kollektion af yogat\u00e6pper i 100% bomuld, k\u00e6rligt h\u00e5ndlavede og serigrafisk trykte i det pulserende hjerte af Indien. Disse alsidige t\u00e6pper, der m\u00e5ler <strong>60&#215;200 cm<\/strong>, er ikke kun perfekte til din yogapraksis, men er ogs\u00e5 en fantastisk v\u00e6gdekoration. Lad os introducere dig til sk\u00f8nheden og funktionaliteten af vores yogat\u00e6pper.<\/span><\/p>\n<p><span style=\"color: rgb(75, 80, 88);\"><br \/><\/span><\/p>\n<p><span style=\"color: rgb(75, 80, 88);\"><strong>Yogat\u00e6ppets funktioner:<\/strong><\/span><\/p>\n<p><span style=\"color: rgb(75, 80, 88);\"><strong>Bomuld i f\u00f8rsteklasses kvalitet:<\/strong> Vores yogat\u00e6pper er fremstillet af 100% ren bomuld og er ikke kun milj\u00f8venlige, men ogs\u00e5 utroligt bl\u00f8de og behagelige. Dette naturlige materiale er ideelt til at absorbere sved og give en skridsikker overflade til din yogapraksis.<\/span><\/p>\n<p><span style=\"color: rgb(75, 80, 88);\"><strong>Chakra-design:<\/strong> Hvert t\u00e6ppe er udsmykket med et fascinerende chakra-design, omhyggeligt serigrafisk trykt af dygtige h\u00e5ndv\u00e6rkere. Chakrasymbolerne tilf\u00f8jer en spirituel dimension til din praksis, justerer dine energicentre og forbedrer din mindfulness.<\/span><\/p>\n<p><span style=\"color: rgb(75, 80, 88);\"><strong>H\u00e5ndlavet i Indien:<\/strong> Vi er stolte af den kunstneriske kunnen og det h\u00e5ndv\u00e6rk, der ligger bag skabelsen af hvert af vores yogat\u00e6pper. Dygtige h\u00e5ndv\u00e6rkere i Indien h\u00e5ndlaver disse t\u00e6pper med pr\u00e6cision og omhu, hvilket sikrer, at hvert stykke er unikt og af h\u00f8jeste kvalitet.<\/span><\/p>\n<p><span style=\"color: rgb(75, 80, 88);\"><strong>Alsidig st\u00f8rrelse:<\/strong> Vores yogat\u00e6pper m\u00e5ler 60&#215;200 cm og giver rigelig plads til din praksis. L\u00e6g dem ud i dit yogastudie, meditationsrum, eller brug dem endda som en hyggelig tilf\u00f8jelse til din boligindretning.<\/span><\/p>\n<p><span style=\"color: rgb(75, 80, 88);\"><strong>Multifunktionel brug:<\/strong> Ud over yoga fungerer disse t\u00e6pper som fantastiske v\u00e6gdekorationer. H\u00e6ng dem i dit hjem eller studie for at give dit rum den spirituelle energi fra chakrasymbolerne og Indiens livlige farver.<\/span><\/p>\n<p><span style=\"color: rgb(75, 80, 88);\"><strong>L\u00f8ft dit yogastudie, din butik eller din boligindretningskollektion op med 100% bomuldsyogat\u00e6pper med chakradesign.<\/strong> Omfavn sk\u00f8nheden, kvaliteten og den spirituelle betydning af disse unikke kreationer, h\u00e5ndlavede i Indien. Kontakt os i dag for at afgive din engrosbestilling og drage fordel af denne utrolige mulighed for at tilbyde dine kunder noget helt s\u00e6rligt.<\/span><\/p>\n<p><span style=\"color: rgb(141, 186, 216);\"><strong>Namaste<\/strong>.<\/span><\/p>\n","protected":false},"excerpt":{"rendered":"<p>Opdag vores yogat\u00e6ppe i 100% bomuld med chakra-design Velkommen til en uds\u00f8gt kollektion af yogat\u00e6pper i 100% bomuld, k\u00e6rligt h\u00e5ndlavede og serigrafisk trykte i det pulserende hjerte af Indien. Disse alsidige t\u00e6pper, der m\u00e5ler 60&#215;200 cm, er ikke kun perfekte til din yogapraksis, men er ogs\u00e5 en fantastisk v\u00e6gdekoration. Lad os introducere dig til sk\u00f8nheden [&hellip;]<\/p>\n","protected":false},"featured_media":368776,"comment_status":"closed","ping_status":"open","template":"","meta":{"_angie_page":false},"product_brand":[],"product_cat":[5591,6349,6350],"product_tag":[],"class_list":{"0":"post-198192","1":"product","2":"type-product","3":"status-publish","4":"has-post-thumbnail","6":"product_cat-hjem-og-have","7":"product_cat-taepper","8":"product_cat-tekstiler","9":"pa_collection-indian-cotton-rug-da","10":"pa_made-in-indien","12":"first","13":"outofstock","14":"purchasable","15":"product-type-simple"},"supplier_id":null,"supplier_sku":"ICR-07","barcode":null,"atum_controlled":true,"out_stock_date":"2025-09-05 00:13:52","out_stock_threshold":null,"inheritable":false,"inbound_stock":null,"stock_on_hold":0,"sold_today":0,"sales_last_days":0,"reserved_stock":null,"customer_returns":null,"warehouse_damage":null,"lost_in_post":null,"other_logs":null,"out_stock_days":0,"lost_sales":0,"has_location":null,"update_date":"2026-04-27T07:08:29","atum_locations":[],"atum_stock_status":"outofstock","restock_status":false,"low_stock_amount":"","sales_update_date":"2025-09-04T00:28:43","calc_backorders":null,"_links":{"self":[{"href":"https:\/\/aromasentia.com\/da\/wp-json\/wp\/v2\/product\/198192","targetHints":{"allow":["GET"]}}],"collection":[{"href":"https:\/\/aromasentia.com\/da\/wp-json\/wp\/v2\/product"}],"about":[{"href":"https:\/\/aromasentia.com\/da\/wp-json\/wp\/v2\/types\/product"}],"replies":[{"embeddable":true,"href":"https:\/\/aromasentia.com\/da\/wp-json\/wp\/v2\/comments?post=198192"}],"version-history":[{"count":0,"href":"https:\/\/aromasentia.com\/da\/wp-json\/wp\/v2\/product\/198192\/revisions"}],"wp:featuredmedia":[{"embeddable":true,"href":"https:\/\/aromasentia.com\/da\/wp-json\/wp\/v2\/media\/368776"}],"wp:attachment":[{"href":"https:\/\/aromasentia.com\/da\/wp-json\/wp\/v2\/media?parent=198192"}],"wp:term":[{"taxonomy":"product_brand","embeddable":true,"href":"https:\/\/aromasentia.com\/da\/wp-json\/wp\/v2\/product_brand?post=198192"},{"taxonomy":"product_cat","embeddable":true,"href":"https:\/\/aromasentia.com\/da\/wp-json\/wp\/v2\/product_cat?post=198192"},{"taxonomy":"product_tag","embeddable":true,"href":"https:\/\/aromasentia.com\/da\/wp-json\/wp\/v2\/product_tag?post=198192"}],"curies":[{"name":"wp","href":"https:\/\/api.w.org\/{rel}","templated":true}]}}