{"id":198191,"date":"2025-03-22T16:05:23","date_gmt":"2025-03-22T16:05:23","guid":{"rendered":"https:\/\/aromasentia.com\/product\/indian-cotton-rug-70x170cm-blue-green\/"},"modified":"2025-06-22T03:09:27","modified_gmt":"2025-06-22T03:09:27","slug":"indisk-bomuldstaeppe-70x170cm-blaa-groen","status":"publish","type":"product","link":"https:\/\/aromasentia.com\/da\/indisk-bomuldstaeppe-70x170cm-blaa-groen\/","title":{"rendered":"Indisk Bomuldst\u00e6ppe &#8211; 70X170cm &#8211; Bl\u00e5\/gr\u00f8n"},"content":{"rendered":"<p>Gr\u00f8nt indisk bomuldst\u00e6ppe i yogam\u00e5ttens st\u00f8rrelse er ideelt til haller, badev\u00e6relser, boligindretning eller yoga. Lavet af 100 % indisk bomuld af en familievirksomhed i Panipat. Denne lille by nord for Delhi er kendt for v\u00e6vere og ber\u00f8mt for sine h\u00e5ndlavede tekstiler.<\/p>\n<p>Den glade farve vil give liv til ethvert interi\u00f8r. Indiske bomuldst\u00e6pper er kendt for deres holdbarhed og bl\u00f8dhed. De er meget behagelige for f\u00f8dderne og vil give komfort til alle husstandens medlemmer.<\/p>\n<p>St\u00f8rrelse: 170x70cm<\/p>\n","protected":false},"excerpt":{"rendered":"<p>Gr\u00f8nt indisk bomuldst\u00e6ppe i yogam\u00e5ttens st\u00f8rrelse er ideelt til haller, badev\u00e6relser, boligindretning eller yoga. Lavet af 100 % indisk bomuld af en familievirksomhed i Panipat. Denne lille by nord for Delhi er kendt for v\u00e6vere og ber\u00f8mt for sine h\u00e5ndlavede tekstiler. Den glade farve vil give liv til ethvert interi\u00f8r. Indiske bomuldst\u00e6pper er kendt for [&hellip;]<\/p>\n","protected":false},"featured_media":368767,"comment_status":"closed","ping_status":"open","template":"","meta":{"_angie_page":false},"product_brand":[],"product_cat":[5591,6349,6350],"product_tag":[],"class_list":{"0":"post-198191","1":"product","2":"type-product","3":"status-publish","4":"has-post-thumbnail","6":"product_cat-hjem-og-have","7":"product_cat-taepper","8":"product_cat-tekstiler","9":"pa_collection-indian-cotton-rug-da","10":"pa_made-in-indien","12":"first","13":"instock","14":"purchasable","15":"product-type-simple"},"supplier_id":null,"supplier_sku":"ICR-06","barcode":null,"atum_controlled":true,"out_stock_date":null,"out_stock_threshold":null,"inheritable":false,"inbound_stock":null,"stock_on_hold":0,"sold_today":0,"sales_last_days":0,"reserved_stock":null,"customer_returns":null,"warehouse_damage":null,"lost_in_post":null,"other_logs":null,"out_stock_days":0,"lost_sales":0,"has_location":null,"update_date":"2026-04-27T07:08:29","atum_locations":[],"atum_stock_status":"instock","restock_status":false,"low_stock_amount":"","sales_update_date":"2026-01-30T01:26:09","calc_backorders":null,"_links":{"self":[{"href":"https:\/\/aromasentia.com\/da\/wp-json\/wp\/v2\/product\/198191","targetHints":{"allow":["GET"]}}],"collection":[{"href":"https:\/\/aromasentia.com\/da\/wp-json\/wp\/v2\/product"}],"about":[{"href":"https:\/\/aromasentia.com\/da\/wp-json\/wp\/v2\/types\/product"}],"replies":[{"embeddable":true,"href":"https:\/\/aromasentia.com\/da\/wp-json\/wp\/v2\/comments?post=198191"}],"version-history":[{"count":0,"href":"https:\/\/aromasentia.com\/da\/wp-json\/wp\/v2\/product\/198191\/revisions"}],"wp:featuredmedia":[{"embeddable":true,"href":"https:\/\/aromasentia.com\/da\/wp-json\/wp\/v2\/media\/368767"}],"wp:attachment":[{"href":"https:\/\/aromasentia.com\/da\/wp-json\/wp\/v2\/media?parent=198191"}],"wp:term":[{"taxonomy":"product_brand","embeddable":true,"href":"https:\/\/aromasentia.com\/da\/wp-json\/wp\/v2\/product_brand?post=198191"},{"taxonomy":"product_cat","embeddable":true,"href":"https:\/\/aromasentia.com\/da\/wp-json\/wp\/v2\/product_cat?post=198191"},{"taxonomy":"product_tag","embeddable":true,"href":"https:\/\/aromasentia.com\/da\/wp-json\/wp\/v2\/product_tag?post=198191"}],"curies":[{"name":"wp","href":"https:\/\/api.w.org\/{rel}","templated":true}]}}