{"id":198179,"date":"2025-03-22T16:05:23","date_gmt":"2025-03-22T16:05:23","guid":{"rendered":"https:\/\/aromasentia.com\/product\/albasia-wood-fish-stand-turquoise\/"},"modified":"2025-06-22T03:09:19","modified_gmt":"2025-06-22T03:09:19","slug":"albasia-fiskestativ-i-trae-turkis","status":"publish","type":"product","link":"https:\/\/aromasentia.com\/da\/albasia-fiskestativ-i-trae-turkis\/","title":{"rendered":"Albasia Fiskestativ I Tr\u00e6 &#8211; Turkis"},"content":{"rendered":"<p>Aroma Sentia &#8211; ping Albasia Tr\u00e6 Fiskestander &#8211; Turkis er lavet af \u00e6gte tr\u00e6 af 100% Albesia, omhyggeligt udvalgt for at give dig et helt unikt m\u00f8bel, der skiller sig ud, uanset hvor du placerer det.<\/p>\n<p>Standerne er h\u00e5ndsk\u00e5ret, h\u00e5ndslebet og h\u00e5ndmalet med den fineste bejdse af indonesiske h\u00e5ndv\u00e6rkere p\u00e5 Bali.<\/p>\n<p>Flotte, livlige farver med en slidt finish giver dine kunder et st\u00f8rre udvalg. Fladpakket sparer plads, n\u00e5r det opbevares eller ikke er i brug.<\/p>\n<p>Lad dine kunder skabe et lille indonesisk plantehj\u00f8rne og bestil i dag!<\/p>\n","protected":false},"excerpt":{"rendered":"<p>Aroma Sentia &#8211; ping Albasia Tr\u00e6 Fiskestander &#8211; Turkis er lavet af \u00e6gte tr\u00e6 af 100% Albesia, omhyggeligt udvalgt for at give dig et helt unikt m\u00f8bel, der skiller sig ud, uanset hvor du placerer det. Standerne er h\u00e5ndsk\u00e5ret, h\u00e5ndslebet og h\u00e5ndmalet med den fineste bejdse af indonesiske h\u00e5ndv\u00e6rkere p\u00e5 Bali. Flotte, livlige farver med [&hellip;]<\/p>\n","protected":false},"featured_media":368315,"comment_status":"closed","ping_status":"open","template":"","meta":{"_angie_page":false},"product_brand":[],"product_cat":[5591,6391],"product_tag":[],"class_list":{"0":"post-198179","1":"product","2":"type-product","3":"status-publish","4":"has-post-thumbnail","6":"product_cat-hjem-og-have","7":"product_cat-mobler","8":"pa_collection-albasia-wooden-plant-stands-da","9":"pa_made-in-indonesien","11":"first","12":"instock","13":"purchasable","14":"product-type-simple"},"supplier_id":null,"supplier_sku":"HPS-07","barcode":null,"atum_controlled":true,"out_stock_date":null,"out_stock_threshold":null,"inheritable":false,"inbound_stock":null,"stock_on_hold":0,"sold_today":0,"sales_last_days":0,"reserved_stock":null,"customer_returns":null,"warehouse_damage":null,"lost_in_post":null,"other_logs":null,"out_stock_days":0,"lost_sales":0,"has_location":null,"update_date":"2026-04-27T07:07:58","atum_locations":[],"atum_stock_status":"instock","restock_status":false,"low_stock_amount":"","sales_update_date":"2026-02-06T00:02:28","calc_backorders":null,"_links":{"self":[{"href":"https:\/\/aromasentia.com\/da\/wp-json\/wp\/v2\/product\/198179","targetHints":{"allow":["GET"]}}],"collection":[{"href":"https:\/\/aromasentia.com\/da\/wp-json\/wp\/v2\/product"}],"about":[{"href":"https:\/\/aromasentia.com\/da\/wp-json\/wp\/v2\/types\/product"}],"replies":[{"embeddable":true,"href":"https:\/\/aromasentia.com\/da\/wp-json\/wp\/v2\/comments?post=198179"}],"version-history":[{"count":0,"href":"https:\/\/aromasentia.com\/da\/wp-json\/wp\/v2\/product\/198179\/revisions"}],"wp:featuredmedia":[{"embeddable":true,"href":"https:\/\/aromasentia.com\/da\/wp-json\/wp\/v2\/media\/368315"}],"wp:attachment":[{"href":"https:\/\/aromasentia.com\/da\/wp-json\/wp\/v2\/media?parent=198179"}],"wp:term":[{"taxonomy":"product_brand","embeddable":true,"href":"https:\/\/aromasentia.com\/da\/wp-json\/wp\/v2\/product_brand?post=198179"},{"taxonomy":"product_cat","embeddable":true,"href":"https:\/\/aromasentia.com\/da\/wp-json\/wp\/v2\/product_cat?post=198179"},{"taxonomy":"product_tag","embeddable":true,"href":"https:\/\/aromasentia.com\/da\/wp-json\/wp\/v2\/product_tag?post=198179"}],"curies":[{"name":"wp","href":"https:\/\/api.w.org\/{rel}","templated":true}]}}