{"id":198172,"date":"2025-03-22T16:05:23","date_gmt":"2025-03-22T16:05:23","guid":{"rendered":"https:\/\/aromasentia.com\/product\/handmade-indigo-runner-170x60cm-madjid-tiles\/"},"modified":"2025-06-22T03:09:17","modified_gmt":"2025-06-22T03:09:17","slug":"haandlavet-indigo-loeber-170x60cm-madjid-tiles","status":"publish","type":"product","link":"https:\/\/aromasentia.com\/da\/haandlavet-indigo-loeber-170x60cm-madjid-tiles\/","title":{"rendered":"H\u00e5ndlavet Indigo-L\u00f8ber &#8211; 170X60cm &#8211; madjid Tiles"},"content":{"rendered":"<p><span style=\"color: rgb(75, 80, 88);\">Skabelsens rejse Vores h\u00e5ndlavede indigo-t\u00e6pper bringes til live gennem en omhyggelig og h\u00e6vdvunden proces.<\/span><\/p>\n<p><span style=\"color: rgb(75, 80, 88);\">Mestre h\u00e5ndv\u00e6rkere neds\u00e6nker stoffet i naturlige indigo-farvebade, lag for lag, for at opn\u00e5 de dybe, str\u00e5lende bl\u00e5 nuancer, der definerer indigo-tekstiler. Forskellige resistteknikker, s\u00e5som tie-dye, bloktryk eller batik, anvendes til at skabe indviklede m\u00f8nstre og designs p\u00e5 stoffet og forvandle det til et l\u00e6rred af kunstnerisk udtryk. &nbsp;&nbsp;<\/span><\/p>\n<p><span style=\"color: rgb(75, 80, 88);\">Det farvede stof er blidt solt\u00f8rret, hvilket lader indigoen oxidere og gradvist afsl\u00f8re sin ikoniske bl\u00e5 nuance, str\u00e5lende som den indiske himmel.&nbsp;<\/span><\/p>\n<p><span style=\"color: rgb(75, 80, 88);\">Hvert t\u00e6ppe er k\u00e6rligt f\u00e6rdiggjort med h\u00e5ndsyet broderi eller pyntet med kvaster, hvilket tilf\u00f8jer et strejf af autenticitet og individualitet til hvert stykke.&nbsp;<\/span><\/p>\n<p><span style=\"color: rgb(75, 80, 88);\"><strong>At integrere h\u00e5ndlavede indigo-t\u00e6pper i din produktportef\u00f8lje beriger ikke blot dine tilbud; det forbinder dine kunder med Indiens rige historie og kunstneriske udfoldelse.<\/strong><\/span><\/p>\n<p><span style=\"color: rgb(75, 80, 88);\">Disse t\u00e6pper overskrider blot tekstiler; De er kulturelle og traditionelle skatte, der vil betage dine kunder og l\u00f8fte deres opholdsrum.<\/span><\/p>\n<p><span style=\"color: rgb(141, 186, 216);\"><strong>Deltag i at fejre kunsten at farve indigo og den tidl\u00f8se sk\u00f8nhed, den sk\u00e6nker boligindretningens verden.<\/strong><\/span><\/p>\n","protected":false},"excerpt":{"rendered":"<p>Skabelsens rejse Vores h\u00e5ndlavede indigo-t\u00e6pper bringes til live gennem en omhyggelig og h\u00e6vdvunden proces. Mestre h\u00e5ndv\u00e6rkere neds\u00e6nker stoffet i naturlige indigo-farvebade, lag for lag, for at opn\u00e5 de dybe, str\u00e5lende bl\u00e5 nuancer, der definerer indigo-tekstiler. Forskellige resistteknikker, s\u00e5som tie-dye, bloktryk eller batik, anvendes til at skabe indviklede m\u00f8nstre og designs p\u00e5 stoffet og forvandle det [&hellip;]<\/p>\n","protected":false},"featured_media":368092,"comment_status":"closed","ping_status":"open","template":"","meta":{"_angie_page":false},"product_brand":[],"product_cat":[5591,6388,6350],"product_tag":[],"class_list":{"0":"post-198172","1":"product","2":"type-product","3":"status-publish","4":"has-post-thumbnail","6":"product_cat-hjem-og-have","7":"product_cat-plaider","8":"product_cat-tekstiler","9":"pa_collection-handmade-indigo-throws-da","10":"pa_made-in-indien","12":"first","13":"instock","14":"purchasable","15":"product-type-simple"},"supplier_id":null,"supplier_sku":"HIT-08","barcode":null,"atum_controlled":true,"out_stock_date":null,"out_stock_threshold":null,"inheritable":false,"inbound_stock":null,"stock_on_hold":0,"sold_today":0,"sales_last_days":0,"reserved_stock":null,"customer_returns":null,"warehouse_damage":null,"lost_in_post":null,"other_logs":null,"out_stock_days":0,"lost_sales":0,"has_location":null,"update_date":"2026-04-27T07:07:33","atum_locations":[],"atum_stock_status":"instock","restock_status":false,"low_stock_amount":"","sales_update_date":"2026-01-30T01:24:44","calc_backorders":null,"_links":{"self":[{"href":"https:\/\/aromasentia.com\/da\/wp-json\/wp\/v2\/product\/198172","targetHints":{"allow":["GET"]}}],"collection":[{"href":"https:\/\/aromasentia.com\/da\/wp-json\/wp\/v2\/product"}],"about":[{"href":"https:\/\/aromasentia.com\/da\/wp-json\/wp\/v2\/types\/product"}],"replies":[{"embeddable":true,"href":"https:\/\/aromasentia.com\/da\/wp-json\/wp\/v2\/comments?post=198172"}],"version-history":[{"count":0,"href":"https:\/\/aromasentia.com\/da\/wp-json\/wp\/v2\/product\/198172\/revisions"}],"wp:featuredmedia":[{"embeddable":true,"href":"https:\/\/aromasentia.com\/da\/wp-json\/wp\/v2\/media\/368092"}],"wp:attachment":[{"href":"https:\/\/aromasentia.com\/da\/wp-json\/wp\/v2\/media?parent=198172"}],"wp:term":[{"taxonomy":"product_brand","embeddable":true,"href":"https:\/\/aromasentia.com\/da\/wp-json\/wp\/v2\/product_brand?post=198172"},{"taxonomy":"product_cat","embeddable":true,"href":"https:\/\/aromasentia.com\/da\/wp-json\/wp\/v2\/product_cat?post=198172"},{"taxonomy":"product_tag","embeddable":true,"href":"https:\/\/aromasentia.com\/da\/wp-json\/wp\/v2\/product_tag?post=198172"}],"curies":[{"name":"wp","href":"https:\/\/api.w.org\/{rel}","templated":true}]}}