{"id":198160,"date":"2025-03-22T16:05:23","date_gmt":"2025-03-22T16:05:23","guid":{"rendered":"https:\/\/aromasentia.com\/product\/hydroponic-home-decor-cactus-lab-pot\/"},"modified":"2025-06-22T03:09:09","modified_gmt":"2025-06-22T03:09:09","slug":"hydroponisk-boligindretning-kaktus-lab-pot","status":"publish","type":"product","link":"https:\/\/aromasentia.com\/da\/hydroponisk-boligindretning-kaktus-lab-pot\/","title":{"rendered":"Hydroponisk Boligindretning &#8211; Kaktus &#038; Lab Pot"},"content":{"rendered":"<p>Det er tid til et bedre liv gennem kemien!<\/p>\n<p>Hydroponiske boligindretningskrukker vil forsk\u00f8nne og rense ethvert hjem, sovev\u00e6relse, k\u00f8kken og kontor.<\/p>\n<p>Du kan plante sm\u00e5 planter i de runde laboratorier\u00f8r, der er placeret i industrielle rammer af jern og tr\u00e6.<\/p>\n<p>Sm\u00e5 sten i de minimalistiske blomsterdekorationer vil tilf\u00f8je en flot tekstur og farver.<\/p>\n<p>Lavet af genbrugsmetal, glas og tr\u00e6 vil de v\u00e6re en fantastisk tilf\u00f8jelse til ethvert hjem, k\u00f8kken, sovev\u00e6relse eller kontor.<\/p>\n","protected":false},"excerpt":{"rendered":"<p>Det er tid til et bedre liv gennem kemien! Hydroponiske boligindretningskrukker vil forsk\u00f8nne og rense ethvert hjem, sovev\u00e6relse, k\u00f8kken og kontor. Du kan plante sm\u00e5 planter i de runde laboratorier\u00f8r, der er placeret i industrielle rammer af jern og tr\u00e6. Sm\u00e5 sten i de minimalistiske blomsterdekorationer vil tilf\u00f8je en flot tekstur og farver. Lavet af [&hellip;]<\/p>\n","protected":false},"featured_media":367760,"comment_status":"closed","ping_status":"open","template":"","meta":[],"product_brand":[],"product_cat":[6281,5591],"product_tag":[],"class_list":{"0":"post-198160","1":"product","2":"type-product","3":"status-publish","4":"has-post-thumbnail","6":"product_cat-glasdekorationer","7":"product_cat-hjem-og-have","8":"pa_collection-hydroponic-home-decor-pots-da","9":"pa_made-in-kina","11":"first","12":"outofstock","13":"purchasable","14":"product-type-simple"},"supplier_id":null,"supplier_sku":"HHD-09","barcode":null,"atum_controlled":true,"out_stock_date":"2025-10-09 12:16:08","out_stock_threshold":null,"inheritable":false,"inbound_stock":null,"stock_on_hold":0,"sold_today":0,"sales_last_days":0,"reserved_stock":null,"customer_returns":null,"warehouse_damage":null,"lost_in_post":null,"other_logs":null,"out_stock_days":112,"lost_sales":0,"has_location":null,"update_date":"2026-01-30T01:25:07","atum_locations":[],"atum_stock_status":"outofstock","restock_status":false,"low_stock_amount":"","sales_update_date":"2026-01-30T01:25:07","calc_backorders":null,"_links":{"self":[{"href":"https:\/\/aromasentia.com\/da\/wp-json\/wp\/v2\/product\/198160","targetHints":{"allow":["GET"]}}],"collection":[{"href":"https:\/\/aromasentia.com\/da\/wp-json\/wp\/v2\/product"}],"about":[{"href":"https:\/\/aromasentia.com\/da\/wp-json\/wp\/v2\/types\/product"}],"replies":[{"embeddable":true,"href":"https:\/\/aromasentia.com\/da\/wp-json\/wp\/v2\/comments?post=198160"}],"version-history":[{"count":0,"href":"https:\/\/aromasentia.com\/da\/wp-json\/wp\/v2\/product\/198160\/revisions"}],"wp:featuredmedia":[{"embeddable":true,"href":"https:\/\/aromasentia.com\/da\/wp-json\/wp\/v2\/media\/367760"}],"wp:attachment":[{"href":"https:\/\/aromasentia.com\/da\/wp-json\/wp\/v2\/media?parent=198160"}],"wp:term":[{"taxonomy":"product_brand","embeddable":true,"href":"https:\/\/aromasentia.com\/da\/wp-json\/wp\/v2\/product_brand?post=198160"},{"taxonomy":"product_cat","embeddable":true,"href":"https:\/\/aromasentia.com\/da\/wp-json\/wp\/v2\/product_cat?post=198160"},{"taxonomy":"product_tag","embeddable":true,"href":"https:\/\/aromasentia.com\/da\/wp-json\/wp\/v2\/product_tag?post=198160"}],"curies":[{"name":"wp","href":"https:\/\/api.w.org\/{rel}","templated":true}]}}