{"id":198154,"date":"2025-03-22T16:05:35","date_gmt":"2025-03-22T16:05:35","guid":{"rendered":"https:\/\/aromasentia.com\/product\/molton-glass-on-wood-whisky-set\/"},"modified":"2025-06-22T03:09:07","modified_gmt":"2025-06-22T03:09:07","slug":"smeltet-glas-on-wood-whisky-saet","status":"publish","type":"product","link":"https:\/\/aromasentia.com\/da\/smeltet-glas-on-wood-whisky-saet\/","title":{"rendered":"Smeltet Glas On Wood &#8211; Whisky S\u00e6t"},"content":{"rendered":"<p>Smeltet glas p\u00e5 tr\u00e6 &#8211; Whiskys\u00e6t er h\u00e5ndlavet p\u00e5 Bali af genbrugsglas og balinesisk Gamal-tr\u00e6.<\/p>\n<p>Dette fantastiske, smeltede whiskys\u00e6t bringer det bedste fra to verdener sammen: naturligt og menneskeskabt; jordn\u00e6rt og elegant; praktisk og spirituelt. Glasset er mundbl\u00e6st, og mens det stadig er varmt, slappes det derefter af over et stykke Gamal-rod, hvorefter glasset h\u00e6rder til tr\u00e6ets form, hvilket sikrer en perfekt pasform.<\/p>\n<p>De er fremstillet af et naturprodukt ved hj\u00e6lp af h\u00e5ndv\u00e6rkt\u00f8j p\u00e5 traditionel balinesisk vis. Bring naturen indenfor med disse helt smukke (og overkommelige) naturlige kunstv\u00e6rker, som dine kunder virkelig vil have lyst til at eje.<\/p>\n<p><span style=\"color: rgb(141, 186, 216);\"><strong>BEM\u00c6RK VENLIGST<\/strong><\/span><strong><span style=\"color: rgb(141, 186, 216);\"><strong>:<\/strong> Dette produkt tjener som dekoration og er ikke egnet til &nbsp;drikkevarer<\/span>&nbsp;<\/strong><\/p>\n<p><strong>Flaskens st\u00f8rrelse: H: 22 cm, B: 7 cm, L: 7 cm, Kapacitet: 500 ml. Glassets st\u00f8rrelse: H: 7 cm, Diameter 5 cm, Kapacitet 70 ml.<\/strong><\/p>\n","protected":false},"excerpt":{"rendered":"<p>Smeltet glas p\u00e5 tr\u00e6 &#8211; Whiskys\u00e6t er h\u00e5ndlavet p\u00e5 Bali af genbrugsglas og balinesisk Gamal-tr\u00e6. Dette fantastiske, smeltede whiskys\u00e6t bringer det bedste fra to verdener sammen: naturligt og menneskeskabt; jordn\u00e6rt og elegant; praktisk og spirituelt. Glasset er mundbl\u00e6st, og mens det stadig er varmt, slappes det derefter af over et stykke Gamal-rod, hvorefter glasset h\u00e6rder [&hellip;]<\/p>\n","protected":false},"featured_media":371391,"comment_status":"closed","ping_status":"open","template":"","meta":{"_angie_page":false},"product_brand":[],"product_cat":[6281,5591],"product_tag":[],"class_list":{"0":"post-198154","1":"product","2":"type-product","3":"status-publish","4":"has-post-thumbnail","6":"product_cat-glasdekorationer","7":"product_cat-hjem-og-have","8":"pa_collection-molten-glass-on-wood-da","9":"pa_made-in-indonesien","11":"first","12":"instock","13":"purchasable","14":"product-type-simple"},"supplier_id":null,"supplier_sku":"MGW-07","barcode":null,"atum_controlled":true,"out_stock_date":null,"out_stock_threshold":null,"inheritable":false,"inbound_stock":null,"stock_on_hold":0,"sold_today":0,"sales_last_days":0,"reserved_stock":null,"customer_returns":null,"warehouse_damage":null,"lost_in_post":null,"other_logs":null,"out_stock_days":0,"lost_sales":0,"has_location":null,"update_date":"2026-05-08T05:13:10","atum_locations":[],"atum_stock_status":"instock","restock_status":false,"low_stock_amount":"","sales_update_date":"2026-02-06T00:02:05","calc_backorders":null,"_links":{"self":[{"href":"https:\/\/aromasentia.com\/da\/wp-json\/wp\/v2\/product\/198154","targetHints":{"allow":["GET"]}}],"collection":[{"href":"https:\/\/aromasentia.com\/da\/wp-json\/wp\/v2\/product"}],"about":[{"href":"https:\/\/aromasentia.com\/da\/wp-json\/wp\/v2\/types\/product"}],"replies":[{"embeddable":true,"href":"https:\/\/aromasentia.com\/da\/wp-json\/wp\/v2\/comments?post=198154"}],"version-history":[{"count":0,"href":"https:\/\/aromasentia.com\/da\/wp-json\/wp\/v2\/product\/198154\/revisions"}],"wp:featuredmedia":[{"embeddable":true,"href":"https:\/\/aromasentia.com\/da\/wp-json\/wp\/v2\/media\/371391"}],"wp:attachment":[{"href":"https:\/\/aromasentia.com\/da\/wp-json\/wp\/v2\/media?parent=198154"}],"wp:term":[{"taxonomy":"product_brand","embeddable":true,"href":"https:\/\/aromasentia.com\/da\/wp-json\/wp\/v2\/product_brand?post=198154"},{"taxonomy":"product_cat","embeddable":true,"href":"https:\/\/aromasentia.com\/da\/wp-json\/wp\/v2\/product_cat?post=198154"},{"taxonomy":"product_tag","embeddable":true,"href":"https:\/\/aromasentia.com\/da\/wp-json\/wp\/v2\/product_tag?post=198154"}],"curies":[{"name":"wp","href":"https:\/\/api.w.org\/{rel}","templated":true}]}}