{"id":198153,"date":"2025-03-22T16:05:35","date_gmt":"2025-03-22T16:05:35","guid":{"rendered":"https:\/\/aromasentia.com\/product\/molten-glass-on-wood-open-lrg-bowl\/"},"modified":"2025-06-22T03:09:06","modified_gmt":"2025-06-22T03:09:06","slug":"smeltet-glas-paa-trae-aaben-stor-skaal","status":"publish","type":"product","link":"https:\/\/aromasentia.com\/da\/smeltet-glas-paa-trae-aaben-stor-skaal\/","title":{"rendered":"Smeltet Glas P\u00e5 Tr\u00e6 &#8211; \u00c5ben Stor Sk\u00e5l"},"content":{"rendered":"<p>Vores h\u00e5ndlavede smeltede glasvase p\u00e5 tr\u00e6 er nok det st\u00f8rste fra Bali i \u00e5revis, og i Holland er det allerede en k\u00e6mpe trend. Alt, der har med stueplanter at g\u00f8re, og som er naturligt, er en stor trend, og dette smukke og naturlige produkt er lige ved h\u00e5nden. De er h\u00e5ndlavede p\u00e5 Bali af genbrugsglas og balinesisk Gamal-tr\u00e6 for <strong>Aroma Sentia &#8211;<\/strong>. Denne fantastiske vase i smeltet kunstglas bringer det bedste fra to verdener sammen: naturligt og menneskeskabt; jordn\u00e6rt og elegant; praktisk og spirituelt.<\/p>\n<p>Glasset er mundbl\u00e6st, og mens det stadig er varmt, slappes det derefter af over et stykke Gamal-rod, hvorefter glasset h\u00e6rder til tr\u00e6ets form, hvilket sikrer en perfekt pasform. De er fremstillet af et naturprodukt ved hj\u00e6lp af h\u00e5ndv\u00e6rkt\u00f8j p\u00e5 traditionel balinesisk vis. Det giver en unik ramme til sten og luftplanter, afsk\u00e5rne blomster eller en vinkaraffel.<\/p>\n<p>Bring naturen indenfor med disse absolut smukke (og overkommelige) naturlige kunstv\u00e6rker.<\/p>\n<p>Bem\u00e6rk venligst: P\u00e5 grund af dette produkts h\u00e5ndlavede natur kan der v\u00e6re sm\u00e5 ufuldkommenheder i glasset, s\u00e5som sm\u00e5 bobler og lette ridser.<\/p>\n<p><strong>Bem\u00e6rk venligst: P\u00e5 grund af dette produkts h\u00e5ndlavede natur kan der v\u00e6re sm\u00e5 ufuldkommenheder i glasset, s\u00e5som sm\u00e5 bobler og lette ridser. For det meste pakket individuelt og forsvarligt i \u00e6sker.<\/strong> <\/p>\n<p><strong>God pris? for en af vores bestsellere.<\/strong><\/p>\n","protected":false},"excerpt":{"rendered":"<p>Vores h\u00e5ndlavede smeltede glasvase p\u00e5 tr\u00e6 er nok det st\u00f8rste fra Bali i \u00e5revis, og i Holland er det allerede en k\u00e6mpe trend. Alt, der har med stueplanter at g\u00f8re, og som er naturligt, er en stor trend, og dette smukke og naturlige produkt er lige ved h\u00e5nden. De er h\u00e5ndlavede p\u00e5 Bali af genbrugsglas [&hellip;]<\/p>\n","protected":false},"featured_media":371382,"comment_status":"closed","ping_status":"open","template":"","meta":{"_angie_page":false},"product_brand":[],"product_cat":[6281,5591],"product_tag":[],"class_list":{"0":"post-198153","1":"product","2":"type-product","3":"status-publish","4":"has-post-thumbnail","6":"product_cat-glasdekorationer","7":"product_cat-hjem-og-have","8":"pa_collection-molten-glass-on-wood-da","9":"pa_made-in-indonesien","11":"first","12":"instock","13":"purchasable","14":"product-type-simple"},"supplier_id":null,"supplier_sku":"MGW-06","barcode":null,"atum_controlled":true,"out_stock_date":null,"out_stock_threshold":null,"inheritable":false,"inbound_stock":null,"stock_on_hold":0,"sold_today":0,"sales_last_days":0,"reserved_stock":null,"customer_returns":null,"warehouse_damage":null,"lost_in_post":null,"other_logs":null,"out_stock_days":0,"lost_sales":0,"has_location":null,"update_date":"2026-04-27T07:12:41","atum_locations":[],"atum_stock_status":"instock","restock_status":false,"low_stock_amount":"","sales_update_date":"2025-09-05T00:29:24","calc_backorders":null,"_links":{"self":[{"href":"https:\/\/aromasentia.com\/da\/wp-json\/wp\/v2\/product\/198153","targetHints":{"allow":["GET"]}}],"collection":[{"href":"https:\/\/aromasentia.com\/da\/wp-json\/wp\/v2\/product"}],"about":[{"href":"https:\/\/aromasentia.com\/da\/wp-json\/wp\/v2\/types\/product"}],"replies":[{"embeddable":true,"href":"https:\/\/aromasentia.com\/da\/wp-json\/wp\/v2\/comments?post=198153"}],"version-history":[{"count":0,"href":"https:\/\/aromasentia.com\/da\/wp-json\/wp\/v2\/product\/198153\/revisions"}],"wp:featuredmedia":[{"embeddable":true,"href":"https:\/\/aromasentia.com\/da\/wp-json\/wp\/v2\/media\/371382"}],"wp:attachment":[{"href":"https:\/\/aromasentia.com\/da\/wp-json\/wp\/v2\/media?parent=198153"}],"wp:term":[{"taxonomy":"product_brand","embeddable":true,"href":"https:\/\/aromasentia.com\/da\/wp-json\/wp\/v2\/product_brand?post=198153"},{"taxonomy":"product_cat","embeddable":true,"href":"https:\/\/aromasentia.com\/da\/wp-json\/wp\/v2\/product_cat?post=198153"},{"taxonomy":"product_tag","embeddable":true,"href":"https:\/\/aromasentia.com\/da\/wp-json\/wp\/v2\/product_tag?post=198153"}],"curies":[{"name":"wp","href":"https:\/\/api.w.org\/{rel}","templated":true}]}}