{"id":198152,"date":"2025-03-22T16:05:35","date_gmt":"2025-03-22T16:05:35","guid":{"rendered":"https:\/\/aromasentia.com\/product\/molten-glass-on-wood-hanging-bowl\/"},"modified":"2025-06-22T03:09:06","modified_gmt":"2025-06-22T03:09:06","slug":"smeltet-glas-paa-trae-haengende-skaal","status":"publish","type":"product","link":"https:\/\/aromasentia.com\/da\/smeltet-glas-paa-trae-haengende-skaal\/","title":{"rendered":"Smeltet Glas P\u00e5 Tr\u00e6 &#8211; H\u00e6ngende Sk\u00e5l"},"content":{"rendered":"<p>Vores h\u00e5ndlavede smeltede glas p\u00e5 tr\u00e6 er nok det st\u00f8rste nyt\u00e5r fra Bali i \u00e5revis, og i Holland er det allerede en k\u00e6mpe trend. Alt, der har med stueplanter at g\u00f8re, og som er naturligt, er en stor trend, og dette smukke og naturlige produkt er lige ved h\u00e5nden. De er h\u00e5ndlavede p\u00e5 Bali af genbrugsglas og balinesisk Gamal-tr\u00e6 for <strong>Aroma Sentia Europe<\/strong>. Denne fantastiske <strong>Smeltet Glas p\u00e5 Tr\u00e6 &#8211; H\u00e6ngende Sk\u00e5l<\/strong> kunstglasvase bringer det bedste fra to verdener sammen: naturligt og menneskeskabt; jordn\u00e6rt og elegant; praktisk og spirituelt.<\/p>\n<p>Glasset er mundbl\u00e6st, og mens det stadig er varmt, slappes det derefter af over et stykke Gamal-rod, hvorefter glasset h\u00e6rder til tr\u00e6ets form, hvilket sikrer en perfekt pasform. De er fremstillet af et naturprodukt ved hj\u00e6lp af h\u00e5ndv\u00e6rkt\u00f8j p\u00e5 traditionel balinesisk vis. Det giver en unik ramme til sten og luftplanter, afsk\u00e5rne blomster eller en vinkaraffel.<\/p>\n<p>Bring naturen indenfor med disse helt smukke (og overkommelige) naturlige kunstv\u00e6rker.<\/p>\n<p><strong><span style=\"color: rgb(75, 80, 88);\">Bem\u00e6rk venligst: P\u00e5 grund af dette produkts h\u00e5ndlavede natur kan der v\u00e6re sm\u00e5 ufuldkommenheder i glasset, s\u00e5som sm\u00e5 bobler og lette ridser. For det meste individuelt pakket i en forsvarlig \u00e6ske.<\/span><\/strong><\/p>\n<p><strong><span style=\"color: rgb(75, 80, 88);\"><span style=\"color: rgb(141, 186, 216);\"><strong>Dine kunder vil elske dette produkt. Bestil i dag<strong><span style=\"color: rgb(141, 186, 216);\">? <\/span><\/strong><\/strong><\/span><\/span><\/strong><\/p>\n<p><strong>Den kan monteres p\u00e5 v\u00e6ggen&#8230;<\/strong>Sk\u00e5lst\u00f8rrelse: H:27cm D:5cm P\u00e5 stativet 30cm<\/p>\n","protected":false},"excerpt":{"rendered":"<p>Vores h\u00e5ndlavede smeltede glas p\u00e5 tr\u00e6 er nok det st\u00f8rste nyt\u00e5r fra Bali i \u00e5revis, og i Holland er det allerede en k\u00e6mpe trend. Alt, der har med stueplanter at g\u00f8re, og som er naturligt, er en stor trend, og dette smukke og naturlige produkt er lige ved h\u00e5nden. De er h\u00e5ndlavede p\u00e5 Bali af [&hellip;]<\/p>\n","protected":false},"featured_media":371349,"comment_status":"closed","ping_status":"open","template":"","meta":{"_angie_page":false},"product_brand":[],"product_cat":[6281,5591],"product_tag":[],"class_list":{"0":"post-198152","1":"product","2":"type-product","3":"status-publish","4":"has-post-thumbnail","6":"product_cat-glasdekorationer","7":"product_cat-hjem-og-have","8":"pa_collection-molten-glass-on-wood-da","9":"pa_made-in-indonesien","11":"first","12":"instock","13":"purchasable","14":"product-type-simple"},"supplier_id":null,"supplier_sku":"MGW-05","barcode":null,"atum_controlled":true,"out_stock_date":null,"out_stock_threshold":null,"inheritable":false,"inbound_stock":null,"stock_on_hold":0,"sold_today":0,"sales_last_days":0,"reserved_stock":null,"customer_returns":null,"warehouse_damage":null,"lost_in_post":null,"other_logs":null,"out_stock_days":0,"lost_sales":0,"has_location":null,"update_date":"2026-05-04T00:03:58","atum_locations":[],"atum_stock_status":"instock","restock_status":false,"low_stock_amount":"","sales_update_date":"2026-01-30T01:24:32","calc_backorders":null,"_links":{"self":[{"href":"https:\/\/aromasentia.com\/da\/wp-json\/wp\/v2\/product\/198152","targetHints":{"allow":["GET"]}}],"collection":[{"href":"https:\/\/aromasentia.com\/da\/wp-json\/wp\/v2\/product"}],"about":[{"href":"https:\/\/aromasentia.com\/da\/wp-json\/wp\/v2\/types\/product"}],"replies":[{"embeddable":true,"href":"https:\/\/aromasentia.com\/da\/wp-json\/wp\/v2\/comments?post=198152"}],"version-history":[{"count":0,"href":"https:\/\/aromasentia.com\/da\/wp-json\/wp\/v2\/product\/198152\/revisions"}],"wp:featuredmedia":[{"embeddable":true,"href":"https:\/\/aromasentia.com\/da\/wp-json\/wp\/v2\/media\/371349"}],"wp:attachment":[{"href":"https:\/\/aromasentia.com\/da\/wp-json\/wp\/v2\/media?parent=198152"}],"wp:term":[{"taxonomy":"product_brand","embeddable":true,"href":"https:\/\/aromasentia.com\/da\/wp-json\/wp\/v2\/product_brand?post=198152"},{"taxonomy":"product_cat","embeddable":true,"href":"https:\/\/aromasentia.com\/da\/wp-json\/wp\/v2\/product_cat?post=198152"},{"taxonomy":"product_tag","embeddable":true,"href":"https:\/\/aromasentia.com\/da\/wp-json\/wp\/v2\/product_tag?post=198152"}],"curies":[{"name":"wp","href":"https:\/\/api.w.org\/{rel}","templated":true}]}}