{"id":198147,"date":"2025-03-22T16:05:35","date_gmt":"2025-03-22T16:05:35","guid":{"rendered":"https:\/\/aromasentia.com\/product\/pastel-blue-macrame-dream-catcher-16cm-asst-colours-2\/"},"modified":"2025-06-22T03:09:04","modified_gmt":"2025-06-22T03:09:04","slug":"pastelblaa-macrame-droemmefanger-16-cm-i-flere-farver-2","status":"publish","type":"product","link":"https:\/\/aromasentia.com\/da\/pastelblaa-macrame-droemmefanger-16-cm-i-flere-farver-2\/","title":{"rendered":"Pastelbl\u00e5 Macrame Dr\u00f8mmefanger 16 cm (I Flere Farver)"},"content":{"rendered":"<p>Disse smukke dr\u00f8mmefangere er h\u00e5ndlavede p\u00e5 den \u00e5ndeligt velsignede \u00f8 Bali.<\/p>\n<p>De gode dr\u00f8mme passerer gennem dr\u00f8mmefangeren, og de d\u00e5rlige, der ikke kender vejen, bliver viklet ind i nettet og forsvinder ved daggryets f\u00f8rste lys. P\u00e5 Bali er de lokale i t\u00e6t kontakt med \u00e5ndeverdenen og har taget dr\u00f8mmefangeren til sig og fornyet dens kraft.<\/p>\n<p><strong>Et stykke. V\u00e6lg mellem tre variationer.<\/strong><\/p>\n<ol>\n<li><span style=\"color: rgb(184, 49, 47);\"><strong>kaffe &#8211; hvid &#8211; pink&nbsp;<\/strong><\/span><\/li>\n<li><strong><span style=\"color: rgb(184, 49, 47);\">hvid &#8211; kaffe\/gr\u00e5 &#8211; turkis&nbsp;<\/span><\/strong><\/li>\n<li><span style=\"color: rgb(184, 49, 47);\"><strong>turkis &#8211; hvid\/havbl\u00e5 &#8211; sort<\/strong><\/span><\/li>\n<\/ol>\n<p><strong>Lavet med k\u00e6rlighed af bomuld og fjer med ekstra velsignelser.<\/strong><\/p>\n<p><strong>S\u00f8de dr\u00f8mme.<\/strong><\/p>\n","protected":false},"excerpt":{"rendered":"<p>Disse smukke dr\u00f8mmefangere er h\u00e5ndlavede p\u00e5 den \u00e5ndeligt velsignede \u00f8 Bali. De gode dr\u00f8mme passerer gennem dr\u00f8mmefangeren, og de d\u00e5rlige, der ikke kender vejen, bliver viklet ind i nettet og forsvinder ved daggryets f\u00f8rste lys. P\u00e5 Bali er de lokale i t\u00e6t kontakt med \u00e5ndeverdenen og har taget dr\u00f8mmefangeren til sig og fornyet dens kraft. [&hellip;]<\/p>\n","protected":false},"featured_media":371176,"comment_status":"closed","ping_status":"open","template":"","meta":[],"product_brand":[],"product_cat":[5591,5592],"product_tag":[],"class_list":{"0":"post-198147","1":"product","2":"type-product","3":"status-publish","4":"has-post-thumbnail","6":"product_cat-hjem-og-have","7":"product_cat-macrame-og-drommefangere","8":"pa_collection-pastel-macrame-dream-catchers-da","9":"pa_made-in-indonesien","11":"first","12":"instock","13":"purchasable","14":"product-type-simple"},"supplier_id":null,"supplier_sku":"DSMDC-06","barcode":null,"atum_controlled":true,"out_stock_date":null,"out_stock_threshold":null,"inheritable":false,"inbound_stock":null,"stock_on_hold":0,"sold_today":0,"sales_last_days":0,"reserved_stock":null,"customer_returns":null,"warehouse_damage":null,"lost_in_post":null,"other_logs":null,"out_stock_days":0,"lost_sales":0,"has_location":null,"update_date":"2026-01-30T01:25:26","atum_locations":[],"atum_stock_status":"instock","restock_status":false,"low_stock_amount":"","sales_update_date":"2026-01-30T01:25:26","calc_backorders":null,"_links":{"self":[{"href":"https:\/\/aromasentia.com\/da\/wp-json\/wp\/v2\/product\/198147","targetHints":{"allow":["GET"]}}],"collection":[{"href":"https:\/\/aromasentia.com\/da\/wp-json\/wp\/v2\/product"}],"about":[{"href":"https:\/\/aromasentia.com\/da\/wp-json\/wp\/v2\/types\/product"}],"replies":[{"embeddable":true,"href":"https:\/\/aromasentia.com\/da\/wp-json\/wp\/v2\/comments?post=198147"}],"version-history":[{"count":0,"href":"https:\/\/aromasentia.com\/da\/wp-json\/wp\/v2\/product\/198147\/revisions"}],"wp:featuredmedia":[{"embeddable":true,"href":"https:\/\/aromasentia.com\/da\/wp-json\/wp\/v2\/media\/371176"}],"wp:attachment":[{"href":"https:\/\/aromasentia.com\/da\/wp-json\/wp\/v2\/media?parent=198147"}],"wp:term":[{"taxonomy":"product_brand","embeddable":true,"href":"https:\/\/aromasentia.com\/da\/wp-json\/wp\/v2\/product_brand?post=198147"},{"taxonomy":"product_cat","embeddable":true,"href":"https:\/\/aromasentia.com\/da\/wp-json\/wp\/v2\/product_cat?post=198147"},{"taxonomy":"product_tag","embeddable":true,"href":"https:\/\/aromasentia.com\/da\/wp-json\/wp\/v2\/product_tag?post=198147"}],"curies":[{"name":"wp","href":"https:\/\/api.w.org\/{rel}","templated":true}]}}