{"id":198133,"date":"2025-03-22T16:05:35","date_gmt":"2025-03-22T16:05:35","guid":{"rendered":"https:\/\/aromasentia.com\/product\/macrame-soft-chandelier-black\/"},"modified":"2025-06-22T03:08:56","modified_gmt":"2025-06-22T03:08:56","slug":"macrame-soft-chandelier-sort","status":"publish","type":"product","link":"https:\/\/aromasentia.com\/da\/macrame-soft-chandelier-sort\/","title":{"rendered":"Macrame Soft Chandelier &#8211; Sort"},"content":{"rendered":"<p>Tilf\u00f8j et strejf af boheme-glamour til ethvert rum med vores <strong>Aroma Sentia<\/strong> <span style=\"color: rgb(141, 186, 216);\"><strong>Macrame-lysekrone<\/strong><\/span>.<\/p>\n<p>Hvis du stadig ikke er blevet fanget i makrame-galskaben, s\u00e5 ved du ikke, hvad du g\u00e5r glip af.<\/p>\n<p>H\u00e5ndv\u00e6vet i Indonesien med lokalt produceret bomuldsreb, er denne lysekrone en unik boheme-chic dekoration, der vil se fantastisk ud i din butik.<\/p>\n<p>Ca. st\u00f8rrelse: H: 80 cm, B: 50 cm <\/p>\n<p><strong>NB: Lysarmatur medf\u00f8lger ikke. Brug kun LED-\/lavenergi-\/energieffektive p\u00e6rer, som holder sig k\u00f8lige og ikke bliver for varme.<\/strong><\/p>\n<p><em>* Helt naturlige * H\u00e5ndv\u00e6vede * Produceret lokalt * Handles fair *<\/em><\/p>\n<p><span style=\"color: rgb(141, 186, 216);\"><strong>Bestil i dag. Dine kunder vil f\u00e5 det.<\/strong><\/span><\/p>\n","protected":false},"excerpt":{"rendered":"<p>Tilf\u00f8j et strejf af boheme-glamour til ethvert rum med vores Aroma Sentia Macrame-lysekrone. Hvis du stadig ikke er blevet fanget i makrame-galskaben, s\u00e5 ved du ikke, hvad du g\u00e5r glip af. H\u00e5ndv\u00e6vet i Indonesien med lokalt produceret bomuldsreb, er denne lysekrone en unik boheme-chic dekoration, der vil se fantastisk ud i din butik. Ca. st\u00f8rrelse: [&hellip;]<\/p>\n","protected":false},"featured_media":370970,"comment_status":"closed","ping_status":"open","template":"","meta":[],"product_brand":[],"product_cat":[5591],"product_tag":[],"class_list":{"0":"post-198133","1":"product","2":"type-product","3":"status-publish","4":"has-post-thumbnail","6":"product_cat-hjem-og-have","7":"pa_made-in-indonesien","9":"first","10":"instock","11":"purchasable","12":"product-type-simple"},"supplier_id":null,"supplier_sku":"MChand-02","barcode":null,"atum_controlled":true,"out_stock_date":null,"out_stock_threshold":null,"inheritable":false,"inbound_stock":null,"stock_on_hold":0,"sold_today":0,"sales_last_days":0,"reserved_stock":null,"customer_returns":null,"warehouse_damage":null,"lost_in_post":null,"other_logs":null,"out_stock_days":0,"lost_sales":0,"has_location":null,"update_date":"2026-01-30T01:25:38","atum_locations":[],"atum_stock_status":"instock","restock_status":false,"low_stock_amount":"","sales_update_date":"2026-01-30T01:25:38","calc_backorders":null,"_links":{"self":[{"href":"https:\/\/aromasentia.com\/da\/wp-json\/wp\/v2\/product\/198133","targetHints":{"allow":["GET"]}}],"collection":[{"href":"https:\/\/aromasentia.com\/da\/wp-json\/wp\/v2\/product"}],"about":[{"href":"https:\/\/aromasentia.com\/da\/wp-json\/wp\/v2\/types\/product"}],"replies":[{"embeddable":true,"href":"https:\/\/aromasentia.com\/da\/wp-json\/wp\/v2\/comments?post=198133"}],"version-history":[{"count":0,"href":"https:\/\/aromasentia.com\/da\/wp-json\/wp\/v2\/product\/198133\/revisions"}],"wp:featuredmedia":[{"embeddable":true,"href":"https:\/\/aromasentia.com\/da\/wp-json\/wp\/v2\/media\/370970"}],"wp:attachment":[{"href":"https:\/\/aromasentia.com\/da\/wp-json\/wp\/v2\/media?parent=198133"}],"wp:term":[{"taxonomy":"product_brand","embeddable":true,"href":"https:\/\/aromasentia.com\/da\/wp-json\/wp\/v2\/product_brand?post=198133"},{"taxonomy":"product_cat","embeddable":true,"href":"https:\/\/aromasentia.com\/da\/wp-json\/wp\/v2\/product_cat?post=198133"},{"taxonomy":"product_tag","embeddable":true,"href":"https:\/\/aromasentia.com\/da\/wp-json\/wp\/v2\/product_tag?post=198133"}],"curies":[{"name":"wp","href":"https:\/\/api.w.org\/{rel}","templated":true}]}}