{"id":198103,"date":"2025-03-22T16:05:35","date_gmt":"2025-03-22T16:05:35","guid":{"rendered":"https:\/\/aromasentia.com\/product\/macrame-angel-harmony\/"},"modified":"2025-06-22T03:08:42","modified_gmt":"2025-06-22T03:08:42","slug":"macrame-engel-harmony","status":"publish","type":"product","link":"https:\/\/aromasentia.com\/da\/macrame-engel-harmony\/","title":{"rendered":"Macrame Engel &#8211; Harmony"},"content":{"rendered":"<p>Harmony-englen er lavet af en blanding af farver og repr\u00e6senterer samarbejde, k\u00e6rlighed og venskab. Det er k\u00e6rlighedsenglen, der findes i harmoni med hinanden. Fra harmoni kommer selvf\u00f8lgelig velstand og fred. I dagens verden med uenighed og egoistisk ligegyldighed, hvorfor s\u00e5 ikke lade denne engel bringe k\u00e6rlighed og gl\u00e6de? Harmony-englen er en perfekt gave til en elsket p\u00e5 en f\u00f8dselsdag eller et jubil\u00e6um, eller blot give den for at udtrykke venskab og k\u00e6rlighed.<\/p>\n<p>Engros <strong>Hati-Hati Macrame-engel &#8211; Harmony<\/strong> er h\u00e5ndv\u00e6vet i bjerglandsbyer af ren indonesisk bomuld. Hver engel leveres komplet med en folder og en flot gave\u00e6ske. Dette g\u00f8r den til en fantastisk kulturel og omsorgsfuld gave.<\/p>\n<p>Hati-Hati er et almindeligt indonesisk ord, der betyder &#8220;pas p\u00e5 dig&#8221;. S\u00e5 disse engle er designet til at bringe k\u00e6rlighed og omsorg til alle, der holder dem.<\/p>\n<p><strong>Din kunde kan h\u00e6nge englen p\u00e5 et d\u00f8rh\u00e5ndtag, et garderobeh\u00e5ndtag, et juletr\u00e6, en taske eller blot hvor som helst, de \u00f8nsker at f\u00f8le en positiv energi. De kan endda samle p\u00e5 disse engle!<\/strong><\/p>\n<p><a href=\"https:\/\/aromasentia.com\/hatia\"><span style=\"color: rgb(149, 122, 101);\">Du kan m\u00e5ske ogs\u00e5 lide Hati Hati-engle lavet af b\u00e6redygtigt Suar-tr\u00e6.<\/span><\/a><\/p>\n<p><em>Englest\u00f8rrelse: 22 x 14 x 1 cm<\/em><\/p>\n<p><span style=\"color: rgb(141, 186, 216);\"><strong>Husk at smile og sige &#8220;Hati-Hati!&#8221;, n\u00e5r du sender denne engel videre.<\/strong><\/span><\/p>\n","protected":false},"excerpt":{"rendered":"<p>Harmony-englen er lavet af en blanding af farver og repr\u00e6senterer samarbejde, k\u00e6rlighed og venskab. Det er k\u00e6rlighedsenglen, der findes i harmoni med hinanden. Fra harmoni kommer selvf\u00f8lgelig velstand og fred. I dagens verden med uenighed og egoistisk ligegyldighed, hvorfor s\u00e5 ikke lade denne engel bringe k\u00e6rlighed og gl\u00e6de? Harmony-englen er en perfekt gave til en [&hellip;]<\/p>\n","protected":false},"featured_media":370164,"comment_status":"closed","ping_status":"open","template":"","meta":{"_angie_page":false},"product_brand":[],"product_cat":[5591,5592],"product_tag":[],"class_list":{"0":"post-198103","1":"product","2":"type-product","3":"status-publish","4":"has-post-thumbnail","6":"product_cat-hjem-og-have","7":"product_cat-macrame-og-drommefangere","8":"pa_collection-hati-hati-macrame-angel-in-gift-box-da","9":"pa_made-in-indonesien","11":"first","12":"instock","13":"purchasable","14":"product-type-simple"},"supplier_id":null,"supplier_sku":"MacA-04","barcode":null,"atum_controlled":true,"out_stock_date":null,"out_stock_threshold":null,"inheritable":false,"inbound_stock":null,"stock_on_hold":0,"sold_today":0,"sales_last_days":0,"reserved_stock":null,"customer_returns":null,"warehouse_damage":null,"lost_in_post":null,"other_logs":null,"out_stock_days":0,"lost_sales":0,"has_location":null,"update_date":"2026-05-08T05:13:07","atum_locations":[],"atum_stock_status":"instock","restock_status":false,"low_stock_amount":"","sales_update_date":"2026-01-30T01:24:27","calc_backorders":null,"_links":{"self":[{"href":"https:\/\/aromasentia.com\/da\/wp-json\/wp\/v2\/product\/198103","targetHints":{"allow":["GET"]}}],"collection":[{"href":"https:\/\/aromasentia.com\/da\/wp-json\/wp\/v2\/product"}],"about":[{"href":"https:\/\/aromasentia.com\/da\/wp-json\/wp\/v2\/types\/product"}],"replies":[{"embeddable":true,"href":"https:\/\/aromasentia.com\/da\/wp-json\/wp\/v2\/comments?post=198103"}],"version-history":[{"count":0,"href":"https:\/\/aromasentia.com\/da\/wp-json\/wp\/v2\/product\/198103\/revisions"}],"wp:featuredmedia":[{"embeddable":true,"href":"https:\/\/aromasentia.com\/da\/wp-json\/wp\/v2\/media\/370164"}],"wp:attachment":[{"href":"https:\/\/aromasentia.com\/da\/wp-json\/wp\/v2\/media?parent=198103"}],"wp:term":[{"taxonomy":"product_brand","embeddable":true,"href":"https:\/\/aromasentia.com\/da\/wp-json\/wp\/v2\/product_brand?post=198103"},{"taxonomy":"product_cat","embeddable":true,"href":"https:\/\/aromasentia.com\/da\/wp-json\/wp\/v2\/product_cat?post=198103"},{"taxonomy":"product_tag","embeddable":true,"href":"https:\/\/aromasentia.com\/da\/wp-json\/wp\/v2\/product_tag?post=198103"}],"curies":[{"name":"wp","href":"https:\/\/api.w.org\/{rel}","templated":true}]}}