{"id":198102,"date":"2025-03-22T16:05:35","date_gmt":"2025-03-22T16:05:35","guid":{"rendered":"https:\/\/aromasentia.com\/product\/macrame-angel-rebel\/"},"modified":"2025-06-22T03:08:41","modified_gmt":"2025-06-22T03:08:41","slug":"macrame-engel-rebel","status":"publish","type":"product","link":"https:\/\/aromasentia.com\/da\/macrame-engel-rebel\/","title":{"rendered":"Macrame Engel &#8211; Rebel"},"content":{"rendered":"<p>Denne engel er lavet af r\u00e5, uforarbejdede fibre, der afsl\u00f8rer den menneskelige sj\u00e6ls r\u00e5 \u00f8nsker og behov. Der er altid tidspunkter, hvor opr\u00f8reren skal og b\u00f8r slippes l\u00f8s for at opn\u00e5 balance og form\u00e5l. Ligesom Adam og Eva gjorde opr\u00f8r og spiste \u00e6blet for at finde menneskelighed, for senere at finde et h\u00f8jere form\u00e5l&#8230; s\u00e5dan m\u00e5 vi alle g\u00f8re opr\u00f8r. Rebel-englen er en perfekt gave at give til en ven, der har brug for modet til at tage skridtet mod opr\u00f8r og selvopdagelse.<\/p>\n<p>Engros Hati-Hati Macrame-engel &#8211; Rebel er h\u00e5ndv\u00e6vet i bjerglandsbyer af ren indonesisk bomuld. Hver engel leveres komplet med en folder og en flot gave\u00e6ske. Dette g\u00f8r den til en fantastisk kulturel og omsorgsfuld gave.<\/p>\n<p>Hati-Hati er et almindeligt indonesisk ord, der betyder &#8220;pas p\u00e5 dig&#8221;. S\u00e5 disse engle er designet til at bringe k\u00e6rlighed og omsorg til alle, der holder dem.<\/p>\n<p>Din kunde kan h\u00e6nge englen p\u00e5 et d\u00f8rh\u00e5ndtag, et garderobeh\u00e5ndtag, et juletr\u00e6, en taske eller blot hvor som helst, de \u00f8nsker at f\u00f8le en positiv energi. De kan endda samle p\u00e5 disse engle!<\/p>\n<p><a href=\"https:\/\/aromasentia.com\/hatia\"><span style=\"color: rgb(149, 122, 101);\">Du kan m\u00e5ske ogs\u00e5 lide Hati Hati-engle lavet af b\u00e6redygtigt Suar-tr\u00e6.<\/span><\/a><\/p>\n<p><em>Englest\u00f8rrelse: 22 x 14 x 1 cm<\/em><\/p>\n<p><span style=\"color: rgb(141, 186, 216);\"><strong>Husk at smile og sige &#8220;Hati-Hati!&#8221;, n\u00e5r du sender denne engel videre.<\/strong><\/span><\/p>\n","protected":false},"excerpt":{"rendered":"<p>Denne engel er lavet af r\u00e5, uforarbejdede fibre, der afsl\u00f8rer den menneskelige sj\u00e6ls r\u00e5 \u00f8nsker og behov. Der er altid tidspunkter, hvor opr\u00f8reren skal og b\u00f8r slippes l\u00f8s for at opn\u00e5 balance og form\u00e5l. Ligesom Adam og Eva gjorde opr\u00f8r og spiste \u00e6blet for at finde menneskelighed, for senere at finde et h\u00f8jere form\u00e5l&#8230; s\u00e5dan [&hellip;]<\/p>\n","protected":false},"featured_media":370139,"comment_status":"closed","ping_status":"open","template":"","meta":{"_angie_page":false},"product_brand":[],"product_cat":[5591,5592],"product_tag":[],"class_list":{"0":"post-198102","1":"product","2":"type-product","3":"status-publish","4":"has-post-thumbnail","6":"product_cat-hjem-og-have","7":"product_cat-macrame-og-drommefangere","8":"pa_collection-hati-hati-macrame-angel-in-gift-box-da","9":"pa_made-in-indonesien","11":"first","12":"instock","13":"purchasable","14":"product-type-simple"},"supplier_id":null,"supplier_sku":"MacA-03","barcode":null,"atum_controlled":true,"out_stock_date":null,"out_stock_threshold":null,"inheritable":false,"inbound_stock":null,"stock_on_hold":0,"sold_today":0,"sales_last_days":0,"reserved_stock":null,"customer_returns":null,"warehouse_damage":null,"lost_in_post":null,"other_logs":null,"out_stock_days":0,"lost_sales":0,"has_location":null,"update_date":"2026-05-08T05:13:07","atum_locations":[],"atum_stock_status":"instock","restock_status":false,"low_stock_amount":"","sales_update_date":"2026-01-30T01:25:47","calc_backorders":null,"_links":{"self":[{"href":"https:\/\/aromasentia.com\/da\/wp-json\/wp\/v2\/product\/198102","targetHints":{"allow":["GET"]}}],"collection":[{"href":"https:\/\/aromasentia.com\/da\/wp-json\/wp\/v2\/product"}],"about":[{"href":"https:\/\/aromasentia.com\/da\/wp-json\/wp\/v2\/types\/product"}],"replies":[{"embeddable":true,"href":"https:\/\/aromasentia.com\/da\/wp-json\/wp\/v2\/comments?post=198102"}],"version-history":[{"count":0,"href":"https:\/\/aromasentia.com\/da\/wp-json\/wp\/v2\/product\/198102\/revisions"}],"wp:featuredmedia":[{"embeddable":true,"href":"https:\/\/aromasentia.com\/da\/wp-json\/wp\/v2\/media\/370139"}],"wp:attachment":[{"href":"https:\/\/aromasentia.com\/da\/wp-json\/wp\/v2\/media?parent=198102"}],"wp:term":[{"taxonomy":"product_brand","embeddable":true,"href":"https:\/\/aromasentia.com\/da\/wp-json\/wp\/v2\/product_brand?post=198102"},{"taxonomy":"product_cat","embeddable":true,"href":"https:\/\/aromasentia.com\/da\/wp-json\/wp\/v2\/product_cat?post=198102"},{"taxonomy":"product_tag","embeddable":true,"href":"https:\/\/aromasentia.com\/da\/wp-json\/wp\/v2\/product_tag?post=198102"}],"curies":[{"name":"wp","href":"https:\/\/api.w.org\/{rel}","templated":true}]}}