{"id":198101,"date":"2025-03-22T16:05:35","date_gmt":"2025-03-22T16:05:35","guid":{"rendered":"https:\/\/aromasentia.com\/product\/macrame-angel-earth\/"},"modified":"2025-06-22T03:08:39","modified_gmt":"2025-06-22T03:08:39","slug":"macrame-engel-jord","status":"publish","type":"product","link":"https:\/\/aromasentia.com\/da\/macrame-engel-jord\/","title":{"rendered":"Macrame Engel &#8211; Jord"},"content":{"rendered":"<p>Denne engel er lavet af jordens element\u00e6re farver. Bl\u00e5 for havet, gr\u00f8n for jorden og creme for den rolle, vi mennesker b\u00f8r spille. I Balis kultur er der en tradition for balance &#8211; balance i naturen, balance i jorden og balance i menneskelig adf\u00e6rd. Denne engel minder os om, at jorden er vores eneste hjem, og at vi altid skal passe p\u00e5 og beskytte vores hjem. Jordenglen er vores universelle skytsengel og en gave til alle, der holder af vores verden.<\/p>\n<p>Engros<strong>Hati-Hati Macrame Engel &#8211; Jord<\/strong> er h\u00e5ndv\u00e6vet i bjerglandsbyer af ren indonesisk bomuld. Hver engel leveres komplet med en folder og en flot gave\u00e6ske. Dette g\u00f8r den til en fantastisk kulturel og omsorgsfuld gave.<\/p>\n<p>Hati-Hati er et almindeligt indonesisk ord, der betyder &#8220;pas p\u00e5 dig&#8221;. S\u00e5 disse engle er designet til at bringe k\u00e6rlighed og omsorg til alle, der holder dem.<\/p>\n<p><strong>Din kunde kan h\u00e6nge englen p\u00e5 et d\u00f8rh\u00e5ndtag, et garderobeh\u00e5ndtag, et juletr\u00e6, en taske eller blot hvor som helst, de \u00f8nsker at f\u00f8le en positiv energi. De kan endda samle p\u00e5 disse engle!<\/strong><\/p>\n<p><span style=\"color: rgb(149, 122, 101);\">Du kan m\u00e5ske ogs\u00e5 lide Hati Hati-engle lavet af b\u00e6redygtigt Suar-tr\u00e6.<\/span><\/p>\n<p><em>Englest\u00f8rrelse: 22 x 14 x 1 cm<\/em><\/p>\n<p><span style=\"color: rgb(141, 186, 216);\"><strong>Husk, n\u00e5r du giver denne engel videre, at smile og sige &#8220;Hati-Hati!&#8221;.<\/strong><\/span><\/p>\n","protected":false},"excerpt":{"rendered":"<p>Denne engel er lavet af jordens element\u00e6re farver. Bl\u00e5 for havet, gr\u00f8n for jorden og creme for den rolle, vi mennesker b\u00f8r spille. I Balis kultur er der en tradition for balance &#8211; balance i naturen, balance i jorden og balance i menneskelig adf\u00e6rd. Denne engel minder os om, at jorden er vores eneste hjem, [&hellip;]<\/p>\n","protected":false},"featured_media":370114,"comment_status":"closed","ping_status":"open","template":"","meta":{"_angie_page":false},"product_brand":[],"product_cat":[5591,5592],"product_tag":[],"class_list":{"0":"post-198101","1":"product","2":"type-product","3":"status-publish","4":"has-post-thumbnail","6":"product_cat-hjem-og-have","7":"product_cat-macrame-og-drommefangere","8":"pa_collection-hati-hati-macrame-angel-in-gift-box-da","9":"pa_made-in-indonesien","11":"first","12":"instock","13":"purchasable","14":"product-type-simple"},"supplier_id":null,"supplier_sku":"MacA-02","barcode":null,"atum_controlled":true,"out_stock_date":null,"out_stock_threshold":null,"inheritable":false,"inbound_stock":null,"stock_on_hold":0,"sold_today":0,"sales_last_days":0,"reserved_stock":null,"customer_returns":null,"warehouse_damage":null,"lost_in_post":null,"other_logs":null,"out_stock_days":0,"lost_sales":0,"has_location":null,"update_date":"2026-05-08T05:13:07","atum_locations":[],"atum_stock_status":"instock","restock_status":false,"low_stock_amount":"","sales_update_date":"2026-02-06T00:00:46","calc_backorders":null,"_links":{"self":[{"href":"https:\/\/aromasentia.com\/da\/wp-json\/wp\/v2\/product\/198101","targetHints":{"allow":["GET"]}}],"collection":[{"href":"https:\/\/aromasentia.com\/da\/wp-json\/wp\/v2\/product"}],"about":[{"href":"https:\/\/aromasentia.com\/da\/wp-json\/wp\/v2\/types\/product"}],"replies":[{"embeddable":true,"href":"https:\/\/aromasentia.com\/da\/wp-json\/wp\/v2\/comments?post=198101"}],"version-history":[{"count":0,"href":"https:\/\/aromasentia.com\/da\/wp-json\/wp\/v2\/product\/198101\/revisions"}],"wp:featuredmedia":[{"embeddable":true,"href":"https:\/\/aromasentia.com\/da\/wp-json\/wp\/v2\/media\/370114"}],"wp:attachment":[{"href":"https:\/\/aromasentia.com\/da\/wp-json\/wp\/v2\/media?parent=198101"}],"wp:term":[{"taxonomy":"product_brand","embeddable":true,"href":"https:\/\/aromasentia.com\/da\/wp-json\/wp\/v2\/product_brand?post=198101"},{"taxonomy":"product_cat","embeddable":true,"href":"https:\/\/aromasentia.com\/da\/wp-json\/wp\/v2\/product_cat?post=198101"},{"taxonomy":"product_tag","embeddable":true,"href":"https:\/\/aromasentia.com\/da\/wp-json\/wp\/v2\/product_tag?post=198101"}],"curies":[{"name":"wp","href":"https:\/\/api.w.org\/{rel}","templated":true}]}}