{"id":198096,"date":"2025-03-22T16:05:35","date_gmt":"2025-03-22T16:05:35","guid":{"rendered":"https:\/\/aromasentia.com\/product\/1x-linen-cushion-30x50cm-palm-tree-with-fringe\/"},"modified":"2025-06-22T03:08:37","modified_gmt":"2025-06-22T03:08:37","slug":"1x-linnedpude-30x50cm-palmetrae-med-frynser","status":"publish","type":"product","link":"https:\/\/aromasentia.com\/da\/1x-linnedpude-30x50cm-palmetrae-med-frynser\/","title":{"rendered":"1X Linnedpude 30X50cm Palmetr\u00e6 med Frynser"},"content":{"rendered":"<p><span style=\"color: rgb(75, 80, 88);\"><strong>Aroma Sentia Drosphip Europe<\/strong> 1x H\u00f8rpude 30x50cm Palmetr\u00e6 med Frynser er lavet af 100% h\u00f8r, de er et perfekt milj\u00f8venligt alternativ. H\u00f8r er et fornyeligt og fuldt bionedbrydeligt materiale, der bruges ingen g\u00f8dning i dets dyrkning, og det kr\u00e6ver ingen vanding. Materialet f\u00f8les meget bl\u00f8dt og behageligt og inviterer dig til at slappe af. Ved hver n\u00e6ste vask og brug bliver det bl\u00f8dere. Det skyldes, at h\u00f8rfibrene g\u00e5r i stykker under vask, s\u00e5 jo l\u00e6ngere du bruger det, jo finere er det.<\/span><\/p>\n","protected":false},"excerpt":{"rendered":"<p>Aroma Sentia Drosphip Europe 1x H\u00f8rpude 30x50cm Palmetr\u00e6 med Frynser er lavet af 100% h\u00f8r, de er et perfekt milj\u00f8venligt alternativ. H\u00f8r er et fornyeligt og fuldt bionedbrydeligt materiale, der bruges ingen g\u00f8dning i dets dyrkning, og det kr\u00e6ver ingen vanding. Materialet f\u00f8les meget bl\u00f8dt og behageligt og inviterer dig til at slappe af. Ved [&hellip;]<\/p>\n","protected":false},"featured_media":370005,"comment_status":"closed","ping_status":"open","template":"","meta":[],"product_brand":[],"product_cat":[5591,6355,6350],"product_tag":[],"class_list":{"0":"post-198096","1":"product","2":"type-product","3":"status-publish","4":"has-post-thumbnail","6":"product_cat-hjem-og-have","7":"product_cat-pudebetraek","8":"product_cat-tekstiler","9":"pa_collection-linen-cushion-coverings-da","10":"pa_made-in-indonesien","12":"first","13":"instock","14":"purchasable","15":"product-type-simple"},"supplier_id":null,"supplier_sku":"LinC-06","barcode":null,"atum_controlled":true,"out_stock_date":null,"out_stock_threshold":null,"inheritable":false,"inbound_stock":null,"stock_on_hold":0,"sold_today":0,"sales_last_days":0,"reserved_stock":null,"customer_returns":null,"warehouse_damage":null,"lost_in_post":null,"other_logs":null,"out_stock_days":0,"lost_sales":0,"has_location":null,"update_date":"2026-02-10T16:26:52","atum_locations":[],"atum_stock_status":"instock","restock_status":false,"low_stock_amount":"","sales_update_date":"2026-02-06T00:02:06","calc_backorders":null,"_links":{"self":[{"href":"https:\/\/aromasentia.com\/da\/wp-json\/wp\/v2\/product\/198096","targetHints":{"allow":["GET"]}}],"collection":[{"href":"https:\/\/aromasentia.com\/da\/wp-json\/wp\/v2\/product"}],"about":[{"href":"https:\/\/aromasentia.com\/da\/wp-json\/wp\/v2\/types\/product"}],"replies":[{"embeddable":true,"href":"https:\/\/aromasentia.com\/da\/wp-json\/wp\/v2\/comments?post=198096"}],"version-history":[{"count":0,"href":"https:\/\/aromasentia.com\/da\/wp-json\/wp\/v2\/product\/198096\/revisions"}],"wp:featuredmedia":[{"embeddable":true,"href":"https:\/\/aromasentia.com\/da\/wp-json\/wp\/v2\/media\/370005"}],"wp:attachment":[{"href":"https:\/\/aromasentia.com\/da\/wp-json\/wp\/v2\/media?parent=198096"}],"wp:term":[{"taxonomy":"product_brand","embeddable":true,"href":"https:\/\/aromasentia.com\/da\/wp-json\/wp\/v2\/product_brand?post=198096"},{"taxonomy":"product_cat","embeddable":true,"href":"https:\/\/aromasentia.com\/da\/wp-json\/wp\/v2\/product_cat?post=198096"},{"taxonomy":"product_tag","embeddable":true,"href":"https:\/\/aromasentia.com\/da\/wp-json\/wp\/v2\/product_tag?post=198096"}],"curies":[{"name":"wp","href":"https:\/\/api.w.org\/{rel}","templated":true}]}}