{"id":198083,"date":"2025-03-22T16:05:35","date_gmt":"2025-03-22T16:05:35","guid":{"rendered":"https:\/\/aromasentia.com\/product\/kilim-cushion-cover-charcoal\/"},"modified":"2025-06-22T03:08:32","modified_gmt":"2025-06-22T03:08:32","slug":"kelim-pudebetraek-koksgraa","status":"publish","type":"product","link":"https:\/\/aromasentia.com\/da\/kelim-pudebetraek-koksgraa\/","title":{"rendered":"Kelim Pudebetr\u00e6k &#8211; Koksgr\u00e5"},"content":{"rendered":"<p>Tilf\u00f8j sofistikeret tekstur med dette Kilim-pudebetr\u00e6k &#8211; Charcoal. Dette sl\u00e5ende pudebetr\u00e6k bruger traditionel kelimv\u00e6vning og viser f\u00e6ngslende geometriske designs eller etniske m\u00f8nstre i en dyb koksgr\u00e5, m\u00e5ske med kontrasterende accenter. Den rige tekstur og dristige, neutrale nuance giver et strejf af moderne boheme eller rustik elegance til din boligindretning. Et holdbart og stilfuldt m\u00f8bel, der tilf\u00f8rer ethvert rum dybde, kunst og en f\u00f8lelse af velrejsende raffinement.<\/p>\n","protected":false},"excerpt":{"rendered":"<p>Tilf\u00f8j sofistikeret tekstur med dette Kilim-pudebetr\u00e6k &#8211; Charcoal. Dette sl\u00e5ende pudebetr\u00e6k bruger traditionel kelimv\u00e6vning og viser f\u00e6ngslende geometriske designs eller etniske m\u00f8nstre i en dyb koksgr\u00e5, m\u00e5ske med kontrasterende accenter. Den rige tekstur og dristige, neutrale nuance giver et strejf af moderne boheme eller rustik elegance til din boligindretning. Et holdbart og stilfuldt m\u00f8bel, der [&hellip;]<\/p>\n","protected":false},"featured_media":369624,"comment_status":"closed","ping_status":"open","template":"","meta":{"_angie_page":false},"product_brand":[],"product_cat":[5591,6355,6350],"product_tag":[],"class_list":{"0":"post-198083","1":"product","2":"type-product","3":"status-publish","4":"has-post-thumbnail","6":"product_cat-hjem-og-have","7":"product_cat-pudebetraek","8":"product_cat-tekstiler","9":"pa_made-in-tyrkiet","11":"first","12":"instock","13":"purchasable","14":"product-type-simple"},"supplier_id":null,"supplier_sku":"KCush-02DS","barcode":null,"atum_controlled":true,"out_stock_date":null,"out_stock_threshold":null,"inheritable":false,"inbound_stock":null,"stock_on_hold":0,"sold_today":0,"sales_last_days":0,"reserved_stock":null,"customer_returns":null,"warehouse_damage":null,"lost_in_post":null,"other_logs":null,"out_stock_days":0,"lost_sales":0,"has_location":null,"update_date":"2026-04-27T07:10:19","atum_locations":[],"atum_stock_status":"instock","restock_status":false,"low_stock_amount":"","sales_update_date":"2026-01-30T01:25:48","calc_backorders":null,"_links":{"self":[{"href":"https:\/\/aromasentia.com\/da\/wp-json\/wp\/v2\/product\/198083","targetHints":{"allow":["GET"]}}],"collection":[{"href":"https:\/\/aromasentia.com\/da\/wp-json\/wp\/v2\/product"}],"about":[{"href":"https:\/\/aromasentia.com\/da\/wp-json\/wp\/v2\/types\/product"}],"replies":[{"embeddable":true,"href":"https:\/\/aromasentia.com\/da\/wp-json\/wp\/v2\/comments?post=198083"}],"version-history":[{"count":0,"href":"https:\/\/aromasentia.com\/da\/wp-json\/wp\/v2\/product\/198083\/revisions"}],"wp:featuredmedia":[{"embeddable":true,"href":"https:\/\/aromasentia.com\/da\/wp-json\/wp\/v2\/media\/369624"}],"wp:attachment":[{"href":"https:\/\/aromasentia.com\/da\/wp-json\/wp\/v2\/media?parent=198083"}],"wp:term":[{"taxonomy":"product_brand","embeddable":true,"href":"https:\/\/aromasentia.com\/da\/wp-json\/wp\/v2\/product_brand?post=198083"},{"taxonomy":"product_cat","embeddable":true,"href":"https:\/\/aromasentia.com\/da\/wp-json\/wp\/v2\/product_cat?post=198083"},{"taxonomy":"product_tag","embeddable":true,"href":"https:\/\/aromasentia.com\/da\/wp-json\/wp\/v2\/product_tag?post=198083"}],"curies":[{"name":"wp","href":"https:\/\/api.w.org\/{rel}","templated":true}]}}