{"id":198067,"date":"2025-03-22T16:05:35","date_gmt":"2025-03-22T16:05:35","guid":{"rendered":"https:\/\/aromasentia.com\/product\/molten-glass-on-xlarge-double-stand-70cm\/"},"modified":"2025-06-22T03:08:23","modified_gmt":"2025-06-22T03:08:23","slug":"smeltet-glas-paa-xlarge-dobbeltstativ-70-cm","status":"publish","type":"product","link":"https:\/\/aromasentia.com\/da\/smeltet-glas-paa-xlarge-dobbeltstativ-70-cm\/","title":{"rendered":"Smeltet Glas P\u00e5 Xlarge Dobbeltstativ &#8211; 70 cm"},"content":{"rendered":"<p>AW h\u00e5ndlavet smeltet glas p\u00e5 tr\u00e6 er nok den st\u00f8rste ting fra Bali i \u00e5revis, og i Holland er det allerede en k\u00e6mpe trend. Alt, der har med stueplanter at g\u00f8re, og det er naturligt, er en stor trend, og dette smukke og naturlige produkt er lige ved h\u00e5nden.<\/p>\n<p>Dette fantastiske <strong>Smeltet Glas p\u00e5 XLarge Dobbelt Stativ &#8211; 70cm<\/strong> er h\u00e5ndlavet p\u00e5 Bali af genbrugsglas og balinesisk Gamal-tr\u00e6 og bringer det bedste fra to verdener sammen: naturligt og menneskeskabt; jordn\u00e6rt og elegant; praktisk og spirituelt. Glasset er mundbl\u00e6st, og mens det stadig er varmt, slappes det derefter af over et stykke Gamal-rod, hvorefter glasset h\u00e6rder til tr\u00e6ets form, hvilket sikrer en perfekt pasform.<\/p>\n<p>Det er fremstillet af et naturprodukt ved hj\u00e6lp af h\u00e5ndv\u00e6rkt\u00f8j p\u00e5 traditionel balinesisk vis. Hver vare er unik, da den er lavet af naturligt b\u00e6redygtigt Gamal-tr\u00e6, og genbrugsglasset er formet, s\u00e5 det passer, hvilket \u00f8ger dens autenticitet, og din kunde vil elske den.<\/p>\n<p>Bring naturen indenfor med disse helt smukke (og overkommelige) naturlige kunstv\u00e6rker, som dine kunder virkelig vil have lyst til at eje.<\/p>\n<p><strong>Bem\u00e6rk venligst: P\u00e5 grund af dette produkts h\u00e5ndlavede natur kan der v\u00e6re sm\u00e5 ufuldkommenheder i glasset, s\u00e5som sm\u00e5 bobler og lette ridser. St\u00f8rrelser og design kan variere en smule.<\/strong><\/p>\n<p><span style=\"color: rgb(141, 186, 216);\"><strong>Lav en smuk naturlig udstilling og \u00f8g et godt salg. Tilf\u00f8j til portef\u00f8lje og bestil i dag.<\/strong><\/span><\/p>\n","protected":false},"excerpt":{"rendered":"<p>AW h\u00e5ndlavet smeltet glas p\u00e5 tr\u00e6 er nok den st\u00f8rste ting fra Bali i \u00e5revis, og i Holland er det allerede en k\u00e6mpe trend. Alt, der har med stueplanter at g\u00f8re, og det er naturligt, er en stor trend, og dette smukke og naturlige produkt er lige ved h\u00e5nden. Dette fantastiske Smeltet Glas p\u00e5 XLarge [&hellip;]<\/p>\n","protected":false},"featured_media":372004,"comment_status":"closed","ping_status":"open","template":"","meta":{"_angie_page":false},"product_brand":[],"product_cat":[6281,5591],"product_tag":[],"class_list":{"0":"post-198067","1":"product","2":"type-product","3":"status-publish","4":"has-post-thumbnail","6":"product_cat-glasdekorationer","7":"product_cat-hjem-og-have","8":"pa_collection-molten-glass-on-wood-da","9":"pa_made-in-indonesien","11":"first","12":"instock","13":"purchasable","14":"product-type-simple"},"supplier_id":null,"supplier_sku":"MGW-11","barcode":null,"atum_controlled":true,"out_stock_date":null,"out_stock_threshold":null,"inheritable":false,"inbound_stock":null,"stock_on_hold":0,"sold_today":0,"sales_last_days":0,"reserved_stock":null,"customer_returns":null,"warehouse_damage":null,"lost_in_post":null,"other_logs":null,"out_stock_days":0,"lost_sales":0,"has_location":null,"update_date":"2026-05-08T05:13:10","atum_locations":[],"atum_stock_status":"instock","restock_status":false,"low_stock_amount":"","sales_update_date":"2025-09-05T00:29:27","calc_backorders":null,"_links":{"self":[{"href":"https:\/\/aromasentia.com\/da\/wp-json\/wp\/v2\/product\/198067","targetHints":{"allow":["GET"]}}],"collection":[{"href":"https:\/\/aromasentia.com\/da\/wp-json\/wp\/v2\/product"}],"about":[{"href":"https:\/\/aromasentia.com\/da\/wp-json\/wp\/v2\/types\/product"}],"replies":[{"embeddable":true,"href":"https:\/\/aromasentia.com\/da\/wp-json\/wp\/v2\/comments?post=198067"}],"version-history":[{"count":0,"href":"https:\/\/aromasentia.com\/da\/wp-json\/wp\/v2\/product\/198067\/revisions"}],"wp:featuredmedia":[{"embeddable":true,"href":"https:\/\/aromasentia.com\/da\/wp-json\/wp\/v2\/media\/372004"}],"wp:attachment":[{"href":"https:\/\/aromasentia.com\/da\/wp-json\/wp\/v2\/media?parent=198067"}],"wp:term":[{"taxonomy":"product_brand","embeddable":true,"href":"https:\/\/aromasentia.com\/da\/wp-json\/wp\/v2\/product_brand?post=198067"},{"taxonomy":"product_cat","embeddable":true,"href":"https:\/\/aromasentia.com\/da\/wp-json\/wp\/v2\/product_cat?post=198067"},{"taxonomy":"product_tag","embeddable":true,"href":"https:\/\/aromasentia.com\/da\/wp-json\/wp\/v2\/product_tag?post=198067"}],"curies":[{"name":"wp","href":"https:\/\/api.w.org\/{rel}","templated":true}]}}