{"id":198057,"date":"2025-03-22T16:05:35","date_gmt":"2025-03-22T16:05:35","guid":{"rendered":"https:\/\/aromasentia.com\/product\/molten-glass-on-wood-wine-decanter\/"},"modified":"2025-06-22T03:08:18","modified_gmt":"2025-06-22T03:08:18","slug":"smeltet-glas-paa-trae-vinkaraffel","status":"publish","type":"product","link":"https:\/\/aromasentia.com\/da\/smeltet-glas-paa-trae-vinkaraffel\/","title":{"rendered":"Smeltet Glas P\u00e5 Tr\u00e6 &#8211; Vinkaraffel"},"content":{"rendered":"<p>H\u00e5ndlavet p\u00e5 Bali af genbrugsglas og balinesisk Gamal-tr\u00e6. Denne fantastiske <strong>Aroma Sentia Europe<\/strong><strong>&nbsp;<\/strong><strong>Smeltet glas p\u00e5 tr\u00e6 &#8211; vinkaraffel<\/strong><\/p>\n<p>forener det bedste fra to verdener: naturligt og menneskeskabt; jordn\u00e6rt og elegant; praktisk og spirituelt. Glasset er mundbl\u00e6st, og mens det stadig er varmt, slappes det derefter af over et stykke Gamal-rod, hvorefter glasset h\u00e6rder til tr\u00e6ets form, hvilket sikrer en perfekt pasform.<\/p>\n<p>De er fremstillet af et naturprodukt ved hj\u00e6lp af h\u00e5ndv\u00e6rkt\u00f8j p\u00e5 traditionel balinesisk vis. Hver genstand er unik, da de er lavet af naturligt b\u00e6redygtigt Gamal-tr\u00e6, og genbrugsglasset er formet, hvilket \u00f8ger dets \u00e6gthed &#8211; din kunde vil elske det. Bring naturen indenfor med disse helt smukke (og overkommelige) naturlige kunstv\u00e6rker, som dine kunder virkelig vil have lyst til at eje.<\/p>\n<p><strong>Vinkaraffel st\u00f8rrelse: H:29cm L:14cm, B:12cm Vinkaraffel<\/strong><\/p>\n<p><strong><span style=\"color: rgb(141, 186, 216);\">BEM\u00c6RK VENLIGST: Dette produkt tjener som dekoration og er ikke egnet til &nbsp;drikkevarer<\/span><\/strong><\/p>\n<p><strong><span style=\"color: rgb(75, 80, 88);\">P\u00e5 grund af dette produkts h\u00e5ndlavede natur kan der v\u00e6re sm\u00e5 ufuldkommenheder i glasset, s\u00e5som sm\u00e5 bobler og lette ridser. For det meste pakket individuelt i en forsvarlig \u00e6ske.<\/span><\/strong><\/p>\n<p><strong><span style=\"color: rgb(141, 186, 216);\">Dine kunder vil elske dette produkt. Bestil i dag<strong><span style=\"color: rgb(141, 186, 216);\">?<\/span><\/strong><\/span><\/strong><\/p>\n","protected":false},"excerpt":{"rendered":"<p>H\u00e5ndlavet p\u00e5 Bali af genbrugsglas og balinesisk Gamal-tr\u00e6. Denne fantastiske Aroma Sentia Europe&nbsp;Smeltet glas p\u00e5 tr\u00e6 &#8211; vinkaraffel forener det bedste fra to verdener: naturligt og menneskeskabt; jordn\u00e6rt og elegant; praktisk og spirituelt. Glasset er mundbl\u00e6st, og mens det stadig er varmt, slappes det derefter af over et stykke Gamal-rod, hvorefter glasset h\u00e6rder til tr\u00e6ets [&hellip;]<\/p>\n","protected":false},"featured_media":371522,"comment_status":"closed","ping_status":"open","template":"","meta":{"_angie_page":false},"product_brand":[],"product_cat":[6281,5591],"product_tag":[],"class_list":{"0":"post-198057","1":"product","2":"type-product","3":"status-publish","4":"has-post-thumbnail","6":"product_cat-glasdekorationer","7":"product_cat-hjem-og-have","8":"pa_collection-molten-glass-on-wood-da","9":"pa_made-in-bali","11":"first","12":"instock","13":"purchasable","14":"product-type-simple"},"supplier_id":null,"supplier_sku":"MGW-10","barcode":null,"atum_controlled":true,"out_stock_date":null,"out_stock_threshold":null,"inheritable":false,"inbound_stock":null,"stock_on_hold":0,"sold_today":0,"sales_last_days":0,"reserved_stock":null,"customer_returns":null,"warehouse_damage":null,"lost_in_post":null,"other_logs":null,"out_stock_days":0,"lost_sales":0,"has_location":null,"update_date":"2026-04-27T07:12:41","atum_locations":[],"atum_stock_status":"instock","restock_status":false,"low_stock_amount":"","sales_update_date":"2025-09-05T00:29:23","calc_backorders":null,"_links":{"self":[{"href":"https:\/\/aromasentia.com\/da\/wp-json\/wp\/v2\/product\/198057","targetHints":{"allow":["GET"]}}],"collection":[{"href":"https:\/\/aromasentia.com\/da\/wp-json\/wp\/v2\/product"}],"about":[{"href":"https:\/\/aromasentia.com\/da\/wp-json\/wp\/v2\/types\/product"}],"replies":[{"embeddable":true,"href":"https:\/\/aromasentia.com\/da\/wp-json\/wp\/v2\/comments?post=198057"}],"version-history":[{"count":0,"href":"https:\/\/aromasentia.com\/da\/wp-json\/wp\/v2\/product\/198057\/revisions"}],"wp:featuredmedia":[{"embeddable":true,"href":"https:\/\/aromasentia.com\/da\/wp-json\/wp\/v2\/media\/371522"}],"wp:attachment":[{"href":"https:\/\/aromasentia.com\/da\/wp-json\/wp\/v2\/media?parent=198057"}],"wp:term":[{"taxonomy":"product_brand","embeddable":true,"href":"https:\/\/aromasentia.com\/da\/wp-json\/wp\/v2\/product_brand?post=198057"},{"taxonomy":"product_cat","embeddable":true,"href":"https:\/\/aromasentia.com\/da\/wp-json\/wp\/v2\/product_cat?post=198057"},{"taxonomy":"product_tag","embeddable":true,"href":"https:\/\/aromasentia.com\/da\/wp-json\/wp\/v2\/product_tag?post=198057"}],"curies":[{"name":"wp","href":"https:\/\/api.w.org\/{rel}","templated":true}]}}