{"id":198056,"date":"2025-03-22T16:05:46","date_gmt":"2025-03-22T16:05:46","guid":{"rendered":"https:\/\/aromasentia.com\/product\/set-4-pampus-long-broom-natural-colours\/"},"modified":"2025-06-22T03:08:17","modified_gmt":"2025-06-22T03:08:17","slug":"4stk-pampus-lang-kost-naturlige-farver","status":"publish","type":"product","link":"https:\/\/aromasentia.com\/da\/4stk-pampus-lang-kost-naturlige-farver\/","title":{"rendered":"4Stk. &#8211; Pampus Lang Kost &#8211; Naturlige Farver"},"content":{"rendered":"<p>H\u00e6v din boligindretning med disse fantastiske og rustikke <strong>Wholesale Pampas Long Brooms,&nbsp;<\/strong>fremstillet af <strong>milj\u00f8venlige materialer<\/strong>. Disse trendy koste vil helt sikkert blive et hit i din butik.<\/p>\n<p>Forst\u00e6rk charmen i din stue eller gang ved at pryde dine v\u00e6gge med disse unikke stykker.<\/p>\n<p>V\u00e6r opm\u00e6rksom p\u00e5, at p\u00e5 grund af brugen af naturlige materialer kan kostens h\u00e5ndtag og b\u00f8rster udvise sm\u00e5 variationer fra billedet.<\/p>\n<p><strong>G\u00e5 ikke glip af disse fantastiske boligindretningsartikler. Bestil nu for at f\u00e5 dem p\u00e5 lager i din butik.<\/strong><\/p>\n<p>Omtrentlige m\u00e5l:<\/p>\n<p>St\u00f8rrelse: 55 x 14 cm <\/p>\n<p>P\u00e5 grund af manuel produktion og brug af naturmaterialer kan m\u00e5lene variere.<\/p>\n","protected":false},"excerpt":{"rendered":"<p>H\u00e6v din boligindretning med disse fantastiske og rustikke Wholesale Pampas Long Brooms,&nbsp;fremstillet af milj\u00f8venlige materialer. Disse trendy koste vil helt sikkert blive et hit i din butik. Forst\u00e6rk charmen i din stue eller gang ved at pryde dine v\u00e6gge med disse unikke stykker. V\u00e6r opm\u00e6rksom p\u00e5, at p\u00e5 grund af brugen af naturlige materialer kan [&hellip;]<\/p>\n","protected":false},"featured_media":374772,"comment_status":"closed","ping_status":"open","template":"","meta":{"_angie_page":false},"product_brand":[],"product_cat":[6332,5591],"product_tag":[],"class_list":{"0":"post-198056","1":"product","2":"type-product","3":"status-publish","4":"has-post-thumbnail","6":"product_cat-dekorationer","7":"product_cat-hjem-og-have","8":"pa_collection-natural-pampus-broom-da","9":"pa_made-in-indonesien","11":"first","12":"instock","13":"purchasable","14":"product-type-simple"},"supplier_id":null,"supplier_sku":"NPB-02","barcode":null,"atum_controlled":true,"out_stock_date":null,"out_stock_threshold":null,"inheritable":false,"inbound_stock":null,"stock_on_hold":0,"sold_today":0,"sales_last_days":0,"reserved_stock":null,"customer_returns":null,"warehouse_damage":null,"lost_in_post":null,"other_logs":null,"out_stock_days":0,"lost_sales":0,"has_location":null,"update_date":"2026-04-27T07:15:31","atum_locations":[],"atum_stock_status":"instock","restock_status":false,"low_stock_amount":"","sales_update_date":"2026-01-30T01:24:30","calc_backorders":null,"_links":{"self":[{"href":"https:\/\/aromasentia.com\/da\/wp-json\/wp\/v2\/product\/198056","targetHints":{"allow":["GET"]}}],"collection":[{"href":"https:\/\/aromasentia.com\/da\/wp-json\/wp\/v2\/product"}],"about":[{"href":"https:\/\/aromasentia.com\/da\/wp-json\/wp\/v2\/types\/product"}],"replies":[{"embeddable":true,"href":"https:\/\/aromasentia.com\/da\/wp-json\/wp\/v2\/comments?post=198056"}],"version-history":[{"count":0,"href":"https:\/\/aromasentia.com\/da\/wp-json\/wp\/v2\/product\/198056\/revisions"}],"wp:featuredmedia":[{"embeddable":true,"href":"https:\/\/aromasentia.com\/da\/wp-json\/wp\/v2\/media\/374772"}],"wp:attachment":[{"href":"https:\/\/aromasentia.com\/da\/wp-json\/wp\/v2\/media?parent=198056"}],"wp:term":[{"taxonomy":"product_brand","embeddable":true,"href":"https:\/\/aromasentia.com\/da\/wp-json\/wp\/v2\/product_brand?post=198056"},{"taxonomy":"product_cat","embeddable":true,"href":"https:\/\/aromasentia.com\/da\/wp-json\/wp\/v2\/product_cat?post=198056"},{"taxonomy":"product_tag","embeddable":true,"href":"https:\/\/aromasentia.com\/da\/wp-json\/wp\/v2\/product_tag?post=198056"}],"curies":[{"name":"wp","href":"https:\/\/api.w.org\/{rel}","templated":true}]}}