{"id":198055,"date":"2025-03-22T16:05:46","date_gmt":"2025-03-22T16:05:46","guid":{"rendered":"https:\/\/aromasentia.com\/product\/set-4-pampas-broom-rainbow-colours\/"},"modified":"2025-06-22T03:08:17","modified_gmt":"2025-06-22T03:08:17","slug":"4stk-pampaskost-regnbuefarver","status":"publish","type":"product","link":"https:\/\/aromasentia.com\/da\/4stk-pampaskost-regnbuefarver\/","title":{"rendered":"4Stk. &#8211; Pampaskost &#8211; Regnbuefarver"},"content":{"rendered":"<p>Disse smukke <strong>Naturlige &nbsp;Pampas-koste<\/strong> er fantastiske som dekorative stykker, der h\u00e6nger i dit hjem. Du kan forbedre det rustikke design ved at h\u00e6nge den p\u00e5 v\u00e6ggen i stuen eller gangen. &nbsp;<\/p>\n<p>Milj\u00f8venlige materialer er for alvor p\u00e5 mode, is\u00e6r produkter fremstillet af eksotisk pampasgr\u00e6s er moderigtige og nemme at s\u00e6lge.<\/p>\n<p>Denne b\u00f8rste er h\u00e5ndlavet af t\u00f8rret pampas. Den er ikke kun nyttig som b\u00f8rste, den er ogs\u00e5 dekorativ, perfekt til brug som v\u00e6gkunst eller til at g\u00f8re ethvert rum i hjemmet lysere. &nbsp;Fremstillet af fuldt b\u00e6redygtige afgr\u00f8der i det centrale Java.<\/p>\n<p><em>BEM\u00c6RK: P\u00e5 grund af naturmaterialer kan kostens skaft eller b\u00f8rsteh\u00e5r v\u00e6re l\u00e6ngere eller kortere end p\u00e5 billedet.&nbsp;<\/em><\/p>\n<p>St\u00f8rrelse: 58 x 15 cm<\/p>\n<p><strong>Bestil nu og forhandl denne fantastiske boligindretning.<\/strong><\/p>\n","protected":false},"excerpt":{"rendered":"<p>Disse smukke Naturlige &nbsp;Pampas-koste er fantastiske som dekorative stykker, der h\u00e6nger i dit hjem. Du kan forbedre det rustikke design ved at h\u00e6nge den p\u00e5 v\u00e6ggen i stuen eller gangen. &nbsp; Milj\u00f8venlige materialer er for alvor p\u00e5 mode, is\u00e6r produkter fremstillet af eksotisk pampasgr\u00e6s er moderigtige og nemme at s\u00e6lge. Denne b\u00f8rste er h\u00e5ndlavet af [&hellip;]<\/p>\n","protected":false},"featured_media":374739,"comment_status":"closed","ping_status":"open","template":"","meta":{"_angie_page":false},"product_brand":[],"product_cat":[6332,5591],"product_tag":[],"class_list":{"0":"post-198055","1":"product","2":"type-product","3":"status-publish","4":"has-post-thumbnail","6":"product_cat-dekorationer","7":"product_cat-hjem-og-have","8":"pa_collection-natural-pampus-broom-da","9":"pa_made-in-indonesien","11":"first","12":"instock","13":"purchasable","14":"product-type-simple"},"supplier_id":null,"supplier_sku":"NPB-06","barcode":null,"atum_controlled":true,"out_stock_date":null,"out_stock_threshold":null,"inheritable":false,"inbound_stock":null,"stock_on_hold":0,"sold_today":0,"sales_last_days":0,"reserved_stock":null,"customer_returns":null,"warehouse_damage":null,"lost_in_post":null,"other_logs":null,"out_stock_days":0,"lost_sales":0,"has_location":null,"update_date":"2026-04-27T07:15:32","atum_locations":[],"atum_stock_status":"instock","restock_status":false,"low_stock_amount":"","sales_update_date":"2026-01-30T01:26:35","calc_backorders":null,"_links":{"self":[{"href":"https:\/\/aromasentia.com\/da\/wp-json\/wp\/v2\/product\/198055","targetHints":{"allow":["GET"]}}],"collection":[{"href":"https:\/\/aromasentia.com\/da\/wp-json\/wp\/v2\/product"}],"about":[{"href":"https:\/\/aromasentia.com\/da\/wp-json\/wp\/v2\/types\/product"}],"replies":[{"embeddable":true,"href":"https:\/\/aromasentia.com\/da\/wp-json\/wp\/v2\/comments?post=198055"}],"version-history":[{"count":0,"href":"https:\/\/aromasentia.com\/da\/wp-json\/wp\/v2\/product\/198055\/revisions"}],"wp:featuredmedia":[{"embeddable":true,"href":"https:\/\/aromasentia.com\/da\/wp-json\/wp\/v2\/media\/374739"}],"wp:attachment":[{"href":"https:\/\/aromasentia.com\/da\/wp-json\/wp\/v2\/media?parent=198055"}],"wp:term":[{"taxonomy":"product_brand","embeddable":true,"href":"https:\/\/aromasentia.com\/da\/wp-json\/wp\/v2\/product_brand?post=198055"},{"taxonomy":"product_cat","embeddable":true,"href":"https:\/\/aromasentia.com\/da\/wp-json\/wp\/v2\/product_cat?post=198055"},{"taxonomy":"product_tag","embeddable":true,"href":"https:\/\/aromasentia.com\/da\/wp-json\/wp\/v2\/product_tag?post=198055"}],"curies":[{"name":"wp","href":"https:\/\/api.w.org\/{rel}","templated":true}]}}