{"id":198054,"date":"2025-03-22T16:05:46","date_gmt":"2025-03-22T16:05:46","guid":{"rendered":"https:\/\/aromasentia.com\/product\/set-4-pampas-fan-broom-natural-mixed-sizes\/"},"modified":"2025-06-22T03:08:17","modified_gmt":"2025-06-22T03:08:17","slug":"4stk-pampas-viftekost-naturlige-blandede-stoerrelser","status":"publish","type":"product","link":"https:\/\/aromasentia.com\/da\/4stk-pampas-viftekost-naturlige-blandede-stoerrelser\/","title":{"rendered":"4Stk. &#8211; Pampas-Viftekost &#8211; Naturlige Blandede St\u00f8rrelser"},"content":{"rendered":"<p>Disse <strong>grossist Pampus-koste<\/strong> er en fantastisk tilf\u00f8jelse til enhver boligindretning med deres <strong>smukke og rustikke design.Fremstillet af milj\u00f8venlige materialer, herunder eksotisk pampasgr\u00e6s, er disse koste trendy og nemme at s\u00e6lge.<\/strong><\/p>\n<p>Du kan forbedre din stue eller gang med deres unikke charme ved at h\u00e6nge dem op p\u00e5 v\u00e6ggen.<\/p>\n<p>Bem\u00e6rk, at p\u00e5 grund af de anvendte naturmaterialer kan kostens h\u00e5ndtag eller b\u00f8rster afvige lidt fra billedet.&nbsp;<\/p>\n<p><strong>Bestil nu for at tilf\u00f8je disse fantastiske produkter til hjemmet til din butik.<\/strong><\/p>\n<p><strong><em>Ca. m\u00e5l (st\u00f8rst f\u00f8rst):<\/em><\/strong><\/p>\n<p><em>38x18cm, 34x15cm, 30x18cm, 28x15cm<\/em><\/p>\n<p><em>P\u00e5 grund af manuel produktion og brug af naturlige materialer kan m\u00e5lene variere.<\/em><\/p>\n","protected":false},"excerpt":{"rendered":"<p>Disse grossist Pampus-koste er en fantastisk tilf\u00f8jelse til enhver boligindretning med deres smukke og rustikke design.Fremstillet af milj\u00f8venlige materialer, herunder eksotisk pampasgr\u00e6s, er disse koste trendy og nemme at s\u00e6lge. Du kan forbedre din stue eller gang med deres unikke charme ved at h\u00e6nge dem op p\u00e5 v\u00e6ggen. Bem\u00e6rk, at p\u00e5 grund af de anvendte [&hellip;]<\/p>\n","protected":false},"featured_media":374730,"comment_status":"closed","ping_status":"open","template":"","meta":{"_angie_page":false},"product_brand":[],"product_cat":[6332,5591],"product_tag":[],"class_list":{"0":"post-198054","1":"product","2":"type-product","3":"status-publish","4":"has-post-thumbnail","6":"product_cat-dekorationer","7":"product_cat-hjem-og-have","8":"pa_collection-natural-pampus-broom-da","9":"pa_made-in-indonesien","11":"first","12":"instock","13":"purchasable","14":"product-type-simple"},"supplier_id":null,"supplier_sku":"NPB-05","barcode":null,"atum_controlled":true,"out_stock_date":null,"out_stock_threshold":null,"inheritable":false,"inbound_stock":null,"stock_on_hold":0,"sold_today":0,"sales_last_days":0,"reserved_stock":null,"customer_returns":null,"warehouse_damage":null,"lost_in_post":null,"other_logs":null,"out_stock_days":0,"lost_sales":0,"has_location":null,"update_date":"2026-05-02T03:18:25","atum_locations":[],"atum_stock_status":"instock","restock_status":false,"low_stock_amount":"","sales_update_date":"2026-01-30T01:24:26","calc_backorders":null,"_links":{"self":[{"href":"https:\/\/aromasentia.com\/da\/wp-json\/wp\/v2\/product\/198054","targetHints":{"allow":["GET"]}}],"collection":[{"href":"https:\/\/aromasentia.com\/da\/wp-json\/wp\/v2\/product"}],"about":[{"href":"https:\/\/aromasentia.com\/da\/wp-json\/wp\/v2\/types\/product"}],"replies":[{"embeddable":true,"href":"https:\/\/aromasentia.com\/da\/wp-json\/wp\/v2\/comments?post=198054"}],"version-history":[{"count":0,"href":"https:\/\/aromasentia.com\/da\/wp-json\/wp\/v2\/product\/198054\/revisions"}],"wp:featuredmedia":[{"embeddable":true,"href":"https:\/\/aromasentia.com\/da\/wp-json\/wp\/v2\/media\/374730"}],"wp:attachment":[{"href":"https:\/\/aromasentia.com\/da\/wp-json\/wp\/v2\/media?parent=198054"}],"wp:term":[{"taxonomy":"product_brand","embeddable":true,"href":"https:\/\/aromasentia.com\/da\/wp-json\/wp\/v2\/product_brand?post=198054"},{"taxonomy":"product_cat","embeddable":true,"href":"https:\/\/aromasentia.com\/da\/wp-json\/wp\/v2\/product_cat?post=198054"},{"taxonomy":"product_tag","embeddable":true,"href":"https:\/\/aromasentia.com\/da\/wp-json\/wp\/v2\/product_tag?post=198054"}],"curies":[{"name":"wp","href":"https:\/\/api.w.org\/{rel}","templated":true}]}}