{"id":198034,"date":"2025-03-22T16:05:46","date_gmt":"2025-03-22T16:05:46","guid":{"rendered":"https:\/\/aromasentia.com\/product\/small-natural-banana-leaf-lamp-shade-h25xd20cm\/"},"modified":"2025-06-22T03:08:07","modified_gmt":"2025-06-22T03:08:07","slug":"lampeskaerm-af-bananblad-h25xd20cm","status":"publish","type":"product","link":"https:\/\/aromasentia.com\/da\/lampeskaerm-af-bananblad-h25xd20cm\/","title":{"rendered":"Lampesk\u00e6rm Af Bananblad &#8211; H:25Xd:20cm"},"content":{"rendered":"<p>Tilf\u00f8j et strejf af kompakt, naturlig charme med denne Small Natural Banana Leaf Lamp Shade. Denne smukt h\u00e5ndv\u00e6vede lampesk\u00e6rm, der m\u00e5ler H:25 cm x D:20 cm, er fremstillet af naturlige bananblade og er perfekt til mindre lamper. Den spreder lyset varmt og skaber en hyggelig atmosf\u00e6re, samtidig med at den fremh\u00e6ver materialets organiske tekstur og rustikke elegance. En milj\u00f8venlig og h\u00e5ndv\u00e6rksm\u00e6ssig detalje, der giver et strejf af tropisk ro og naturlig sk\u00f8nhed til ethvert lille rum eller l\u00e6sekrog.<\/p>\n","protected":false},"excerpt":{"rendered":"<p>Tilf\u00f8j et strejf af kompakt, naturlig charme med denne Small Natural Banana Leaf Lamp Shade. Denne smukt h\u00e5ndv\u00e6vede lampesk\u00e6rm, der m\u00e5ler H:25 cm x D:20 cm, er fremstillet af naturlige bananblade og er perfekt til mindre lamper. Den spreder lyset varmt og skaber en hyggelig atmosf\u00e6re, samtidig med at den fremh\u00e6ver materialets organiske tekstur og [&hellip;]<\/p>\n","protected":false},"featured_media":374222,"comment_status":"closed","ping_status":"open","template":"","meta":[],"product_brand":[],"product_cat":[5591,6245],"product_tag":[],"class_list":{"0":"post-198034","1":"product","2":"type-product","3":"status-publish","4":"has-post-thumbnail","6":"product_cat-hjem-og-have","7":"product_cat-lamper-og-lyslygter","8":"pa_collection-natural-banana-leaf-hitam-raffia-lamp-shades-da","9":"pa_made-in-indonesien","11":"first","12":"outofstock","13":"purchasable","14":"product-type-simple"},"supplier_id":null,"supplier_sku":"NLAS-01S","barcode":null,"atum_controlled":true,"out_stock_date":"2025-10-09 12:14:32","out_stock_threshold":null,"inheritable":false,"inbound_stock":null,"stock_on_hold":0,"sold_today":0,"sales_last_days":0,"reserved_stock":null,"customer_returns":null,"warehouse_damage":null,"lost_in_post":null,"other_logs":null,"out_stock_days":112,"lost_sales":0,"has_location":null,"update_date":"2026-01-30T01:25:06","atum_locations":[],"atum_stock_status":"outofstock","restock_status":false,"low_stock_amount":"","sales_update_date":"2026-01-30T01:25:06","calc_backorders":null,"_links":{"self":[{"href":"https:\/\/aromasentia.com\/da\/wp-json\/wp\/v2\/product\/198034","targetHints":{"allow":["GET"]}}],"collection":[{"href":"https:\/\/aromasentia.com\/da\/wp-json\/wp\/v2\/product"}],"about":[{"href":"https:\/\/aromasentia.com\/da\/wp-json\/wp\/v2\/types\/product"}],"replies":[{"embeddable":true,"href":"https:\/\/aromasentia.com\/da\/wp-json\/wp\/v2\/comments?post=198034"}],"version-history":[{"count":0,"href":"https:\/\/aromasentia.com\/da\/wp-json\/wp\/v2\/product\/198034\/revisions"}],"wp:featuredmedia":[{"embeddable":true,"href":"https:\/\/aromasentia.com\/da\/wp-json\/wp\/v2\/media\/374222"}],"wp:attachment":[{"href":"https:\/\/aromasentia.com\/da\/wp-json\/wp\/v2\/media?parent=198034"}],"wp:term":[{"taxonomy":"product_brand","embeddable":true,"href":"https:\/\/aromasentia.com\/da\/wp-json\/wp\/v2\/product_brand?post=198034"},{"taxonomy":"product_cat","embeddable":true,"href":"https:\/\/aromasentia.com\/da\/wp-json\/wp\/v2\/product_cat?post=198034"},{"taxonomy":"product_tag","embeddable":true,"href":"https:\/\/aromasentia.com\/da\/wp-json\/wp\/v2\/product_tag?post=198034"}],"curies":[{"name":"wp","href":"https:\/\/api.w.org\/{rel}","templated":true}]}}