{"id":198032,"date":"2025-03-22T16:05:46","date_gmt":"2025-03-22T16:05:46","guid":{"rendered":"https:\/\/aromasentia.com\/product\/natural-banana-leaf-hitam-raffia-lamp-shades-set-of-3\/"},"modified":"2025-06-22T03:08:06","modified_gmt":"2025-06-22T03:08:06","slug":"naturlige-lampeskaerme-af-bananblad-og-hitam-raffia-3stk","status":"publish","type":"product","link":"https:\/\/aromasentia.com\/da\/naturlige-lampeskaerme-af-bananblad-og-hitam-raffia-3stk\/","title":{"rendered":"Naturlige Lampesk\u00e6rme Af Bananblad Og Hitam-Raffia -3Stk."},"content":{"rendered":"<p>S\u00e6t med tre lampesk\u00e6rme af bananblade h\u00e5ndlavet med b\u00e6redygtige materialer i Indonesien. &nbsp;Bananen har mange anvendelsesmuligheder, stilken er nyttig og indeholder fibre, som, hvis de udvindes, kan bruges til at lave forskellige produkter som kurve, m\u00e5tter eller lampesk\u00e6rme. Fiberen er som et reb og kan v\u00e6ves, formes eller rulles. Ancient Wisdom-lampesk\u00e6rme er velegnede til lamper og loftslamper. De vil tilf\u00f8je tekstur og interesse til din kundes indretning. Bring naturen indenfor med disse absolut smukke (og overkommelige) naturlige kunstv\u00e6rker, som dine kunder virkelig vil have lyst til at eje. Du kan ogs\u00e5 lide <a href=\"https:\/\/aromasentia.com\/ncl\"><strong>Naturlig kokosn\u00f8dlampe<\/strong><\/a><\/p>\n<p>Bem\u00e6rk, at dette produkt er fremstillet af naturlige materialer, s\u00e5 den n\u00f8jagtige farve og finish vil variere.&nbsp;<\/p>\n<p><em>Bem\u00e6rk: p\u00e6re og armatur medf\u00f8lger ikke<\/em><\/p>\n<p><strong>Lys naturligt op i dit salg i dag. Fyld lageret op nu.<\/strong><\/p>\n","protected":false},"excerpt":{"rendered":"<p>S\u00e6t med tre lampesk\u00e6rme af bananblade h\u00e5ndlavet med b\u00e6redygtige materialer i Indonesien. &nbsp;Bananen har mange anvendelsesmuligheder, stilken er nyttig og indeholder fibre, som, hvis de udvindes, kan bruges til at lave forskellige produkter som kurve, m\u00e5tter eller lampesk\u00e6rme. Fiberen er som et reb og kan v\u00e6ves, formes eller rulles. Ancient Wisdom-lampesk\u00e6rme er velegnede til lamper [&hellip;]<\/p>\n","protected":false},"featured_media":374196,"comment_status":"closed","ping_status":"open","template":"","meta":{"_angie_page":false},"product_brand":[],"product_cat":[5591,6245],"product_tag":[],"class_list":{"0":"post-198032","1":"product","2":"type-product","3":"status-publish","4":"has-post-thumbnail","6":"product_cat-hjem-og-have","7":"product_cat-lamper-og-lyslygter","8":"pa_collection-natural-banana-leaf-hitam-raffia-lamp-shades-da","9":"pa_made-in-indonesien","11":"first","12":"instock","13":"purchasable","14":"product-type-simple"},"supplier_id":null,"supplier_sku":"NLAS-02","barcode":null,"atum_controlled":true,"out_stock_date":null,"out_stock_threshold":null,"inheritable":false,"inbound_stock":null,"stock_on_hold":0,"sold_today":0,"sales_last_days":0,"reserved_stock":null,"customer_returns":null,"warehouse_damage":null,"lost_in_post":null,"other_logs":null,"out_stock_days":0,"lost_sales":0,"has_location":null,"update_date":"2026-04-30T01:02:25","atum_locations":[],"atum_stock_status":"instock","restock_status":false,"low_stock_amount":"","sales_update_date":"2025-09-04T00:29:08","calc_backorders":null,"_links":{"self":[{"href":"https:\/\/aromasentia.com\/da\/wp-json\/wp\/v2\/product\/198032","targetHints":{"allow":["GET"]}}],"collection":[{"href":"https:\/\/aromasentia.com\/da\/wp-json\/wp\/v2\/product"}],"about":[{"href":"https:\/\/aromasentia.com\/da\/wp-json\/wp\/v2\/types\/product"}],"replies":[{"embeddable":true,"href":"https:\/\/aromasentia.com\/da\/wp-json\/wp\/v2\/comments?post=198032"}],"version-history":[{"count":0,"href":"https:\/\/aromasentia.com\/da\/wp-json\/wp\/v2\/product\/198032\/revisions"}],"wp:featuredmedia":[{"embeddable":true,"href":"https:\/\/aromasentia.com\/da\/wp-json\/wp\/v2\/media\/374196"}],"wp:attachment":[{"href":"https:\/\/aromasentia.com\/da\/wp-json\/wp\/v2\/media?parent=198032"}],"wp:term":[{"taxonomy":"product_brand","embeddable":true,"href":"https:\/\/aromasentia.com\/da\/wp-json\/wp\/v2\/product_brand?post=198032"},{"taxonomy":"product_cat","embeddable":true,"href":"https:\/\/aromasentia.com\/da\/wp-json\/wp\/v2\/product_cat?post=198032"},{"taxonomy":"product_tag","embeddable":true,"href":"https:\/\/aromasentia.com\/da\/wp-json\/wp\/v2\/product_tag?post=198032"}],"curies":[{"name":"wp","href":"https:\/\/api.w.org\/{rel}","templated":true}]}}