{"id":198021,"date":"2025-03-22T16:05:46","date_gmt":"2025-03-22T16:05:46","guid":{"rendered":"https:\/\/aromasentia.com\/product\/banana-leaf-seagrass-square-basket-set-of-3\/"},"modified":"2025-06-22T03:07:59","modified_gmt":"2025-06-22T03:07:59","slug":"firkantet-kurv-med-bananblad-og-soegraes-saet-med-3","status":"publish","type":"product","link":"https:\/\/aromasentia.com\/da\/firkantet-kurv-med-bananblad-og-soegraes-saet-med-3\/","title":{"rendered":"Firkantet Kurv med Bananblad Og S\u00f8gr\u00e6s &#8211; S\u00e6t med 3"},"content":{"rendered":"<p>Karakteriseret ved naturlig tekstur og fremstillet af smukt s\u00f8gr\u00e6s og bananblad. Disse kurve er perfekte til at vise dine produkter frem; de er multifunktionelle kurve, der er h\u00e5ndv\u00e6vede i Indonesien, og de kan v\u00e6re en stilfuld opbevaringsl\u00f8sning, der passer perfekt ind i ethvert hjem, kontor eller endda yogastudie ved at tilbyde en naturlig m\u00e5de at vise frem p\u00e5. Hver kurv er v\u00e6vet af bananfibre og raffia og gennemg\u00e5r en detaljeret proces fra dyrkning til h\u00f8st.&nbsp;<\/p>\n<p>Som du ved, er alt, hvad der har med stueplanter at g\u00f8re og er naturligt, en stor trend, og dette smukke og naturlige produkt er lige i \u00f8jet.<\/p>\n<p>Disse smukke kurves\u00e6t bringer det bedste fra to verdener sammen: naturligt og menneskeskabt; jordn\u00e6rt og elegant og praktisk. Du kan ogs\u00e5 lide <a href=\"https:\/\/aromasentia.com\/nva\"><strong>Seagrass Vase &amp; Bins Sets<\/strong><\/a>, eller du kan s\u00e6tte dem sammen med <a href=\"https:\/\/aromasentia.com\/wholesale_seagrass_rugs\"><strong>Seagrass Rugs<\/strong><\/a><\/p>\n<p>K\u00f8b af en af disse kurve st\u00f8tter producenterne og hj\u00e6lper med at bevare en gammel h\u00e5ndv\u00e6rkstradition p\u00e5 Java.<\/p>\n<p>&#8211; Etisk &#8211; S\u00e6lges i s\u00e6t med to eller tre &#8211; H\u00e5ndlavet i Java &#8211; Milj\u00f8venlig<\/p>\n<p>G\u00f8r en dejlig naturlig udstilling. Bestil i dag.<\/p>\n<p>Dimensioner:&nbsp;<\/p>\n<p>L\u00e6ngde: L:25m D:18cm &nbsp;H:9cm &nbsp;V\u00e6gt: 260g<\/p>\n<p>Medium: L:22cm D:15cm H:7cm &nbsp;V\u00e6gt: 213g<\/p>\n<p>Lille: L:19cm D:9cm H:6,5 cm &nbsp;V\u00e6gt: 80g<\/p>\n","protected":false},"excerpt":{"rendered":"<p>Karakteriseret ved naturlig tekstur og fremstillet af smukt s\u00f8gr\u00e6s og bananblad. Disse kurve er perfekte til at vise dine produkter frem; de er multifunktionelle kurve, der er h\u00e5ndv\u00e6vede i Indonesien, og de kan v\u00e6re en stilfuld opbevaringsl\u00f8sning, der passer perfekt ind i ethvert hjem, kontor eller endda yogastudie ved at tilbyde en naturlig m\u00e5de at [&hellip;]<\/p>\n","protected":false},"featured_media":373777,"comment_status":"closed","ping_status":"open","template":"","meta":[],"product_brand":[],"product_cat":[5591,6318],"product_tag":[],"class_list":{"0":"post-198021","1":"product","2":"type-product","3":"status-publish","4":"has-post-thumbnail","6":"product_cat-hjem-og-have","7":"product_cat-kurve","8":"pa_collection-banana-leaf-seagrass-square-basket-da","9":"pa_made-in-indonesien","11":"first","12":"instock","13":"purchasable","14":"product-type-simple"},"supplier_id":null,"supplier_sku":"NBA-04","barcode":null,"atum_controlled":true,"out_stock_date":null,"out_stock_threshold":null,"inheritable":false,"inbound_stock":null,"stock_on_hold":0,"sold_today":0,"sales_last_days":0,"reserved_stock":null,"customer_returns":null,"warehouse_damage":null,"lost_in_post":null,"other_logs":null,"out_stock_days":0,"lost_sales":0,"has_location":null,"update_date":"2026-01-30T01:25:31","atum_locations":[],"atum_stock_status":"instock","restock_status":false,"low_stock_amount":"","sales_update_date":"2026-01-30T01:25:31","calc_backorders":null,"_links":{"self":[{"href":"https:\/\/aromasentia.com\/da\/wp-json\/wp\/v2\/product\/198021","targetHints":{"allow":["GET"]}}],"collection":[{"href":"https:\/\/aromasentia.com\/da\/wp-json\/wp\/v2\/product"}],"about":[{"href":"https:\/\/aromasentia.com\/da\/wp-json\/wp\/v2\/types\/product"}],"replies":[{"embeddable":true,"href":"https:\/\/aromasentia.com\/da\/wp-json\/wp\/v2\/comments?post=198021"}],"version-history":[{"count":0,"href":"https:\/\/aromasentia.com\/da\/wp-json\/wp\/v2\/product\/198021\/revisions"}],"wp:featuredmedia":[{"embeddable":true,"href":"https:\/\/aromasentia.com\/da\/wp-json\/wp\/v2\/media\/373777"}],"wp:attachment":[{"href":"https:\/\/aromasentia.com\/da\/wp-json\/wp\/v2\/media?parent=198021"}],"wp:term":[{"taxonomy":"product_brand","embeddable":true,"href":"https:\/\/aromasentia.com\/da\/wp-json\/wp\/v2\/product_brand?post=198021"},{"taxonomy":"product_cat","embeddable":true,"href":"https:\/\/aromasentia.com\/da\/wp-json\/wp\/v2\/product_cat?post=198021"},{"taxonomy":"product_tag","embeddable":true,"href":"https:\/\/aromasentia.com\/da\/wp-json\/wp\/v2\/product_tag?post=198021"}],"curies":[{"name":"wp","href":"https:\/\/api.w.org\/{rel}","templated":true}]}}