{"id":197996,"date":"2025-03-22T16:05:46","date_gmt":"2025-03-22T16:05:46","guid":{"rendered":"https:\/\/aromasentia.com\/product\/small-mango-wood-picture-framel-for-10x15cm-20x20x2cm-hansa-white\/"},"modified":"2025-06-22T03:07:47","modified_gmt":"2025-06-22T03:07:47","slug":"mangotrae-billedramme-til-10x15-cm-20x20x2-cm-hansa-hvid","status":"publish","type":"product","link":"https:\/\/aromasentia.com\/da\/mangotrae-billedramme-til-10x15-cm-20x20x2-cm-hansa-hvid\/","title":{"rendered":"Mangotr\u00e6 Billedramme (Til 10X15 cm) 20X20X2 cm &#8211; Hansa &#8211; Hvid"},"content":{"rendered":"<p>Beskyt dine sm\u00e5 skatte med denne lille billedramme i mangotr\u00e6 &#8211; Hamsa &#8211; hvid. Denne charmerende firkantede ramme p\u00e5 20x20x2 cm, der er ideel til mindre fotos, er fremstillet af b\u00e6redygtigt mangotr\u00e6 med en frisk hvid finish og har det beskyttende Hamsa-h\u00e5ndsymbol. Det er en stilfuld og \u00e5ndeligt betydningsfuld m\u00e5de at vise dine k\u00e6reste sm\u00e5 minder p\u00e5, og den tilf\u00f8rer dem positiv energi og let, h\u00e5ndv\u00e6rksm\u00e6ssig charme og sikrer, at de pr\u00e6senteres smukt og meningsfuldt.<\/p>\n","protected":false},"excerpt":{"rendered":"<p>Beskyt dine sm\u00e5 skatte med denne lille billedramme i mangotr\u00e6 &#8211; Hamsa &#8211; hvid. Denne charmerende firkantede ramme p\u00e5 20x20x2 cm, der er ideel til mindre fotos, er fremstillet af b\u00e6redygtigt mangotr\u00e6 med en frisk hvid finish og har det beskyttende Hamsa-h\u00e5ndsymbol. Det er en stilfuld og \u00e5ndeligt betydningsfuld m\u00e5de at vise dine k\u00e6reste sm\u00e5 [&hellip;]<\/p>\n","protected":false},"featured_media":373344,"comment_status":"closed","ping_status":"open","template":"","meta":[],"product_brand":[],"product_cat":[5591],"product_tag":[],"class_list":{"0":"post-197996","1":"product","2":"type-product","3":"status-publish","4":"has-post-thumbnail","6":"product_cat-hjem-og-have","7":"pa_collection-picture-frames-from-mango-wood-da","8":"pa_made-in-indien","10":"first","11":"instock","12":"purchasable","13":"product-type-simple"},"supplier_id":null,"supplier_sku":"MWPF-15","barcode":null,"atum_controlled":true,"out_stock_date":null,"out_stock_threshold":null,"inheritable":false,"inbound_stock":null,"stock_on_hold":0,"sold_today":0,"sales_last_days":0,"reserved_stock":null,"customer_returns":null,"warehouse_damage":null,"lost_in_post":null,"other_logs":null,"out_stock_days":0,"lost_sales":0,"has_location":null,"update_date":"2026-01-30T01:24:44","atum_locations":[],"atum_stock_status":"instock","restock_status":false,"low_stock_amount":"","sales_update_date":"2026-01-30T01:24:44","calc_backorders":null,"_links":{"self":[{"href":"https:\/\/aromasentia.com\/da\/wp-json\/wp\/v2\/product\/197996","targetHints":{"allow":["GET"]}}],"collection":[{"href":"https:\/\/aromasentia.com\/da\/wp-json\/wp\/v2\/product"}],"about":[{"href":"https:\/\/aromasentia.com\/da\/wp-json\/wp\/v2\/types\/product"}],"replies":[{"embeddable":true,"href":"https:\/\/aromasentia.com\/da\/wp-json\/wp\/v2\/comments?post=197996"}],"version-history":[{"count":0,"href":"https:\/\/aromasentia.com\/da\/wp-json\/wp\/v2\/product\/197996\/revisions"}],"wp:featuredmedia":[{"embeddable":true,"href":"https:\/\/aromasentia.com\/da\/wp-json\/wp\/v2\/media\/373344"}],"wp:attachment":[{"href":"https:\/\/aromasentia.com\/da\/wp-json\/wp\/v2\/media?parent=197996"}],"wp:term":[{"taxonomy":"product_brand","embeddable":true,"href":"https:\/\/aromasentia.com\/da\/wp-json\/wp\/v2\/product_brand?post=197996"},{"taxonomy":"product_cat","embeddable":true,"href":"https:\/\/aromasentia.com\/da\/wp-json\/wp\/v2\/product_cat?post=197996"},{"taxonomy":"product_tag","embeddable":true,"href":"https:\/\/aromasentia.com\/da\/wp-json\/wp\/v2\/product_tag?post=197996"}],"curies":[{"name":"wp","href":"https:\/\/api.w.org\/{rel}","templated":true}]}}