{"id":197986,"date":"2025-03-22T16:05:46","date_gmt":"2025-03-22T16:05:46","guid":{"rendered":"https:\/\/aromasentia.com\/product\/lrg-mango-wood-picture-frame-for-13x18cm-28x23x2cm-mandala-white\/"},"modified":"2025-06-22T03:07:43","modified_gmt":"2025-06-22T03:07:43","slug":"mangotrae-billedramme-for-13x18cm-28x23x2cm-mandala-hvid","status":"publish","type":"product","link":"https:\/\/aromasentia.com\/da\/mangotrae-billedramme-for-13x18cm-28x23x2cm-mandala-hvid\/","title":{"rendered":"Mangotr\u00e6 Billedramme (For 13X18cm) 28X23X2cm &#8211; Mandala &#8211; Hvid"},"content":{"rendered":"<p>Indram dine billeder med hellig geometri ved hj\u00e6lp af denne store billedramme i mangotr\u00e6 &#8211; Mandala &#8211; hvid. Denne smukke ramme p\u00e5 28x23x2 cm, der er designet til billeder p\u00e5 13&#215;18 cm, er lavet af b\u00e6redygtigt mangotr\u00e6 med en fredfyldt hvid finish og har et indviklet Mandala-design. Mandalaer symboliserer harmoni, enhed og \u00e5ndelig helhed. Det er en virkelig f\u00e6ngslende m\u00e5de at vise dine k\u00e6re minder p\u00e5, og den tilf\u00f8jer et strejf af opm\u00e6rksom kunst og spirituel elegance til din boligindretning.<\/p>\n","protected":false},"excerpt":{"rendered":"<p>Indram dine billeder med hellig geometri ved hj\u00e6lp af denne store billedramme i mangotr\u00e6 &#8211; Mandala &#8211; hvid. Denne smukke ramme p\u00e5 28x23x2 cm, der er designet til billeder p\u00e5 13&#215;18 cm, er lavet af b\u00e6redygtigt mangotr\u00e6 med en fredfyldt hvid finish og har et indviklet Mandala-design. Mandalaer symboliserer harmoni, enhed og \u00e5ndelig helhed. Det [&hellip;]<\/p>\n","protected":false},"featured_media":373254,"comment_status":"closed","ping_status":"open","template":"","meta":[],"product_brand":[],"product_cat":[5591],"product_tag":[],"class_list":{"0":"post-197986","1":"product","2":"type-product","3":"status-publish","4":"has-post-thumbnail","6":"product_cat-hjem-og-have","7":"pa_collection-picture-frames-from-mango-wood-da","8":"pa_made-in-indien","10":"first","11":"instock","12":"purchasable","13":"product-type-simple"},"supplier_id":null,"supplier_sku":"MWPF-05","barcode":null,"atum_controlled":true,"out_stock_date":null,"out_stock_threshold":null,"inheritable":false,"inbound_stock":null,"stock_on_hold":0,"sold_today":0,"sales_last_days":0,"reserved_stock":null,"customer_returns":null,"warehouse_damage":null,"lost_in_post":null,"other_logs":null,"out_stock_days":0,"lost_sales":0,"has_location":null,"update_date":"2026-02-06T00:01:25","atum_locations":[],"atum_stock_status":"instock","restock_status":false,"low_stock_amount":"","sales_update_date":"2026-02-06T00:01:25","calc_backorders":null,"_links":{"self":[{"href":"https:\/\/aromasentia.com\/da\/wp-json\/wp\/v2\/product\/197986","targetHints":{"allow":["GET"]}}],"collection":[{"href":"https:\/\/aromasentia.com\/da\/wp-json\/wp\/v2\/product"}],"about":[{"href":"https:\/\/aromasentia.com\/da\/wp-json\/wp\/v2\/types\/product"}],"replies":[{"embeddable":true,"href":"https:\/\/aromasentia.com\/da\/wp-json\/wp\/v2\/comments?post=197986"}],"version-history":[{"count":0,"href":"https:\/\/aromasentia.com\/da\/wp-json\/wp\/v2\/product\/197986\/revisions"}],"wp:featuredmedia":[{"embeddable":true,"href":"https:\/\/aromasentia.com\/da\/wp-json\/wp\/v2\/media\/373254"}],"wp:attachment":[{"href":"https:\/\/aromasentia.com\/da\/wp-json\/wp\/v2\/media?parent=197986"}],"wp:term":[{"taxonomy":"product_brand","embeddable":true,"href":"https:\/\/aromasentia.com\/da\/wp-json\/wp\/v2\/product_brand?post=197986"},{"taxonomy":"product_cat","embeddable":true,"href":"https:\/\/aromasentia.com\/da\/wp-json\/wp\/v2\/product_cat?post=197986"},{"taxonomy":"product_tag","embeddable":true,"href":"https:\/\/aromasentia.com\/da\/wp-json\/wp\/v2\/product_tag?post=197986"}],"curies":[{"name":"wp","href":"https:\/\/api.w.org\/{rel}","templated":true}]}}