{"id":197964,"date":"2025-03-22T16:05:46","date_gmt":"2025-03-22T16:05:46","guid":{"rendered":"https:\/\/aromasentia.com\/product\/molten-coloured-glass-on-wood-medium-bowl\/"},"modified":"2025-06-22T03:07:32","modified_gmt":"2025-06-22T03:07:32","slug":"smeltet-farvet-glas-paa-trae-mellemstor-skaal","status":"publish","type":"product","link":"https:\/\/aromasentia.com\/da\/smeltet-farvet-glas-paa-trae-mellemstor-skaal\/","title":{"rendered":"Smeltet Farvet Glas P\u00e5 Tr\u00e6 &#8211; Mellemstor Sk\u00e5l"},"content":{"rendered":"<p><strong><span style=\"color: rgb(75, 80, 88);\">Smeltet farvet glas p\u00e5 tr\u00e6 &#8211; Mellemstor sk\u00e5l<\/span><\/strong><span style=\"color: rgb(75, 80, 88);\">&nbsp;<\/span>c<span style=\"color: rgb(75, 80, 88);\">H\u00e5ndlavet p\u00e5 Bali af <strong>genbrugsglas<\/strong> og balinesisk b\u00e6redygtigt Gamal-tr\u00e6. Dette fantastiske kunstv\u00e6rk forener det bedste fra to verdener: naturligt og menneskeskabt; jordn\u00e6rt og elegant; praktisk og spirituelt.<\/span><\/p>\n<p><span style=\"color: rgb(75, 80, 88);\">Glasset er mundbl\u00e6st, og mens det stadig er varmt, l\u00e6gges det over et stykke Gamal-rod, hvorefter glasset h\u00e6rder til tr\u00e6ets form, hvilket sikrer en perfekt pasform. Den er fremstillet af et naturprodukt ved hj\u00e6lp af h\u00e5ndv\u00e6rkt\u00f8j p\u00e5 traditionel balinesisk vis.<\/span><\/p>\n<p><span style=\"color: rgb(75, 80, 88);\">Smeltet glas p\u00e5 tr\u00e6 giver en unik ramme til sten og luftplanter, afsk\u00e5rne blomster, et akvarium eller en vinkaraffel. Din kunde vil elske den. Den kan bruges til stueplanter, zenhaver, akvariefisk eller flydelys.<\/span><\/p>\n<p><span style=\"color: rgb(75, 80, 88);\"><em>* <strong>Milj\u00f8venlig,<\/strong> h\u00e5ndlavet af 100% genbrugsglas *<\/em><\/span><\/p>\n<p><em><span style=\"color: rgb(75, 80, 88);\">* Lavet af Gamal-tr\u00e6rod og mundbl\u00e6st glas *<\/span><\/em><\/p>\n<p><span style=\"color: rgb(75, 80, 88);\"><em>* <strong>H\u00e5ndlavet<\/strong>af dygtige glaspustere *<\/em><\/span><\/p>\n","protected":false},"excerpt":{"rendered":"<p>Smeltet farvet glas p\u00e5 tr\u00e6 &#8211; Mellemstor sk\u00e5l&nbsp;cH\u00e5ndlavet p\u00e5 Bali af genbrugsglas og balinesisk b\u00e6redygtigt Gamal-tr\u00e6. Dette fantastiske kunstv\u00e6rk forener det bedste fra to verdener: naturligt og menneskeskabt; jordn\u00e6rt og elegant; praktisk og spirituelt. Glasset er mundbl\u00e6st, og mens det stadig er varmt, l\u00e6gges det over et stykke Gamal-rod, hvorefter glasset h\u00e6rder til tr\u00e6ets form, [&hellip;]<\/p>\n","protected":false},"featured_media":372656,"comment_status":"closed","ping_status":"open","template":"","meta":{"_angie_page":false},"product_brand":[],"product_cat":[6281,5591],"product_tag":[],"class_list":{"0":"post-197964","1":"product","2":"type-product","3":"status-publish","4":"has-post-thumbnail","6":"product_cat-glasdekorationer","7":"product_cat-hjem-og-have","8":"pa_collection-molten-glass-on-wood-da","9":"pa_made-in-indonesien","11":"first","12":"instock","13":"purchasable","14":"product-type-simple"},"supplier_id":null,"supplier_sku":"MGW-40","barcode":null,"atum_controlled":true,"out_stock_date":null,"out_stock_threshold":null,"inheritable":false,"inbound_stock":null,"stock_on_hold":0,"sold_today":0,"sales_last_days":0,"reserved_stock":null,"customer_returns":null,"warehouse_damage":null,"lost_in_post":null,"other_logs":null,"out_stock_days":0,"lost_sales":0,"has_location":null,"update_date":"2026-04-27T07:12:49","atum_locations":[],"atum_stock_status":"instock","restock_status":false,"low_stock_amount":"","sales_update_date":"2025-09-05T00:29:30","calc_backorders":null,"_links":{"self":[{"href":"https:\/\/aromasentia.com\/da\/wp-json\/wp\/v2\/product\/197964","targetHints":{"allow":["GET"]}}],"collection":[{"href":"https:\/\/aromasentia.com\/da\/wp-json\/wp\/v2\/product"}],"about":[{"href":"https:\/\/aromasentia.com\/da\/wp-json\/wp\/v2\/types\/product"}],"replies":[{"embeddable":true,"href":"https:\/\/aromasentia.com\/da\/wp-json\/wp\/v2\/comments?post=197964"}],"version-history":[{"count":0,"href":"https:\/\/aromasentia.com\/da\/wp-json\/wp\/v2\/product\/197964\/revisions"}],"wp:featuredmedia":[{"embeddable":true,"href":"https:\/\/aromasentia.com\/da\/wp-json\/wp\/v2\/media\/372656"}],"wp:attachment":[{"href":"https:\/\/aromasentia.com\/da\/wp-json\/wp\/v2\/media?parent=197964"}],"wp:term":[{"taxonomy":"product_brand","embeddable":true,"href":"https:\/\/aromasentia.com\/da\/wp-json\/wp\/v2\/product_brand?post=197964"},{"taxonomy":"product_cat","embeddable":true,"href":"https:\/\/aromasentia.com\/da\/wp-json\/wp\/v2\/product_cat?post=197964"},{"taxonomy":"product_tag","embeddable":true,"href":"https:\/\/aromasentia.com\/da\/wp-json\/wp\/v2\/product_tag?post=197964"}],"curies":[{"name":"wp","href":"https:\/\/api.w.org\/{rel}","templated":true}]}}