{"id":197962,"date":"2025-03-22T16:05:46","date_gmt":"2025-03-22T16:05:46","guid":{"rendered":"https:\/\/aromasentia.com\/product\/molten-glass-arfully-misshapen-bowl-on-wood\/"},"modified":"2025-06-22T03:07:32","modified_gmt":"2025-06-22T03:07:32","slug":"smeltet-glas-kunstfaerdigt-misdannet-skaal-paa-trae","status":"publish","type":"product","link":"https:\/\/aromasentia.com\/da\/smeltet-glas-kunstfaerdigt-misdannet-skaal-paa-trae\/","title":{"rendered":"Smeltet Glas, Kunstf\u00e6rdigt misdannet Sk\u00e5l P\u00e5 Tr\u00e6"},"content":{"rendered":"<p><span style=\"color: rgb(75, 80, 88);\"><strong>Smeltet glas &#8211; kunstf\u00e6rdigt misformet sk\u00e5l p\u00e5 tr\u00e6<\/strong> &#8211; en betagende fusion af kunstnerisk udf\u00f8relse og naturlig charme.<\/span><\/p>\n<p><span style=\"color: rgb(75, 80, 88);\">Det kreativt misformede design af smeltet glas introducerer et strejf af individualitet og danner et sl\u00e5ende midtpunkt.<\/span><\/p>\n<p><span style=\"color: rgb(75, 80, 88);\">Sammen med en base af Gamal-tr\u00e6 er hver sk\u00e5l kombineret med omhyggeligt udvalgt tr\u00e6, hvilket sikrer, at hvert element i denne kollektion er en unik og i\u00f8jnefaldende tilf\u00f8jelse til dine tilbud.<\/span><\/p>\n","protected":false},"excerpt":{"rendered":"<p>Smeltet glas &#8211; kunstf\u00e6rdigt misformet sk\u00e5l p\u00e5 tr\u00e6 &#8211; en betagende fusion af kunstnerisk udf\u00f8relse og naturlig charme. Det kreativt misformede design af smeltet glas introducerer et strejf af individualitet og danner et sl\u00e5ende midtpunkt. Sammen med en base af Gamal-tr\u00e6 er hver sk\u00e5l kombineret med omhyggeligt udvalgt tr\u00e6, hvilket sikrer, at hvert element i [&hellip;]<\/p>\n","protected":false},"featured_media":372606,"comment_status":"closed","ping_status":"open","template":"","meta":{"_angie_page":false},"product_brand":[],"product_cat":[6281,5591],"product_tag":[],"class_list":{"0":"post-197962","1":"product","2":"type-product","3":"status-publish","4":"has-post-thumbnail","6":"product_cat-glasdekorationer","7":"product_cat-hjem-og-have","8":"pa_collection-molten-glass-on-wood-da","9":"pa_made-in-indonesien","11":"first","12":"instock","13":"purchasable","14":"product-type-simple"},"supplier_id":null,"supplier_sku":"MGW-36","barcode":null,"atum_controlled":true,"out_stock_date":null,"out_stock_threshold":null,"inheritable":false,"inbound_stock":null,"stock_on_hold":0,"sold_today":0,"sales_last_days":0,"reserved_stock":null,"customer_returns":null,"warehouse_damage":null,"lost_in_post":null,"other_logs":null,"out_stock_days":0,"lost_sales":0,"has_location":null,"update_date":"2026-04-27T07:12:49","atum_locations":[],"atum_stock_status":"instock","restock_status":false,"low_stock_amount":"","sales_update_date":"2026-01-30T01:24:55","calc_backorders":null,"_links":{"self":[{"href":"https:\/\/aromasentia.com\/da\/wp-json\/wp\/v2\/product\/197962","targetHints":{"allow":["GET"]}}],"collection":[{"href":"https:\/\/aromasentia.com\/da\/wp-json\/wp\/v2\/product"}],"about":[{"href":"https:\/\/aromasentia.com\/da\/wp-json\/wp\/v2\/types\/product"}],"replies":[{"embeddable":true,"href":"https:\/\/aromasentia.com\/da\/wp-json\/wp\/v2\/comments?post=197962"}],"version-history":[{"count":0,"href":"https:\/\/aromasentia.com\/da\/wp-json\/wp\/v2\/product\/197962\/revisions"}],"wp:featuredmedia":[{"embeddable":true,"href":"https:\/\/aromasentia.com\/da\/wp-json\/wp\/v2\/media\/372606"}],"wp:attachment":[{"href":"https:\/\/aromasentia.com\/da\/wp-json\/wp\/v2\/media?parent=197962"}],"wp:term":[{"taxonomy":"product_brand","embeddable":true,"href":"https:\/\/aromasentia.com\/da\/wp-json\/wp\/v2\/product_brand?post=197962"},{"taxonomy":"product_cat","embeddable":true,"href":"https:\/\/aromasentia.com\/da\/wp-json\/wp\/v2\/product_cat?post=197962"},{"taxonomy":"product_tag","embeddable":true,"href":"https:\/\/aromasentia.com\/da\/wp-json\/wp\/v2\/product_tag?post=197962"}],"curies":[{"name":"wp","href":"https:\/\/api.w.org\/{rel}","templated":true}]}}