{"id":197959,"date":"2025-03-22T16:05:46","date_gmt":"2025-03-22T16:05:46","guid":{"rendered":"https:\/\/aromasentia.com\/product\/molten-crackled-glass-tank-on-wood\/"},"modified":"2025-06-22T03:07:28","modified_gmt":"2025-06-22T03:07:28","slug":"tank-af-smeltet-krakeleret-glas-paa-trae","status":"publish","type":"product","link":"https:\/\/aromasentia.com\/da\/tank-af-smeltet-krakeleret-glas-paa-trae\/","title":{"rendered":"Tank Af Smeltet Krakeleret Glas P\u00e5 Tr\u00e6"},"content":{"rendered":"<p><span style=\"color: rgb(75, 80, 88);\">Vi pr\u00e6senterer en Bali-sensation: H\u00e5ndlavet smeltet glas p\u00e5 tr\u00e6, et sandt mesterv\u00e6rk, der har taget Bali med storm!<\/span><\/p>\n<p><span style=\"color: rgb(75, 80, 88);\">H\u00e5ndlavet p\u00e5 Bali med et strejf af kunstnerisk kunnen forener disse <strong>smeltede, kn\u00e6kkede glastanke p\u00e5 tr\u00e6<\/strong>to verdener i perfekt harmoni: det naturlige og det kunstneriske; det rustikke og det sofistikerede; det funktionelle og det spirituelle. Processen begynder med den dygtige h\u00e5ndpustning af glas, efterfulgt af den kunstneriske afslapning af glasset over en balinesisk Gamal-tr\u00e6rod, mens det stadig er varmt. Efterh\u00e5nden som glasset k\u00f8ler af og st\u00f8rkner, former det sig yndefuldt efter tr\u00e6ets konturer og skaber en fejlfri fusion.<\/span><\/p>\n<p><span style=\"color: rgb(75, 80, 88);\">Velkommen naturens sk\u00f8nhed ind i dine rum med disse utroligt fantastiske og overraskende overkommelige stykker naturlig kunst. Dine kunder vil helt sikkert forelske sig i disse unikke kreationer \u2013 en f\u00e6ngslende blanding af kunst og natur.<\/span><\/p>\n<p><span style=\"color: rgb(75, 80, 88);\"><strong>Bem\u00e6rk venligst: P\u00e5 grund af dette produkts h\u00e5ndlavede natur kan der v\u00e6re sm\u00e5 ufuldkommenheder i glasset, s\u00e5som sm\u00e5 bobler og lette ridser. St\u00f8rrelser og design kan variere en smule.<\/strong><\/span><\/p>\n<p><span style=\"color: rgb(141, 186, 216);\"><strong>Lav en smuk naturlig udstilling og \u00f8g et godt salg. Tilf\u00f8j til produktportef\u00f8ljen i dag.<\/strong><\/span><\/p>\n","protected":false},"excerpt":{"rendered":"<p>Vi pr\u00e6senterer en Bali-sensation: H\u00e5ndlavet smeltet glas p\u00e5 tr\u00e6, et sandt mesterv\u00e6rk, der har taget Bali med storm! H\u00e5ndlavet p\u00e5 Bali med et strejf af kunstnerisk kunnen forener disse smeltede, kn\u00e6kkede glastanke p\u00e5 tr\u00e6to verdener i perfekt harmoni: det naturlige og det kunstneriske; det rustikke og det sofistikerede; det funktionelle og det spirituelle. Processen begynder [&hellip;]<\/p>\n","protected":false},"featured_media":372539,"comment_status":"closed","ping_status":"open","template":"","meta":{"_angie_page":false},"product_brand":[],"product_cat":[6281,5591],"product_tag":[],"class_list":{"0":"post-197959","1":"product","2":"type-product","3":"status-publish","4":"has-post-thumbnail","6":"product_cat-glasdekorationer","7":"product_cat-hjem-og-have","8":"pa_collection-molten-glass-on-wood-da","9":"pa_made-in-indonesien","11":"first","12":"instock","13":"purchasable","14":"product-type-simple"},"supplier_id":null,"supplier_sku":"MGW-37","barcode":null,"atum_controlled":true,"out_stock_date":null,"out_stock_threshold":null,"inheritable":false,"inbound_stock":null,"stock_on_hold":0,"sold_today":0,"sales_last_days":0,"reserved_stock":null,"customer_returns":null,"warehouse_damage":null,"lost_in_post":null,"other_logs":null,"out_stock_days":0,"lost_sales":0,"has_location":null,"update_date":"2026-05-08T05:13:10","atum_locations":[],"atum_stock_status":"instock","restock_status":false,"low_stock_amount":"","sales_update_date":"2026-02-06T00:02:06","calc_backorders":null,"_links":{"self":[{"href":"https:\/\/aromasentia.com\/da\/wp-json\/wp\/v2\/product\/197959","targetHints":{"allow":["GET"]}}],"collection":[{"href":"https:\/\/aromasentia.com\/da\/wp-json\/wp\/v2\/product"}],"about":[{"href":"https:\/\/aromasentia.com\/da\/wp-json\/wp\/v2\/types\/product"}],"replies":[{"embeddable":true,"href":"https:\/\/aromasentia.com\/da\/wp-json\/wp\/v2\/comments?post=197959"}],"version-history":[{"count":0,"href":"https:\/\/aromasentia.com\/da\/wp-json\/wp\/v2\/product\/197959\/revisions"}],"wp:featuredmedia":[{"embeddable":true,"href":"https:\/\/aromasentia.com\/da\/wp-json\/wp\/v2\/media\/372539"}],"wp:attachment":[{"href":"https:\/\/aromasentia.com\/da\/wp-json\/wp\/v2\/media?parent=197959"}],"wp:term":[{"taxonomy":"product_brand","embeddable":true,"href":"https:\/\/aromasentia.com\/da\/wp-json\/wp\/v2\/product_brand?post=197959"},{"taxonomy":"product_cat","embeddable":true,"href":"https:\/\/aromasentia.com\/da\/wp-json\/wp\/v2\/product_cat?post=197959"},{"taxonomy":"product_tag","embeddable":true,"href":"https:\/\/aromasentia.com\/da\/wp-json\/wp\/v2\/product_tag?post=197959"}],"curies":[{"name":"wp","href":"https:\/\/api.w.org\/{rel}","templated":true}]}}