{"id":197958,"date":"2025-03-22T16:05:46","date_gmt":"2025-03-22T16:05:46","guid":{"rendered":"https:\/\/aromasentia.com\/product\/molton-glass-mini-blue-bowl-on-wood\/"},"modified":"2025-06-22T03:07:28","modified_gmt":"2025-06-22T03:07:28","slug":"smeltet-glas-mini-blue-bowl-paa-trae","status":"publish","type":"product","link":"https:\/\/aromasentia.com\/da\/smeltet-glas-mini-blue-bowl-paa-trae\/","title":{"rendered":"Smeltet Glas Mini Blue Bowl P\u00e5 Tr\u00e6"},"content":{"rendered":"<p><strong>Wholesale Molten Glass Mini Blue Bowl on Wood<\/strong><\/p>\n<p>Som du ved, er alt, hvad der har med stueplanter at g\u00f8re og er naturligt, en stor trend, og dette smukke og naturlige produkt er lige i \u00f8jet. De er fremstillet i h\u00e5nden af genbrugsglas og gamal tr\u00e6. Disse smukke smeltede glasstykker bringer det bedste fra to verdener sammen: naturligt og menneskeskabt; jordn\u00e6rt og elegant; praktisk og spirituelt.&nbsp;<\/p>\n<p>Produktst\u00f8rrelse: sk\u00e5l p\u00e5 tr\u00e6et: L:12cm H:7cm &nbsp;sk\u00e5lst\u00f8rrelse: D: 6cm H:5cm V\u00e6gt: 400g&nbsp;<\/p>\n<p><em>Bem\u00e6rk venligst: P\u00e5 grund af dette produkts h\u00e5ndlavede karakter kan der v\u00e6re sm\u00e5 ufuldkommenheder i glasset, s\u00e5som sm\u00e5 bobler og lette ridser. St\u00f8rrelser og design kan variere en smule.<\/em><\/p>\n","protected":false},"excerpt":{"rendered":"<p>Wholesale Molten Glass Mini Blue Bowl on Wood Som du ved, er alt, hvad der har med stueplanter at g\u00f8re og er naturligt, en stor trend, og dette smukke og naturlige produkt er lige i \u00f8jet. De er fremstillet i h\u00e5nden af genbrugsglas og gamal tr\u00e6. Disse smukke smeltede glasstykker bringer det bedste fra to [&hellip;]<\/p>\n","protected":false},"featured_media":372506,"comment_status":"closed","ping_status":"open","template":"","meta":{"_angie_page":false},"product_brand":[],"product_cat":[6281,5591],"product_tag":[],"class_list":{"0":"post-197958","1":"product","2":"type-product","3":"status-publish","4":"has-post-thumbnail","6":"product_cat-glasdekorationer","7":"product_cat-hjem-og-have","8":"pa_collection-molten-glass-on-wood-da","9":"pa_made-in-indonesien","11":"first","12":"instock","13":"purchasable","14":"product-type-simple"},"supplier_id":null,"supplier_sku":"MGW-34","barcode":null,"atum_controlled":true,"out_stock_date":null,"out_stock_threshold":null,"inheritable":false,"inbound_stock":null,"stock_on_hold":0,"sold_today":0,"sales_last_days":0,"reserved_stock":null,"customer_returns":null,"warehouse_damage":null,"lost_in_post":null,"other_logs":null,"out_stock_days":0,"lost_sales":0,"has_location":null,"update_date":"2026-05-08T05:13:10","atum_locations":[],"atum_stock_status":"instock","restock_status":false,"low_stock_amount":"","sales_update_date":"2025-09-05T00:29:31","calc_backorders":null,"_links":{"self":[{"href":"https:\/\/aromasentia.com\/da\/wp-json\/wp\/v2\/product\/197958","targetHints":{"allow":["GET"]}}],"collection":[{"href":"https:\/\/aromasentia.com\/da\/wp-json\/wp\/v2\/product"}],"about":[{"href":"https:\/\/aromasentia.com\/da\/wp-json\/wp\/v2\/types\/product"}],"replies":[{"embeddable":true,"href":"https:\/\/aromasentia.com\/da\/wp-json\/wp\/v2\/comments?post=197958"}],"version-history":[{"count":0,"href":"https:\/\/aromasentia.com\/da\/wp-json\/wp\/v2\/product\/197958\/revisions"}],"wp:featuredmedia":[{"embeddable":true,"href":"https:\/\/aromasentia.com\/da\/wp-json\/wp\/v2\/media\/372506"}],"wp:attachment":[{"href":"https:\/\/aromasentia.com\/da\/wp-json\/wp\/v2\/media?parent=197958"}],"wp:term":[{"taxonomy":"product_brand","embeddable":true,"href":"https:\/\/aromasentia.com\/da\/wp-json\/wp\/v2\/product_brand?post=197958"},{"taxonomy":"product_cat","embeddable":true,"href":"https:\/\/aromasentia.com\/da\/wp-json\/wp\/v2\/product_cat?post=197958"},{"taxonomy":"product_tag","embeddable":true,"href":"https:\/\/aromasentia.com\/da\/wp-json\/wp\/v2\/product_tag?post=197958"}],"curies":[{"name":"wp","href":"https:\/\/api.w.org\/{rel}","templated":true}]}}