{"id":197957,"date":"2025-03-22T16:05:46","date_gmt":"2025-03-22T16:05:46","guid":{"rendered":"https:\/\/aromasentia.com\/product\/molton-glass-v-shaped-art-vase-on-wood\/"},"modified":"2025-06-22T03:07:28","modified_gmt":"2025-06-22T03:07:28","slug":"smeltet-glas-v-formet-kunstvase-paa-trae","status":"publish","type":"product","link":"https:\/\/aromasentia.com\/da\/smeltet-glas-v-formet-kunstvase-paa-trae\/","title":{"rendered":"Smeltet Glas V-Formet Kunstvase P\u00e5 Tr\u00e6"},"content":{"rendered":"<p><strong>Ancient Wisdom Handmade Melted Glass on Wood<\/strong> er endelig kommet. Sandsynligvis den bedste ting fra Bali i \u00e5revis. I Holland er det allerede en massiv trend. Alt, hvad der har med stueplanter at g\u00f8re og er naturligt, er en stor trend, og dette smukke og naturlige produkt er lige i \u00f8jet. De er fremstillet i h\u00e5nden p\u00e5 Bali af genbrugsglas og balinesisk Gamal-tr\u00e6. Denne fantastiske smeltede kunstglasvase bringer det bedste fra to verdener sammen: naturligt og menneskeskabt, jordn\u00e6rt og chikt og praktisk og spirituelt.&nbsp;<\/p>\n<p>Glasset er h\u00e5ndbl\u00e6st, og mens det stadig er varmt, slappes det af over et stykke Gamal-rod. Glasset h\u00e6rder derefter til tr\u00e6ets form og sikrer en perfekt pasform. De er fremstillet af et naturprodukt og h\u00e5ndv\u00e6rkt\u00f8j p\u00e5 traditionel balinesisk vis. Hver genstand er unik, da de er lavet af naturligt, b\u00e6redygtigt Gamal-tr\u00e6, og genbrugsglasset er formet, s\u00e5 det passer, hvilket bidrager til autenticiteten. <strong>Dine kunder vil elske det.<\/strong> De kan bruges til stueplanter, zenhaver eller sv\u00e6vende lys.<\/p>\n<p>Bring naturen indenfor med disse fantastiske og prisvenlige naturlige kunstv\u00e6rker.<\/p>\n<p><strong>Lav en dejlig naturlig udstilling, og f\u00e5 et godt salg. &nbsp;Bestil i dag.<\/strong><\/p>\n<p><strong>St\u00f8rrelse: H:20cm D:9cm, B:14cm, 600ml (bem\u00e6rk venligst, at st\u00f8rrelserne kan variere lidt)&nbsp;<\/strong><\/p>\n<p><\/p>\n<p><strong>Bem\u00e6rk venligst: P\u00e5 grund af dette produkts h\u00e5ndlavede karakter kan der v\u00e6re mindre ufuldkommenheder i glasset, s\u00e5som sm\u00e5 bobler og lette ridser. St\u00f8rrelser og design kan variere en smule.<\/strong><\/p>\n","protected":false},"excerpt":{"rendered":"<p>Ancient Wisdom Handmade Melted Glass on Wood er endelig kommet. Sandsynligvis den bedste ting fra Bali i \u00e5revis. I Holland er det allerede en massiv trend. Alt, hvad der har med stueplanter at g\u00f8re og er naturligt, er en stor trend, og dette smukke og naturlige produkt er lige i \u00f8jet. De er fremstillet i [&hellip;]<\/p>\n","protected":false},"featured_media":372489,"comment_status":"closed","ping_status":"open","template":"","meta":{"_angie_page":false},"product_brand":[],"product_cat":[6281,5591],"product_tag":[],"class_list":{"0":"post-197957","1":"product","2":"type-product","3":"status-publish","4":"has-post-thumbnail","6":"product_cat-glasdekorationer","7":"product_cat-hjem-og-have","8":"pa_collection-molten-glass-on-wood-da","9":"pa_made-in-indonesien","11":"first","12":"instock","13":"purchasable","14":"product-type-simple"},"supplier_id":null,"supplier_sku":"MGW-29","barcode":null,"atum_controlled":true,"out_stock_date":null,"out_stock_threshold":null,"inheritable":false,"inbound_stock":null,"stock_on_hold":0,"sold_today":0,"sales_last_days":0,"reserved_stock":null,"customer_returns":null,"warehouse_damage":null,"lost_in_post":null,"other_logs":null,"out_stock_days":0,"lost_sales":0,"has_location":null,"update_date":"2026-05-08T05:13:10","atum_locations":[],"atum_stock_status":"instock","restock_status":false,"low_stock_amount":"","sales_update_date":"2026-02-06T00:02:04","calc_backorders":null,"_links":{"self":[{"href":"https:\/\/aromasentia.com\/da\/wp-json\/wp\/v2\/product\/197957","targetHints":{"allow":["GET"]}}],"collection":[{"href":"https:\/\/aromasentia.com\/da\/wp-json\/wp\/v2\/product"}],"about":[{"href":"https:\/\/aromasentia.com\/da\/wp-json\/wp\/v2\/types\/product"}],"replies":[{"embeddable":true,"href":"https:\/\/aromasentia.com\/da\/wp-json\/wp\/v2\/comments?post=197957"}],"version-history":[{"count":0,"href":"https:\/\/aromasentia.com\/da\/wp-json\/wp\/v2\/product\/197957\/revisions"}],"wp:featuredmedia":[{"embeddable":true,"href":"https:\/\/aromasentia.com\/da\/wp-json\/wp\/v2\/media\/372489"}],"wp:attachment":[{"href":"https:\/\/aromasentia.com\/da\/wp-json\/wp\/v2\/media?parent=197957"}],"wp:term":[{"taxonomy":"product_brand","embeddable":true,"href":"https:\/\/aromasentia.com\/da\/wp-json\/wp\/v2\/product_brand?post=197957"},{"taxonomy":"product_cat","embeddable":true,"href":"https:\/\/aromasentia.com\/da\/wp-json\/wp\/v2\/product_cat?post=197957"},{"taxonomy":"product_tag","embeddable":true,"href":"https:\/\/aromasentia.com\/da\/wp-json\/wp\/v2\/product_tag?post=197957"}],"curies":[{"name":"wp","href":"https:\/\/api.w.org\/{rel}","templated":true}]}}