{"id":197950,"date":"2025-03-22T16:05:57","date_gmt":"2025-03-22T16:05:57","guid":{"rendered":"https:\/\/aromasentia.com\/product\/recycled-beer-bottles-mini-flower-vase-on-wood\/"},"modified":"2025-06-22T03:07:25","modified_gmt":"2025-06-22T03:07:25","slug":"genbrugte-oelflasker-mini-blomstervase-paa-trae","status":"publish","type":"product","link":"https:\/\/aromasentia.com\/da\/genbrugte-oelflasker-mini-blomstervase-paa-trae\/","title":{"rendered":"Genbrugte \u00d8lflasker &#8211; Mini Blomstervase P\u00e5 Tr\u00e6"},"content":{"rendered":"<p><span style=\"color: rgb(75, 80, 88);\"><strong>Smeltede genbrugs\u00f8lflasker i glas p\u00e5 tr\u00e6<\/strong> er et unikt og milj\u00f8venligt produkt, der kombinerer sk\u00f8nheden i gr\u00f8nt glas med varmen fra naturligt tr\u00e6. Produktet er lavet ved at smelte brugte \u00f8lflasker og forme dem til en smuk, organisk form. Det smeltede glas placeres derefter p\u00e5 en tr\u00e6base, hvilket tilf\u00f8jer et jordn\u00e6rt og rustikt pr\u00e6g til det overordnede design.<\/span><\/p>\n<p><span style=\"color: rgb(75, 80, 88);\">Processen med at skabe smeltede genbrugs\u00f8lflasker i glas p\u00e5 tr\u00e6 involverer en stor m\u00e6ngde f\u00e6rdigheder og h\u00e5ndv\u00e6rk. Hvert stykke er h\u00e5ndlavet og unikt, hvilket betyder, at ingen to produkter vil v\u00e6re n\u00f8jagtig ens. Dette g\u00f8r hver vare til et unikt kunstv\u00e6rk, der vil tilf\u00f8je et strejf af elegance og individualitet til ethvert rum.<\/span><\/p>\n<p><span style=\"color: rgb(75, 80, 88);\">Bem\u00e6rk venligst: P\u00e5 grund af dette produkts h\u00e5ndlavede natur kan der v\u00e6re sm\u00e5 ufuldkommenheder i glasset, s\u00e5som sm\u00e5 bobler og lette ridser. St\u00f8rrelser og design kan variere en smule. &nbsp;<\/span><\/p>\n<p><span style=\"color: rgb(75, 80, 88);\"><strong>H\u00e5ndlavet i Indonesien \u2013 Hvert stykke er unikt \u2013 Lavet af genbrugte \u00f8lflasker &nbsp;<\/strong><\/span><\/p>\n<p><span style=\"color: rgb(75, 80, 88);\">Ca. dimensioner:<\/span><\/p>\n<p><span style=\"color: rgb(75, 80, 88);\">L: 12 cm<\/span><\/p>\n<p><span style=\"color: rgb(75, 80, 88);\">B: 8 cm<\/span><\/p>\n<p><span style=\"color: rgb(75, 80, 88);\">H: 10,5 cm<\/span><\/p>\n<p><span style=\"color: rgb(75, 80, 88);\">Diameter \u00f8verst: 2 cm<\/span><\/p>\n<p><span style=\"color: rgb(75, 80, 88);\">Kapacitet: 25 ml<\/span><\/p>\n","protected":false},"excerpt":{"rendered":"<p>Smeltede genbrugs\u00f8lflasker i glas p\u00e5 tr\u00e6 er et unikt og milj\u00f8venligt produkt, der kombinerer sk\u00f8nheden i gr\u00f8nt glas med varmen fra naturligt tr\u00e6. Produktet er lavet ved at smelte brugte \u00f8lflasker og forme dem til en smuk, organisk form. Det smeltede glas placeres derefter p\u00e5 en tr\u00e6base, hvilket tilf\u00f8jer et jordn\u00e6rt og rustikt pr\u00e6g til [&hellip;]<\/p>\n","protected":false},"featured_media":377006,"comment_status":"closed","ping_status":"open","template":"","meta":[],"product_brand":[],"product_cat":[6281,5591,6268],"product_tag":[],"class_list":{"0":"post-197950","1":"product","2":"type-product","3":"status-publish","4":"has-post-thumbnail","6":"product_cat-glasdekorationer","7":"product_cat-hjem-og-have","8":"product_cat-traedekorationer","9":"pa_collection-molten-recycled-beer-bottles-glass-on-wood-da","10":"pa_made-in-indonesien","12":"first","13":"outofstock","14":"purchasable","15":"product-type-simple"},"supplier_id":null,"supplier_sku":"RBB-07","barcode":null,"atum_controlled":true,"out_stock_date":"2025-09-05 13:57:45","out_stock_threshold":null,"inheritable":false,"inbound_stock":null,"stock_on_hold":0,"sold_today":0,"sales_last_days":0,"reserved_stock":null,"customer_returns":null,"warehouse_damage":null,"lost_in_post":null,"other_logs":null,"out_stock_days":153,"lost_sales":0,"has_location":null,"update_date":"2026-02-06T00:01:06","atum_locations":[],"atum_stock_status":"outofstock","restock_status":false,"low_stock_amount":"","sales_update_date":"2026-02-06T00:01:06","calc_backorders":null,"_links":{"self":[{"href":"https:\/\/aromasentia.com\/da\/wp-json\/wp\/v2\/product\/197950","targetHints":{"allow":["GET"]}}],"collection":[{"href":"https:\/\/aromasentia.com\/da\/wp-json\/wp\/v2\/product"}],"about":[{"href":"https:\/\/aromasentia.com\/da\/wp-json\/wp\/v2\/types\/product"}],"replies":[{"embeddable":true,"href":"https:\/\/aromasentia.com\/da\/wp-json\/wp\/v2\/comments?post=197950"}],"version-history":[{"count":0,"href":"https:\/\/aromasentia.com\/da\/wp-json\/wp\/v2\/product\/197950\/revisions"}],"wp:featuredmedia":[{"embeddable":true,"href":"https:\/\/aromasentia.com\/da\/wp-json\/wp\/v2\/media\/377006"}],"wp:attachment":[{"href":"https:\/\/aromasentia.com\/da\/wp-json\/wp\/v2\/media?parent=197950"}],"wp:term":[{"taxonomy":"product_brand","embeddable":true,"href":"https:\/\/aromasentia.com\/da\/wp-json\/wp\/v2\/product_brand?post=197950"},{"taxonomy":"product_cat","embeddable":true,"href":"https:\/\/aromasentia.com\/da\/wp-json\/wp\/v2\/product_cat?post=197950"},{"taxonomy":"product_tag","embeddable":true,"href":"https:\/\/aromasentia.com\/da\/wp-json\/wp\/v2\/product_tag?post=197950"}],"curies":[{"name":"wp","href":"https:\/\/api.w.org\/{rel}","templated":true}]}}