{"id":197941,"date":"2025-03-22T16:05:57","date_gmt":"2025-03-22T16:05:57","guid":{"rendered":"https:\/\/aromasentia.com\/product\/salt-fire-bowl-and-chunks-15cm-x-9cm-2\/"},"modified":"2025-06-22T03:07:19","modified_gmt":"2025-06-22T03:07:19","slug":"saltbrandskaal-og-stykker-15-cm-x-9-cm-2","status":"publish","type":"product","link":"https:\/\/aromasentia.com\/da\/saltbrandskaal-og-stykker-15-cm-x-9-cm-2\/","title":{"rendered":"Saltbrandsk\u00e5l Og -Stykker &#8211; 15 cm X 9 cm"},"content":{"rendered":"<p>Skab en fortryllende stemning med denne Salt Fire Bowl and Chunks. S\u00e6ttet best\u00e5r af en sk\u00e5l udsk\u00e5ret af himalayasalt (ca. 15 cm x 9 cm) fyldt med naturlige saltstykker. N\u00e5r et fyrfadslys eller en lille p\u00e6re placeres i eller under sk\u00e5len, gl\u00f8der saltstykkerne varmt og efterligner gl\u00f8derne i et b\u00e5l og frigiver negative ioner, der renser luften. Et fantastisk og terapeutisk midtpunkt, der bringer en beroligende, oprindelig gl\u00f8d og rensende energi til ethvert rum og fremmer afslapning.<\/p>\n","protected":false},"excerpt":{"rendered":"<p>Skab en fortryllende stemning med denne Salt Fire Bowl and Chunks. S\u00e6ttet best\u00e5r af en sk\u00e5l udsk\u00e5ret af himalayasalt (ca. 15 cm x 9 cm) fyldt med naturlige saltstykker. N\u00e5r et fyrfadslys eller en lille p\u00e6re placeres i eller under sk\u00e5len, gl\u00f8der saltstykkerne varmt og efterligner gl\u00f8derne i et b\u00e5l og frigiver negative ioner, der [&hellip;]<\/p>\n","protected":false},"featured_media":376773,"comment_status":"closed","ping_status":"open","template":"","meta":{"_angie_page":false},"product_brand":[],"product_cat":[6243,6244,5591,6245],"product_tag":[],"class_list":{"0":"post-197941","1":"product","2":"type-product","3":"status-publish","4":"has-post-thumbnail","6":"product_cat-esoteriske-gaver","7":"product_cat-himalaya-saltlamper-saltkrystaller","8":"product_cat-hjem-og-have","9":"product_cat-lamper-og-lyslygter","10":"pa_collection-himalayan-salt-lamps-candle-holders-da","12":"first","13":"instock","14":"purchasable","15":"product-type-simple"},"supplier_id":null,"supplier_sku":"QSalt-62UK","barcode":null,"atum_controlled":true,"out_stock_date":null,"out_stock_threshold":null,"inheritable":false,"inbound_stock":null,"stock_on_hold":0,"sold_today":0,"sales_last_days":0,"reserved_stock":null,"customer_returns":null,"warehouse_damage":null,"lost_in_post":null,"other_logs":null,"out_stock_days":0,"lost_sales":0,"has_location":null,"update_date":"2026-04-27T07:18:58","atum_locations":[],"atum_stock_status":"instock","restock_status":false,"low_stock_amount":"","sales_update_date":"2026-01-30T01:25:31","calc_backorders":null,"_links":{"self":[{"href":"https:\/\/aromasentia.com\/da\/wp-json\/wp\/v2\/product\/197941","targetHints":{"allow":["GET"]}}],"collection":[{"href":"https:\/\/aromasentia.com\/da\/wp-json\/wp\/v2\/product"}],"about":[{"href":"https:\/\/aromasentia.com\/da\/wp-json\/wp\/v2\/types\/product"}],"replies":[{"embeddable":true,"href":"https:\/\/aromasentia.com\/da\/wp-json\/wp\/v2\/comments?post=197941"}],"version-history":[{"count":0,"href":"https:\/\/aromasentia.com\/da\/wp-json\/wp\/v2\/product\/197941\/revisions"}],"wp:featuredmedia":[{"embeddable":true,"href":"https:\/\/aromasentia.com\/da\/wp-json\/wp\/v2\/media\/376773"}],"wp:attachment":[{"href":"https:\/\/aromasentia.com\/da\/wp-json\/wp\/v2\/media?parent=197941"}],"wp:term":[{"taxonomy":"product_brand","embeddable":true,"href":"https:\/\/aromasentia.com\/da\/wp-json\/wp\/v2\/product_brand?post=197941"},{"taxonomy":"product_cat","embeddable":true,"href":"https:\/\/aromasentia.com\/da\/wp-json\/wp\/v2\/product_cat?post=197941"},{"taxonomy":"product_tag","embeddable":true,"href":"https:\/\/aromasentia.com\/da\/wp-json\/wp\/v2\/product_tag?post=197941"}],"curies":[{"name":"wp","href":"https:\/\/api.w.org\/{rel}","templated":true}]}}