{"id":197940,"date":"2025-03-22T16:05:57","date_gmt":"2025-03-22T16:05:57","guid":{"rendered":"https:\/\/aromasentia.com\/product\/crystal-rock-himalayan-salt-lamp-apx-20-25kg\/"},"modified":"2025-06-22T03:07:18","modified_gmt":"2025-06-22T03:07:18","slug":"crystal-rock-himalaya-saltlampe-ca-20-25-kg","status":"publish","type":"product","link":"https:\/\/aromasentia.com\/da\/crystal-rock-himalaya-saltlampe-ca-20-25-kg\/","title":{"rendered":"Crystal Rock Himalaya Saltlampe &#8211; Ca. 20-25 kg"},"content":{"rendered":"<p><span style=\"color: rgb(75, 80, 88);\">Introducer et fantastisk midtpunkt og et strejf af naturlig sk\u00f8nhed til din butik med denne k\u00e6mpestore <strong>Crystal Rock Himalaya-saltlampe af h\u00f8j kvalitet (ca. 20-25 kg)!<\/strong><\/span><\/p>\n<p><span style=\"color: rgb(75, 80, 88);\">Hver lampe er et unikt mesterv\u00e6rk, fremstillet af en massiv blok \u00e6gte Himalaya-salt. Dette imponerende stykke vil helt sikkert starte en samtale og v\u00e6re et f\u00e6ngslende h\u00f8jdepunkt i ethvert milj\u00f8.<\/span><\/p>\n<p><span style=\"color: rgb(75, 80, 88);\">Dens store st\u00f8rrelse skaber en dramatisk og \u00e6refrygtindgydende lyseffekt. Forestil dig en varm, omgivende gl\u00f8d, der udstr\u00e5ler fra dette naturlige vidunder og fylder dit rum med de beroligende nuancer af hvidt Himalaya-salt. Den vil fange kundernes opm\u00e6rksomhed, \u00f8ge salget og f\u00e5 din butik til at skille sig ud.<\/span><\/p>\n<p><span style=\"color: rgb(75, 80, 88);\"><strong>Tilf\u00f8j Quality Crystal Rock Himalayan Salt Lamp (20-25 kg) til din produktportef\u00f8lje, og se dit salg str\u00e5le!<\/strong><\/span><\/p>\n","protected":false},"excerpt":{"rendered":"<p>Introducer et fantastisk midtpunkt og et strejf af naturlig sk\u00f8nhed til din butik med denne k\u00e6mpestore Crystal Rock Himalaya-saltlampe af h\u00f8j kvalitet (ca. 20-25 kg)! Hver lampe er et unikt mesterv\u00e6rk, fremstillet af en massiv blok \u00e6gte Himalaya-salt. Dette imponerende stykke vil helt sikkert starte en samtale og v\u00e6re et f\u00e6ngslende h\u00f8jdepunkt i ethvert milj\u00f8. [&hellip;]<\/p>\n","protected":false},"featured_media":376748,"comment_status":"closed","ping_status":"open","template":"","meta":{"_angie_page":false},"product_brand":[],"product_cat":[6243,6244,5591,6245],"product_tag":[],"class_list":{"0":"post-197940","1":"product","2":"type-product","3":"status-publish","4":"has-post-thumbnail","6":"product_cat-esoteriske-gaver","7":"product_cat-himalaya-saltlamper-saltkrystaller","8":"product_cat-hjem-og-have","9":"product_cat-lamper-og-lyslygter","10":"pa_collection-himalayan-salt-lamps-candle-holders-da","11":"pa_made-in-pakistan","13":"first","14":"instock","15":"purchasable","16":"product-type-simple"},"supplier_id":null,"supplier_sku":"QSalt-39W","barcode":null,"atum_controlled":true,"out_stock_date":null,"out_stock_threshold":null,"inheritable":false,"inbound_stock":null,"stock_on_hold":0,"sold_today":0,"sales_last_days":0,"reserved_stock":null,"customer_returns":null,"warehouse_damage":null,"lost_in_post":null,"other_logs":null,"out_stock_days":0,"lost_sales":0,"has_location":null,"update_date":"2026-04-27T07:18:58","atum_locations":[],"atum_stock_status":"instock","restock_status":false,"low_stock_amount":"","sales_update_date":"2025-09-04T00:29:41","calc_backorders":null,"_links":{"self":[{"href":"https:\/\/aromasentia.com\/da\/wp-json\/wp\/v2\/product\/197940","targetHints":{"allow":["GET"]}}],"collection":[{"href":"https:\/\/aromasentia.com\/da\/wp-json\/wp\/v2\/product"}],"about":[{"href":"https:\/\/aromasentia.com\/da\/wp-json\/wp\/v2\/types\/product"}],"replies":[{"embeddable":true,"href":"https:\/\/aromasentia.com\/da\/wp-json\/wp\/v2\/comments?post=197940"}],"version-history":[{"count":0,"href":"https:\/\/aromasentia.com\/da\/wp-json\/wp\/v2\/product\/197940\/revisions"}],"wp:featuredmedia":[{"embeddable":true,"href":"https:\/\/aromasentia.com\/da\/wp-json\/wp\/v2\/media\/376748"}],"wp:attachment":[{"href":"https:\/\/aromasentia.com\/da\/wp-json\/wp\/v2\/media?parent=197940"}],"wp:term":[{"taxonomy":"product_brand","embeddable":true,"href":"https:\/\/aromasentia.com\/da\/wp-json\/wp\/v2\/product_brand?post=197940"},{"taxonomy":"product_cat","embeddable":true,"href":"https:\/\/aromasentia.com\/da\/wp-json\/wp\/v2\/product_cat?post=197940"},{"taxonomy":"product_tag","embeddable":true,"href":"https:\/\/aromasentia.com\/da\/wp-json\/wp\/v2\/product_tag?post=197940"}],"curies":[{"name":"wp","href":"https:\/\/api.w.org\/{rel}","templated":true}]}}