{"id":197939,"date":"2025-03-22T16:05:57","date_gmt":"2025-03-22T16:05:57","guid":{"rendered":"https:\/\/aromasentia.com\/product\/crystal-rock-himalayan-salt-lamp-apx-1-5-2kg\/"},"modified":"2025-06-22T03:07:18","modified_gmt":"2025-06-22T03:07:18","slug":"crystal-rock-himalaya-saltlampe-ca-15-2-kg","status":"publish","type":"product","link":"https:\/\/aromasentia.com\/da\/crystal-rock-himalaya-saltlampe-ca-15-2-kg\/","title":{"rendered":"Crystal Rock Himalaya Saltlampe &#8211; Ca. 1,5 &#8211; 2 kg"},"content":{"rendered":"<p><span style=\"color: rgb(75, 80, 88);\">Lys din butik op og giv dine kunders hjem et Himalaya-pr\u00e6g med vores fortryllende <strong>Crystal Rock Himalaya Salt Lampe (ca. 1,5-2 kg)!<\/strong><\/span><\/p>\n<p><span style=\"color: rgb(75, 80, 88);\">H\u00e5ndlavet af autentisk Himalayasalt, kan hver lampe prale af sin egen distinkte st\u00f8rrelse, form og farvevariationer. Denne iboende unikke karakter garanterer, at hver lampe bliver en samtalestarter, der l\u00f8fter enhver boligindretning med sofistikering og charme.<\/span><\/p>\n<p><span style=\"color: rgb(75, 80, 88);\">Kendt for sine potentielle sundhedsm\u00e6ssige fordele, menes Himalayasalt at udsende negative ioner, hvilket fremmer luftrensning og en rolig atmosf\u00e6re. Lad dine kunder slappe af med den blide, varme gl\u00f8d fra deres Crystal Rock Himalayan Salt Lampe 1,5-2 kg.<\/span><\/p>\n<p><span style=\"color: rgb(75, 80, 88);\">Med Himalayan-saltprodukter i h\u00f8j eftersp\u00f8rgsel blandt kr\u00e6sne forbrugere lover disse karakteristiske lamper et st\u00e6rkt salgspotentiale.<\/span><\/p>\n<p><strong><span style=\"color: rgb(75, 80, 88);\">Klar til brug med en EU-adapter og medf\u00f8lgende p\u00e6re.<\/span><\/strong> <\/p>\n<p><span style=\"color: rgb(141, 186, 216);\"><strong>Tilf\u00f8j Crystal Rock Himalayan Salt Lampen til dit lager og giv dit salg et boost!<\/strong><\/span><\/p>\n","protected":false},"excerpt":{"rendered":"<p>Lys din butik op og giv dine kunders hjem et Himalaya-pr\u00e6g med vores fortryllende Crystal Rock Himalaya Salt Lampe (ca. 1,5-2 kg)! H\u00e5ndlavet af autentisk Himalayasalt, kan hver lampe prale af sin egen distinkte st\u00f8rrelse, form og farvevariationer. Denne iboende unikke karakter garanterer, at hver lampe bliver en samtalestarter, der l\u00f8fter enhver boligindretning med sofistikering [&hellip;]<\/p>\n","protected":false},"featured_media":376699,"comment_status":"closed","ping_status":"open","template":"","meta":[],"product_brand":[],"product_cat":[6243,6244,5591,6245],"product_tag":[],"class_list":{"0":"post-197939","1":"product","2":"type-product","3":"status-publish","4":"has-post-thumbnail","6":"product_cat-esoteriske-gaver","7":"product_cat-himalaya-saltlamper-saltkrystaller","8":"product_cat-hjem-og-have","9":"product_cat-lamper-og-lyslygter","10":"pa_collection-himalayan-salt-lamps-candle-holders-da","11":"pa_made-in-pakistan","13":"first","14":"instock","15":"purchasable","16":"product-type-simple"},"supplier_id":null,"supplier_sku":"QSalt-26W","barcode":null,"atum_controlled":true,"out_stock_date":null,"out_stock_threshold":null,"inheritable":false,"inbound_stock":null,"stock_on_hold":0,"sold_today":0,"sales_last_days":0,"reserved_stock":null,"customer_returns":null,"warehouse_damage":null,"lost_in_post":null,"other_logs":null,"out_stock_days":0,"lost_sales":0,"has_location":null,"update_date":"2026-02-06T12:44:32","atum_locations":[],"atum_stock_status":"instock","restock_status":false,"low_stock_amount":"","sales_update_date":"2025-09-04T00:29:41","calc_backorders":null,"_links":{"self":[{"href":"https:\/\/aromasentia.com\/da\/wp-json\/wp\/v2\/product\/197939","targetHints":{"allow":["GET"]}}],"collection":[{"href":"https:\/\/aromasentia.com\/da\/wp-json\/wp\/v2\/product"}],"about":[{"href":"https:\/\/aromasentia.com\/da\/wp-json\/wp\/v2\/types\/product"}],"replies":[{"embeddable":true,"href":"https:\/\/aromasentia.com\/da\/wp-json\/wp\/v2\/comments?post=197939"}],"version-history":[{"count":0,"href":"https:\/\/aromasentia.com\/da\/wp-json\/wp\/v2\/product\/197939\/revisions"}],"wp:featuredmedia":[{"embeddable":true,"href":"https:\/\/aromasentia.com\/da\/wp-json\/wp\/v2\/media\/376699"}],"wp:attachment":[{"href":"https:\/\/aromasentia.com\/da\/wp-json\/wp\/v2\/media?parent=197939"}],"wp:term":[{"taxonomy":"product_brand","embeddable":true,"href":"https:\/\/aromasentia.com\/da\/wp-json\/wp\/v2\/product_brand?post=197939"},{"taxonomy":"product_cat","embeddable":true,"href":"https:\/\/aromasentia.com\/da\/wp-json\/wp\/v2\/product_cat?post=197939"},{"taxonomy":"product_tag","embeddable":true,"href":"https:\/\/aromasentia.com\/da\/wp-json\/wp\/v2\/product_tag?post=197939"}],"curies":[{"name":"wp","href":"https:\/\/api.w.org\/{rel}","templated":true}]}}