{"id":197937,"date":"2025-03-22T16:05:57","date_gmt":"2025-03-22T16:05:57","guid":{"rendered":"https:\/\/aromasentia.com\/product\/crystal-rock-himalayan-salt-lamp-base-apx-3-5kg\/"},"modified":"2025-06-22T03:07:17","modified_gmt":"2025-06-22T03:07:17","slug":"crystal-rock-himalaya-saltlampe-base-ca-3-5-kg","status":"publish","type":"product","link":"https:\/\/aromasentia.com\/da\/crystal-rock-himalaya-saltlampe-base-ca-3-5-kg\/","title":{"rendered":"Crystal Rock Himalaya Saltlampe &#8211; &#038; Base Ca. 3-5 kg"},"content":{"rendered":"<p><span style=\"color: rgb(75, 80, 88);\"><strong>Introducer Himalayas majest\u00e6tiske essens til din butik med den storsl\u00e5ede Crystal Rock Himalaya Salt Lampe (3-5 kg)!<\/strong><\/span><\/p>\n<p><span style=\"color: rgb(75, 80, 88);\">Lampen er fremstillet af en betydelig blok autentisk Himalayasalt og vejer mellem 3-5 kg, hvilket g\u00f8r den til et sl\u00e5ende midtpunkt, der kr\u00e6ver opm\u00e6rksomhed.<\/span><\/p>\n<p><span style=\"color: rgb(75, 80, 88);\">Disse lampers betydelige masse forbedrer ikke kun deres visuelle tilstedev\u00e6relse, men forst\u00e6rker ogs\u00e5 effekten af deres omgivende, beroligende lys.<\/span><\/p>\n<p><span style=\"color: rgb(75, 80, 88);\">Disse lamper udnytter de anerkendte sundhedsm\u00e6ssige fordele ved Himalayasalt, hvilket potentielt forbedrer luftkvaliteten og beriger ethvert rum med en beroligende, genoprettende atmosf\u00e6re. De er perfekte til at skabe et afslappende milj\u00f8, der fremmer velv\u00e6re og ro.<\/span><\/p>\n<p><span style=\"color: rgb(75, 80, 88);\">Den imponerende st\u00f8rrelse og naturlige charme ved denne lampe sikrer, at den skiller sig ud, fanger dine kunders opm\u00e6rksomhed og \u00f8ger interessen. Tilf\u00f8j Crystal Rock Himalayan Salt Lamp (3-5 kg) til dit sortiment, og se dit salg skinne klart!<\/span><\/p>\n<p><span style=\"color: rgb(141, 186, 216);\"><strong>Hver saltlampe leveres komplet med lysfatning, p\u00e6re og EU-stik.<\/strong><\/span><\/p>\n","protected":false},"excerpt":{"rendered":"<p>Introducer Himalayas majest\u00e6tiske essens til din butik med den storsl\u00e5ede Crystal Rock Himalaya Salt Lampe (3-5 kg)! Lampen er fremstillet af en betydelig blok autentisk Himalayasalt og vejer mellem 3-5 kg, hvilket g\u00f8r den til et sl\u00e5ende midtpunkt, der kr\u00e6ver opm\u00e6rksomhed. Disse lampers betydelige masse forbedrer ikke kun deres visuelle tilstedev\u00e6relse, men forst\u00e6rker ogs\u00e5 effekten [&hellip;]<\/p>\n","protected":false},"featured_media":376609,"comment_status":"closed","ping_status":"open","template":"","meta":[],"product_brand":[],"product_cat":[6243,6244,5591,6245],"product_tag":[],"class_list":{"0":"post-197937","1":"product","2":"type-product","3":"status-publish","4":"has-post-thumbnail","6":"product_cat-esoteriske-gaver","7":"product_cat-himalaya-saltlamper-saltkrystaller","8":"product_cat-hjem-og-have","9":"product_cat-lamper-og-lyslygter","10":"pa_collection-himalayan-salt-lamps-candle-holders-da","11":"pa_made-in-pakistan","13":"first","14":"instock","15":"purchasable","16":"product-type-simple"},"supplier_id":null,"supplier_sku":"QSalt-13W","barcode":null,"atum_controlled":true,"out_stock_date":null,"out_stock_threshold":null,"inheritable":false,"inbound_stock":null,"stock_on_hold":0,"sold_today":0,"sales_last_days":0,"reserved_stock":null,"customer_returns":null,"warehouse_damage":null,"lost_in_post":null,"other_logs":null,"out_stock_days":0,"lost_sales":0,"has_location":null,"update_date":"2026-02-10T07:20:28","atum_locations":[],"atum_stock_status":"instock","restock_status":false,"low_stock_amount":"","sales_update_date":"2025-09-04T00:29:39","calc_backorders":null,"_links":{"self":[{"href":"https:\/\/aromasentia.com\/da\/wp-json\/wp\/v2\/product\/197937","targetHints":{"allow":["GET"]}}],"collection":[{"href":"https:\/\/aromasentia.com\/da\/wp-json\/wp\/v2\/product"}],"about":[{"href":"https:\/\/aromasentia.com\/da\/wp-json\/wp\/v2\/types\/product"}],"replies":[{"embeddable":true,"href":"https:\/\/aromasentia.com\/da\/wp-json\/wp\/v2\/comments?post=197937"}],"version-history":[{"count":0,"href":"https:\/\/aromasentia.com\/da\/wp-json\/wp\/v2\/product\/197937\/revisions"}],"wp:featuredmedia":[{"embeddable":true,"href":"https:\/\/aromasentia.com\/da\/wp-json\/wp\/v2\/media\/376609"}],"wp:attachment":[{"href":"https:\/\/aromasentia.com\/da\/wp-json\/wp\/v2\/media?parent=197937"}],"wp:term":[{"taxonomy":"product_brand","embeddable":true,"href":"https:\/\/aromasentia.com\/da\/wp-json\/wp\/v2\/product_brand?post=197937"},{"taxonomy":"product_cat","embeddable":true,"href":"https:\/\/aromasentia.com\/da\/wp-json\/wp\/v2\/product_cat?post=197937"},{"taxonomy":"product_tag","embeddable":true,"href":"https:\/\/aromasentia.com\/da\/wp-json\/wp\/v2\/product_tag?post=197937"}],"curies":[{"name":"wp","href":"https:\/\/api.w.org\/{rel}","templated":true}]}}