{"id":197936,"date":"2025-03-22T16:05:57","date_gmt":"2025-03-22T16:05:57","guid":{"rendered":"https:\/\/aromasentia.com\/product\/crystal-rock-himalayan-salt-lamp-base-apx-2-3kg\/"},"modified":"2025-06-22T03:07:17","modified_gmt":"2025-06-22T03:07:17","slug":"crystal-rock-himalaya-saltlampe-base-ca-2-3-kg","status":"publish","type":"product","link":"https:\/\/aromasentia.com\/da\/crystal-rock-himalaya-saltlampe-base-ca-2-3-kg\/","title":{"rendered":"Crystal Rock Himalaya Saltlampe &#8211; &#038; Base Ca. 2-3 kg"},"content":{"rendered":"<p><strong><span style=\"color: rgb(75, 80, 88);\">Forbedr stemningen i din butik med Crystal Rock Himalaya Salt Lampe (2-3 kg)!<\/span><\/strong><\/p>\n<p><span style=\"color: rgb(75, 80, 88);\">Hver lampe er h\u00e5ndsk\u00e5ret af uber\u00f8rt hvidt Himalayasalt, hvilket sikrer, at ingen to er identiske. De naturlige variationer i st\u00f8rrelse, form og farve g\u00f8r hver lampe til et unikt stykke, perfekt til at tilf\u00f8je et strejf af organisk elegance til ethvert rum.<\/span><\/p>\n<p><span style=\"color: rgb(75, 80, 88);\">Himalayasalt er ikke kun kendt for sin sk\u00f8nhed, men ogs\u00e5 for sine potentielle sundhedsm\u00e6ssige fordele. Det menes at frigive negative ioner, som kan hj\u00e6lpe med at rense luften og fremme et mere roligt milj\u00f8. Lad dine kunder slappe af i den blide, beroligende gl\u00f8d fra Crystal Rock Himalayan Salt Lamp 2-3 kg.<\/span><\/p>\n<p><span style=\"color: rgb(75, 80, 88);\">Med deres voksende popularitet blandt interi\u00f8rdesign-entusiaster vil disse saltlamper helt sikkert blive en popul\u00e6r vare i dit sortiment.<\/span><\/p>\n<p><strong><span style=\"color: rgb(75, 80, 88);\">Hver saltlampe leveres komplet med lysfatning, p\u00e6re og EU-stik.<\/span><\/strong><\/p>\n","protected":false},"excerpt":{"rendered":"<p>Forbedr stemningen i din butik med Crystal Rock Himalaya Salt Lampe (2-3 kg)! Hver lampe er h\u00e5ndsk\u00e5ret af uber\u00f8rt hvidt Himalayasalt, hvilket sikrer, at ingen to er identiske. De naturlige variationer i st\u00f8rrelse, form og farve g\u00f8r hver lampe til et unikt stykke, perfekt til at tilf\u00f8je et strejf af organisk elegance til ethvert rum. [&hellip;]<\/p>\n","protected":false},"featured_media":376560,"comment_status":"closed","ping_status":"open","template":"","meta":[],"product_brand":[],"product_cat":[6243,6244,5591,6245],"product_tag":[],"class_list":{"0":"post-197936","1":"product","2":"type-product","3":"status-publish","4":"has-post-thumbnail","6":"product_cat-esoteriske-gaver","7":"product_cat-himalaya-saltlamper-saltkrystaller","8":"product_cat-hjem-og-have","9":"product_cat-lamper-og-lyslygter","10":"pa_collection-himalayan-salt-lamps-candle-holders-da","11":"pa_made-in-pakistan","13":"first","14":"instock","15":"purchasable","16":"product-type-simple"},"supplier_id":null,"supplier_sku":"QSalt-12W","barcode":null,"atum_controlled":true,"out_stock_date":null,"out_stock_threshold":null,"inheritable":false,"inbound_stock":null,"stock_on_hold":0,"sold_today":0,"sales_last_days":0,"reserved_stock":null,"customer_returns":null,"warehouse_damage":null,"lost_in_post":null,"other_logs":null,"out_stock_days":0,"lost_sales":0,"has_location":null,"update_date":"2026-02-10T10:23:39","atum_locations":[],"atum_stock_status":"instock","restock_status":false,"low_stock_amount":"","sales_update_date":"2025-09-04T00:29:39","calc_backorders":null,"_links":{"self":[{"href":"https:\/\/aromasentia.com\/da\/wp-json\/wp\/v2\/product\/197936","targetHints":{"allow":["GET"]}}],"collection":[{"href":"https:\/\/aromasentia.com\/da\/wp-json\/wp\/v2\/product"}],"about":[{"href":"https:\/\/aromasentia.com\/da\/wp-json\/wp\/v2\/types\/product"}],"replies":[{"embeddable":true,"href":"https:\/\/aromasentia.com\/da\/wp-json\/wp\/v2\/comments?post=197936"}],"version-history":[{"count":0,"href":"https:\/\/aromasentia.com\/da\/wp-json\/wp\/v2\/product\/197936\/revisions"}],"wp:featuredmedia":[{"embeddable":true,"href":"https:\/\/aromasentia.com\/da\/wp-json\/wp\/v2\/media\/376560"}],"wp:attachment":[{"href":"https:\/\/aromasentia.com\/da\/wp-json\/wp\/v2\/media?parent=197936"}],"wp:term":[{"taxonomy":"product_brand","embeddable":true,"href":"https:\/\/aromasentia.com\/da\/wp-json\/wp\/v2\/product_brand?post=197936"},{"taxonomy":"product_cat","embeddable":true,"href":"https:\/\/aromasentia.com\/da\/wp-json\/wp\/v2\/product_cat?post=197936"},{"taxonomy":"product_tag","embeddable":true,"href":"https:\/\/aromasentia.com\/da\/wp-json\/wp\/v2\/product_tag?post=197936"}],"curies":[{"name":"wp","href":"https:\/\/api.w.org\/{rel}","templated":true}]}}