{"id":197934,"date":"2025-03-22T16:05:57","date_gmt":"2025-03-22T16:05:57","guid":{"rendered":"https:\/\/aromasentia.com\/product\/figure-shape-swan-3x5x7-inch\/"},"modified":"2025-06-22T03:07:16","modified_gmt":"2025-06-22T03:07:16","slug":"figurform-svane-3x5x7-tommer","status":"publish","type":"product","link":"https:\/\/aromasentia.com\/da\/figurform-svane-3x5x7-tommer\/","title":{"rendered":"Figurform &#8211; Svane 3X5X7 Tommer"},"content":{"rendered":"<p><span style=\"color: rgb(75, 80, 88);\"><strong>Hver saltlampe leveres komplet med lysfatning, p\u00e6re og EU-stik.<\/strong><\/span><\/p>\n<p><span style=\"color: rgb(75, 80, 88);\">Ved at bruge en Himalaya krystal saltlampe erstatter du de negativt ladede ioner i luften, hvilket hj\u00e6lper os med at undg\u00e5 den p\u00e5st\u00e5ede fysiske og mentale skade, som den &#8220;elektriske smog&#8221; for\u00e5rsager.<\/span><\/p>\n<p><span style=\"color: rgb(75, 80, 88);\">Hver saltlampe leveres komplet med lysfatning, p\u00e6re og stik. I stedet for at s\u00e6lge dem efter st\u00f8rrelse, s\u00e6lger vi dem efter omtrentlig v\u00e6gt. Varerne er markeret med st\u00f8rrelser kun for at give en grov id\u00e9 om st\u00f8rrelsen. Hver lampe er helt unik.<\/span><\/p>\n<p><span style=\"color: rgb(75, 80, 88);\"><strong>Bem\u00e6rk venligst:<\/strong><\/span><\/p>\n<p><span style=\"color: rgb(75, 80, 88);\">P\u00e5 grund af saltets hygroskopiske egenskaber absorberer Himalaya-saltlamper og lysestager fugt fra luften.<\/span><\/p>\n<p><span style=\"color: rgb(75, 80, 88);\">Hvis din lampe &#8220;sveder&#8221; eller l\u00e6kker vand, skyldes det generelt, at den har v\u00e6ret slukket i l\u00e6ngere perioder, is\u00e6r under fugtige forhold. For at afhj\u00e6lpe dette, lad den st\u00e5 i st\u00e6rkt sollys i 4 til 5 timer og b\u00f8rst eventuelle overskydende krystaller af. Eller t\u00f8r forsigtigt af med en t\u00f8r klud.<\/span><\/p>\n<p><span style=\"color: rgb(75, 80, 88);\">Hvis du ikke bruger Himalaya-saltlampen i l\u00e6ngere tid (f.eks. p\u00e5 ferie), skal du frakoble kablet og fjerne det fra lampen.<\/span><\/p>\n<p><span style=\"color: rgb(75, 80, 88);\">I fugtige forhold anbefaler vi at placere din lampe p\u00e5 en lille bakke eller sk\u00e5l, i tilf\u00e6lde af at der kan samle sig vand.<\/span><\/p>\n<p><span style=\"color: rgb(75, 80, 88);\">Disse leveres i beskyttende papkasser, der kan blive fugtige under transport p\u00e5 grund af deres hygroskopiske egenskaber.<\/span><\/p>\n<p><span style=\"color: rgb(75, 80, 88);\"><strong>7x17x14 (cm)<\/strong><\/span><\/p>\n<p><span style=\"color: rgb(75, 80, 88);\"><strong>1,95 kg<\/strong><\/span><\/p>\n","protected":false},"excerpt":{"rendered":"<p>Hver saltlampe leveres komplet med lysfatning, p\u00e6re og EU-stik. Ved at bruge en Himalaya krystal saltlampe erstatter du de negativt ladede ioner i luften, hvilket hj\u00e6lper os med at undg\u00e5 den p\u00e5st\u00e5ede fysiske og mentale skade, som den &#8220;elektriske smog&#8221; for\u00e5rsager. Hver saltlampe leveres komplet med lysfatning, p\u00e6re og stik. I stedet for at s\u00e6lge [&hellip;]<\/p>\n","protected":false},"featured_media":376518,"comment_status":"closed","ping_status":"open","template":"","meta":[],"product_brand":[],"product_cat":[6243,6244,5591,6245],"product_tag":[],"class_list":{"0":"post-197934","1":"product","2":"type-product","3":"status-publish","4":"has-post-thumbnail","6":"product_cat-esoteriske-gaver","7":"product_cat-himalaya-saltlamper-saltkrystaller","8":"product_cat-hjem-og-have","9":"product_cat-lamper-og-lyslygter","10":"pa_collection-himalayan-salt-lamps-candle-holders-da","11":"pa_made-in-pakistan","13":"first","14":"instock","15":"purchasable","16":"product-type-simple"},"supplier_id":null,"supplier_sku":"QSalt-205","barcode":null,"atum_controlled":true,"out_stock_date":null,"out_stock_threshold":null,"inheritable":false,"inbound_stock":null,"stock_on_hold":0,"sold_today":0,"sales_last_days":0,"reserved_stock":null,"customer_returns":null,"warehouse_damage":null,"lost_in_post":null,"other_logs":null,"out_stock_days":0,"lost_sales":0,"has_location":null,"update_date":"2026-02-09T03:17:27","atum_locations":[],"atum_stock_status":"instock","restock_status":false,"low_stock_amount":"","sales_update_date":"2025-09-04T00:29:38","calc_backorders":null,"_links":{"self":[{"href":"https:\/\/aromasentia.com\/da\/wp-json\/wp\/v2\/product\/197934","targetHints":{"allow":["GET"]}}],"collection":[{"href":"https:\/\/aromasentia.com\/da\/wp-json\/wp\/v2\/product"}],"about":[{"href":"https:\/\/aromasentia.com\/da\/wp-json\/wp\/v2\/types\/product"}],"replies":[{"embeddable":true,"href":"https:\/\/aromasentia.com\/da\/wp-json\/wp\/v2\/comments?post=197934"}],"version-history":[{"count":0,"href":"https:\/\/aromasentia.com\/da\/wp-json\/wp\/v2\/product\/197934\/revisions"}],"wp:featuredmedia":[{"embeddable":true,"href":"https:\/\/aromasentia.com\/da\/wp-json\/wp\/v2\/media\/376518"}],"wp:attachment":[{"href":"https:\/\/aromasentia.com\/da\/wp-json\/wp\/v2\/media?parent=197934"}],"wp:term":[{"taxonomy":"product_brand","embeddable":true,"href":"https:\/\/aromasentia.com\/da\/wp-json\/wp\/v2\/product_brand?post=197934"},{"taxonomy":"product_cat","embeddable":true,"href":"https:\/\/aromasentia.com\/da\/wp-json\/wp\/v2\/product_cat?post=197934"},{"taxonomy":"product_tag","embeddable":true,"href":"https:\/\/aromasentia.com\/da\/wp-json\/wp\/v2\/product_tag?post=197934"}],"curies":[{"name":"wp","href":"https:\/\/api.w.org\/{rel}","templated":true}]}}