{"id":197931,"date":"2025-03-22T16:05:57","date_gmt":"2025-03-22T16:05:57","guid":{"rendered":"https:\/\/aromasentia.com\/product\/double-heart-salt-candle-holder-1kg\/"},"modified":"2025-06-22T03:07:15","modified_gmt":"2025-06-22T03:07:15","slug":"dobbelt-hjerte-saltlysestage-1kg","status":"publish","type":"product","link":"https:\/\/aromasentia.com\/da\/dobbelt-hjerte-saltlysestage-1kg\/","title":{"rendered":"Dobbelt Hjerte Saltlysestage 1Kg"},"content":{"rendered":"<p>Ved at bruge denne dobbelte hjerteformede Himalayakrystalsaltlysestage erstatter du de negativt ladede ioner i luften, som hj\u00e6lper os med at undg\u00e5 de p\u00e5st\u00e5ede fysiske og mentale skader, som den elektriske smog skaber. <\/p>\n<p>.<\/p>\n","protected":false},"excerpt":{"rendered":"<p>Ved at bruge denne dobbelte hjerteformede Himalayakrystalsaltlysestage erstatter du de negativt ladede ioner i luften, som hj\u00e6lper os med at undg\u00e5 de p\u00e5st\u00e5ede fysiske og mentale skader, som den elektriske smog skaber. .<\/p>\n","protected":false},"featured_media":376483,"comment_status":"closed","ping_status":"open","template":"","meta":[],"product_brand":[],"product_cat":[6243,6244,6250,6251],"product_tag":[],"class_list":{"0":"post-197931","1":"product","2":"type-product","3":"status-publish","4":"has-post-thumbnail","6":"product_cat-esoteriske-gaver","7":"product_cat-himalaya-saltlamper-saltkrystaller","8":"product_cat-lysestager","9":"product_cat-lysestager-og-stearinlys","10":"pa_collection-himalayan-salt-lamps-candle-holders-da","11":"pa_made-in-pakistan","13":"first","14":"instock","15":"purchasable","16":"product-type-simple"},"supplier_id":null,"supplier_sku":"QSalt-89N","barcode":null,"atum_controlled":true,"out_stock_date":null,"out_stock_threshold":null,"inheritable":false,"inbound_stock":null,"stock_on_hold":0,"sold_today":0,"sales_last_days":0,"reserved_stock":null,"customer_returns":null,"warehouse_damage":null,"lost_in_post":null,"other_logs":null,"out_stock_days":0,"lost_sales":0,"has_location":null,"update_date":"2026-02-09T22:31:10","atum_locations":[],"atum_stock_status":"instock","restock_status":false,"low_stock_amount":"","sales_update_date":"2026-01-30T01:24:44","calc_backorders":null,"_links":{"self":[{"href":"https:\/\/aromasentia.com\/da\/wp-json\/wp\/v2\/product\/197931","targetHints":{"allow":["GET"]}}],"collection":[{"href":"https:\/\/aromasentia.com\/da\/wp-json\/wp\/v2\/product"}],"about":[{"href":"https:\/\/aromasentia.com\/da\/wp-json\/wp\/v2\/types\/product"}],"replies":[{"embeddable":true,"href":"https:\/\/aromasentia.com\/da\/wp-json\/wp\/v2\/comments?post=197931"}],"version-history":[{"count":0,"href":"https:\/\/aromasentia.com\/da\/wp-json\/wp\/v2\/product\/197931\/revisions"}],"wp:featuredmedia":[{"embeddable":true,"href":"https:\/\/aromasentia.com\/da\/wp-json\/wp\/v2\/media\/376483"}],"wp:attachment":[{"href":"https:\/\/aromasentia.com\/da\/wp-json\/wp\/v2\/media?parent=197931"}],"wp:term":[{"taxonomy":"product_brand","embeddable":true,"href":"https:\/\/aromasentia.com\/da\/wp-json\/wp\/v2\/product_brand?post=197931"},{"taxonomy":"product_cat","embeddable":true,"href":"https:\/\/aromasentia.com\/da\/wp-json\/wp\/v2\/product_cat?post=197931"},{"taxonomy":"product_tag","embeddable":true,"href":"https:\/\/aromasentia.com\/da\/wp-json\/wp\/v2\/product_tag?post=197931"}],"curies":[{"name":"wp","href":"https:\/\/api.w.org\/{rel}","templated":true}]}}