{"id":197929,"date":"2025-03-22T16:05:57","date_gmt":"2025-03-22T16:05:57","guid":{"rendered":"https:\/\/aromasentia.com\/product\/grey-himalayan-salt-lamp-1-5-2kg\/"},"modified":"2025-06-22T03:07:14","modified_gmt":"2025-06-22T03:07:14","slug":"graa-himalaya-saltlampe-15-2-kg","status":"publish","type":"product","link":"https:\/\/aromasentia.com\/da\/graa-himalaya-saltlampe-15-2-kg\/","title":{"rendered":"Gr\u00e5 Himalaya-Saltlampe &#8211; 1,5 &#8211; 2 kg"},"content":{"rendered":"<p>H\u00f8jere indhold af jern, svovl og magnesium giver dem deres m\u00f8rkere farve, og de har en meget bl\u00f8dere gl\u00f8d end lyser\u00f8de eller hvide saltlamper. <strong>Aroma Sentia&#8217;s<\/strong> <strong>Gr\u00e5 stensaltlamper<\/strong><strong>&#8211; 1,5 &#8211; 2 kg<\/strong><\/p>\n<p>, ogs\u00e5 nogle gange kaldet sorte saltlamper, er bedst til sovev\u00e6relser, hvor du ikke \u00f8nsker for meget lys.<\/p>\n<p>Hver saltlampe leveres komplet med lysarmatur, p\u00e6re og stik.<\/p>\n<p>Himalaya krystalsaltlamper menes at skabe negativt ladede ioner i luften. Dette er en god ting, fordi moderne forurening og elektrisk udstyr skaber positive ioner i luften, som potentielt er skadelige for os og for\u00e5rsager forringelse af luftkvaliteten i ber\u00f8rte omr\u00e5der.<\/p>\n<p>Ved at bruge en Himalaya krystalsaltlampe erstatter du de negativt ladede ioner i luften, hvilket hj\u00e6lper os med at undg\u00e5 den p\u00e5st\u00e5ede fysiske og mentale skade, som den &#8220;elektriske smog&#8221; skaber.<\/p>\n","protected":false},"excerpt":{"rendered":"<p>H\u00f8jere indhold af jern, svovl og magnesium giver dem deres m\u00f8rkere farve, og de har en meget bl\u00f8dere gl\u00f8d end lyser\u00f8de eller hvide saltlamper. Aroma Sentia&#8217;s Gr\u00e5 stensaltlamper&#8211; 1,5 &#8211; 2 kg , ogs\u00e5 nogle gange kaldet sorte saltlamper, er bedst til sovev\u00e6relser, hvor du ikke \u00f8nsker for meget lys. Hver saltlampe leveres komplet med [&hellip;]<\/p>\n","protected":false},"featured_media":376433,"comment_status":"closed","ping_status":"open","template":"","meta":[],"product_brand":[],"product_cat":[6243,6244,5591,6245],"product_tag":[],"class_list":{"0":"post-197929","1":"product","2":"type-product","3":"status-publish","4":"has-post-thumbnail","6":"product_cat-esoteriske-gaver","7":"product_cat-himalaya-saltlamper-saltkrystaller","8":"product_cat-hjem-og-have","9":"product_cat-lamper-og-lyslygter","10":"pa_collection-himalayan-salt-lamps-candle-holders-da","11":"pa_made-in-pakistan","13":"first","14":"instock","15":"purchasable","16":"product-type-simple"},"supplier_id":null,"supplier_sku":"QSalt-26G","barcode":null,"atum_controlled":true,"out_stock_date":null,"out_stock_threshold":null,"inheritable":false,"inbound_stock":null,"stock_on_hold":0,"sold_today":0,"sales_last_days":0,"reserved_stock":null,"customer_returns":null,"warehouse_damage":null,"lost_in_post":null,"other_logs":null,"out_stock_days":0,"lost_sales":0,"has_location":null,"update_date":"2026-01-29T22:34:10","atum_locations":[],"atum_stock_status":"instock","restock_status":false,"low_stock_amount":"","sales_update_date":"2025-09-04T00:29:37","calc_backorders":null,"_links":{"self":[{"href":"https:\/\/aromasentia.com\/da\/wp-json\/wp\/v2\/product\/197929","targetHints":{"allow":["GET"]}}],"collection":[{"href":"https:\/\/aromasentia.com\/da\/wp-json\/wp\/v2\/product"}],"about":[{"href":"https:\/\/aromasentia.com\/da\/wp-json\/wp\/v2\/types\/product"}],"replies":[{"embeddable":true,"href":"https:\/\/aromasentia.com\/da\/wp-json\/wp\/v2\/comments?post=197929"}],"version-history":[{"count":0,"href":"https:\/\/aromasentia.com\/da\/wp-json\/wp\/v2\/product\/197929\/revisions"}],"wp:featuredmedia":[{"embeddable":true,"href":"https:\/\/aromasentia.com\/da\/wp-json\/wp\/v2\/media\/376433"}],"wp:attachment":[{"href":"https:\/\/aromasentia.com\/da\/wp-json\/wp\/v2\/media?parent=197929"}],"wp:term":[{"taxonomy":"product_brand","embeddable":true,"href":"https:\/\/aromasentia.com\/da\/wp-json\/wp\/v2\/product_brand?post=197929"},{"taxonomy":"product_cat","embeddable":true,"href":"https:\/\/aromasentia.com\/da\/wp-json\/wp\/v2\/product_cat?post=197929"},{"taxonomy":"product_tag","embeddable":true,"href":"https:\/\/aromasentia.com\/da\/wp-json\/wp\/v2\/product_tag?post=197929"}],"curies":[{"name":"wp","href":"https:\/\/api.w.org\/{rel}","templated":true}]}}