{"id":197919,"date":"2025-03-22T16:58:52","date_gmt":"2025-03-22T16:58:52","guid":{"rendered":"https:\/\/aromasentia.com\/product\/pineapple-crush-fragrance-250g\/"},"modified":"2025-06-22T03:07:08","modified_gmt":"2025-06-22T03:07:08","slug":"pineapple-crush-duftolie-250ml","status":"publish","type":"product","link":"https:\/\/aromasentia.com\/da\/pineapple-crush-duftolie-250ml\/","title":{"rendered":"Pineapple Crush Duftolie 250ml"},"content":{"rendered":"<p>Tag til en tropisk ferie med den s\u00f8de og syrlige duft af Pineapple Crush med denne 250 ml duftolie. Denne olie er perfekt til brug i oliebr\u00e6ndere, diffusere eller til forfriskende potpourri og vil skabe en sjov og sommerlig atmosf\u00e6re.<\/p>\n","protected":false},"excerpt":{"rendered":"<p>Tag til en tropisk ferie med den s\u00f8de og syrlige duft af Pineapple Crush med denne 250 ml duftolie. Denne olie er perfekt til brug i oliebr\u00e6ndere, diffusere eller til forfriskende potpourri og vil skabe en sjov og sommerlig atmosf\u00e6re.<\/p>\n","protected":false},"featured_media":386716,"comment_status":"closed","ping_status":"open","template":"","meta":{"_angie_page":false},"product_brand":[],"product_cat":[26457,6153,25839,6158,26844],"product_tag":[],"class_list":{"0":"post-197919","1":"product","2":"type-product","3":"status-publish","4":"has-post-thumbnail","6":"product_cat-ananas","7":"product_cat-aromaterapi-og-rumdufte","8":"product_cat-dufte-aromaer","9":"product_cat-duftolier","10":"product_cat-frugtagtig","11":"pa_collection-pure-fragrance-oils-250g-da","12":"pa_made-in-storbritannien","13":"pa_size-250ml","15":"first","16":"instock","17":"purchasable","18":"product-type-simple"},"supplier_id":null,"supplier_sku":"AWPFO-39","barcode":null,"atum_controlled":true,"out_stock_date":null,"out_stock_threshold":null,"inheritable":false,"inbound_stock":null,"stock_on_hold":0,"sold_today":0,"sales_last_days":0,"reserved_stock":null,"customer_returns":null,"warehouse_damage":null,"lost_in_post":null,"other_logs":null,"out_stock_days":0,"lost_sales":0,"has_location":null,"update_date":"2026-04-27T06:52:46","atum_locations":[],"atum_stock_status":"instock","restock_status":false,"low_stock_amount":"","sales_update_date":"2026-01-30T01:24:30","calc_backorders":null,"_links":{"self":[{"href":"https:\/\/aromasentia.com\/da\/wp-json\/wp\/v2\/product\/197919","targetHints":{"allow":["GET"]}}],"collection":[{"href":"https:\/\/aromasentia.com\/da\/wp-json\/wp\/v2\/product"}],"about":[{"href":"https:\/\/aromasentia.com\/da\/wp-json\/wp\/v2\/types\/product"}],"replies":[{"embeddable":true,"href":"https:\/\/aromasentia.com\/da\/wp-json\/wp\/v2\/comments?post=197919"}],"version-history":[{"count":0,"href":"https:\/\/aromasentia.com\/da\/wp-json\/wp\/v2\/product\/197919\/revisions"}],"wp:featuredmedia":[{"embeddable":true,"href":"https:\/\/aromasentia.com\/da\/wp-json\/wp\/v2\/media\/386716"}],"wp:attachment":[{"href":"https:\/\/aromasentia.com\/da\/wp-json\/wp\/v2\/media?parent=197919"}],"wp:term":[{"taxonomy":"product_brand","embeddable":true,"href":"https:\/\/aromasentia.com\/da\/wp-json\/wp\/v2\/product_brand?post=197919"},{"taxonomy":"product_cat","embeddable":true,"href":"https:\/\/aromasentia.com\/da\/wp-json\/wp\/v2\/product_cat?post=197919"},{"taxonomy":"product_tag","embeddable":true,"href":"https:\/\/aromasentia.com\/da\/wp-json\/wp\/v2\/product_tag?post=197919"}],"curies":[{"name":"wp","href":"https:\/\/api.w.org\/{rel}","templated":true}]}}