{"id":197906,"date":"2025-03-22T16:59:02","date_gmt":"2025-03-22T16:59:02","guid":{"rendered":"https:\/\/aromasentia.com\/product\/cranberry-pure-fragrance-oil-500ml\/"},"modified":"2025-06-22T03:07:02","modified_gmt":"2025-06-22T03:07:02","slug":"tranebaer-ren-duftolie-500ml","status":"publish","type":"product","link":"https:\/\/aromasentia.com\/da\/tranebaer-ren-duftolie-500ml\/","title":{"rendered":"Traneb\u00e6r Ren Duftolie &#8211; 500ml"},"content":{"rendered":"<p>Fyld dit rum med den s\u00f8de og let syrlige aroma af traneb\u00e6r med denne gener\u00f8se 500 ml rene duftolie. Denne olie er perfekt til brug i oliebr\u00e6ndere, diffusorer eller til fremstilling af dine egne duftprodukter, og den giver en langvarig og frugtagtig duft.<\/p>\n","protected":false},"excerpt":{"rendered":"<p>Fyld dit rum med den s\u00f8de og let syrlige aroma af traneb\u00e6r med denne gener\u00f8se 500 ml rene duftolie. Denne olie er perfekt til brug i oliebr\u00e6ndere, diffusorer eller til fremstilling af dine egne duftprodukter, og den giver en langvarig og frugtagtig duft.<\/p>\n","protected":false},"featured_media":388756,"comment_status":"closed","ping_status":"open","template":"","meta":[],"product_brand":[],"product_cat":[6153,6158],"product_tag":[],"class_list":{"0":"post-197906","1":"product","2":"type-product","3":"status-publish","4":"has-post-thumbnail","6":"product_cat-aromaterapi-og-rumdufte","7":"product_cat-duftolier","8":"pa_collection-pure-fragrance-oils-500ml-da","9":"pa_made-in-storbritannien","10":"pa_size-500ml","12":"first","13":"outofstock","14":"purchasable","15":"product-type-simple"},"supplier_id":null,"supplier_sku":"FOBP-151","barcode":null,"atum_controlled":true,"out_stock_date":"2025-11-21 10:38:08","out_stock_threshold":null,"inheritable":false,"inbound_stock":null,"stock_on_hold":0,"sold_today":0,"sales_last_days":0,"reserved_stock":null,"customer_returns":null,"warehouse_damage":null,"lost_in_post":null,"other_logs":null,"out_stock_days":76,"lost_sales":0,"has_location":null,"update_date":"2026-02-06T00:01:01","atum_locations":[],"atum_stock_status":"outofstock","restock_status":false,"low_stock_amount":"","sales_update_date":"2026-02-06T00:01:01","calc_backorders":null,"_links":{"self":[{"href":"https:\/\/aromasentia.com\/da\/wp-json\/wp\/v2\/product\/197906","targetHints":{"allow":["GET"]}}],"collection":[{"href":"https:\/\/aromasentia.com\/da\/wp-json\/wp\/v2\/product"}],"about":[{"href":"https:\/\/aromasentia.com\/da\/wp-json\/wp\/v2\/types\/product"}],"replies":[{"embeddable":true,"href":"https:\/\/aromasentia.com\/da\/wp-json\/wp\/v2\/comments?post=197906"}],"version-history":[{"count":0,"href":"https:\/\/aromasentia.com\/da\/wp-json\/wp\/v2\/product\/197906\/revisions"}],"wp:featuredmedia":[{"embeddable":true,"href":"https:\/\/aromasentia.com\/da\/wp-json\/wp\/v2\/media\/388756"}],"wp:attachment":[{"href":"https:\/\/aromasentia.com\/da\/wp-json\/wp\/v2\/media?parent=197906"}],"wp:term":[{"taxonomy":"product_brand","embeddable":true,"href":"https:\/\/aromasentia.com\/da\/wp-json\/wp\/v2\/product_brand?post=197906"},{"taxonomy":"product_cat","embeddable":true,"href":"https:\/\/aromasentia.com\/da\/wp-json\/wp\/v2\/product_cat?post=197906"},{"taxonomy":"product_tag","embeddable":true,"href":"https:\/\/aromasentia.com\/da\/wp-json\/wp\/v2\/product_tag?post=197906"}],"curies":[{"name":"wp","href":"https:\/\/api.w.org\/{rel}","templated":true}]}}